{"id":22358,"date":"2024-04-09T20:57:38","date_gmt":"2024-04-09T18:57:38","guid":{"rendered":"https:\/\/monraspberry.com\/?page_id=22358"},"modified":"2024-04-15T10:16:22","modified_gmt":"2024-04-15T08:16:22","slug":"compte-professionnel","status":"publish","type":"page","link":"https:\/\/monraspberry.com\/es\/compte-professionnel\/","title":{"rendered":"Compte professionnel"},"content":{"rendered":"<div data-elementor-type=\"wp-page\" data-elementor-id=\"22358\" class=\"elementor elementor-22358\">\n\t\t\t\t<div class=\"elementor-element elementor-element-0d022df e-flex e-con-boxed e-con e-parent\" data-id=\"0d022df\" data-element_type=\"container\" data-e-type=\"container\">\r\n\t\t\t\t\t<div class=\"e-con-inner\">\r\n\t\t<div class=\"elementor-element elementor-element-397c52f e-con-full e-flex e-con e-child\" data-id=\"397c52f\" data-element_type=\"container\" data-e-type=\"container\">\r\n\t\t\t\t<div class=\"elementor-element elementor-element-24a727f elementor-widget elementor-widget-heading\" data-id=\"24a727f\" data-element_type=\"widget\" data-e-type=\"widget\" data-widget_type=\"heading.default\">\n\t\t\t\t\t<h2 class=\"elementor-heading-title elementor-size-default\">Les avantages<\/h2>\t\t\t\t<\/div>\n\t\t\t\t<div class=\"elementor-element elementor-element-d6c1662 elementor-widget elementor-widget-text-editor\" data-id=\"d6c1662\" data-element_type=\"widget\" data-e-type=\"widget\" data-widget_type=\"text-editor.default\">\n\t\t\t\t\t\t\t\t\t<p>En ouvrant un compte professionnel sur notre site web, vous b\u00e9n\u00e9ficierez de prix exclusifs en fonction de votre statut et du montant de vos achats. De plus, nous offrons la possibilit\u00e9 de mettre en place des remises ultra-exclusives si vous \u00eates orient\u00e9 vers un produit ou une gamme sp\u00e9cifique.<\/p><p>Par ailleurs, nous proposons la possibilit\u00e9 d&#8217;envoyer directement votre bon de commande depuis votre compte sur notre site web.<\/p>\t\t\t\t\t\t\t\t<\/div>\n\t\t\t\t<div class=\"elementor-element elementor-element-e65fbcb elementor-widget elementor-widget-heading\" data-id=\"e65fbcb\" data-element_type=\"widget\" data-e-type=\"widget\" data-widget_type=\"heading.default\">\n\t\t\t\t\t<h2 class=\"elementor-heading-title elementor-size-default\">Moyens de paiement<\/h2>\t\t\t\t<\/div>\n\t\t\t\t<div class=\"elementor-element elementor-element-b198170 elementor-widget elementor-widget-text-editor\" data-id=\"b198170\" data-element_type=\"widget\" data-e-type=\"widget\" data-widget_type=\"text-editor.default\">\n\t\t\t\t\t\t\t\t\t<p>Lorsque vous ouvrez un compte professionnel chez nous, vous avez la possibilit\u00e9 de r\u00e9gler vos achats par :<\/p><ul><li>Transferencia bancaria<\/li><li>Tarjeta de cr\u00e9dito<\/li><li>PayPal<\/li><li>Mandato administrativo<\/li><li>Sur devis<\/li><li>\u00c0 30 jours, selon votre profil<\/li><\/ul>\t\t\t\t\t\t\t\t<\/div>\n\t\t\t\t<div class=\"elementor-element elementor-element-cc162f2 elementor-widget elementor-widget-heading\" data-id=\"cc162f2\" data-element_type=\"widget\" data-e-type=\"widget\" data-widget_type=\"heading.default\">\n\t\t\t\t\t<h2 class=\"elementor-heading-title elementor-size-default\">D\u00e9lai de traitement<\/h2>\t\t\t\t<\/div>\n\t\t\t\t<div class=\"elementor-element elementor-element-145e139 elementor-widget elementor-widget-text-editor\" data-id=\"145e139\" data-element_type=\"widget\" data-e-type=\"widget\" data-widget_type=\"text-editor.default\">\n\t\t\t\t\t\t\t\t\t<p>Nous traitons les demandes d&#8217;ouverture de compte professionnel sous 1 jour ouvr\u00e9. En attendant l&#8217;ouverture d\u00e9finitive de votre compte professionnel, vous pouvez tout de m\u00eame passer commande sur notre site web.<\/p>\t\t\t\t\t\t\t\t<\/div>\n\t\t\t\t<div class=\"elementor-element elementor-element-2f9fb7a elementor-widget elementor-widget-heading\" data-id=\"2f9fb7a\" data-element_type=\"widget\" data-e-type=\"widget\" data-widget_type=\"heading.default\">\n\t\t\t\t\t<h2 class=\"elementor-heading-title elementor-size-default\">La facturation<\/h2>\t\t\t\t<\/div>\n\t\t\t\t<div class=\"elementor-element elementor-element-82e7e2b elementor-widget elementor-widget-text-editor\" data-id=\"82e7e2b\" data-element_type=\"widget\" data-e-type=\"widget\" data-widget_type=\"text-editor.default\">\n\t\t\t\t\t\t\t\t\t<p>Nous produisons les factures d\u00e8s l&#8217;exp\u00e9dition du mat\u00e9riel. Vous recevrez alors le document par e-mail. En parall\u00e8le, toutes vos factures peuvent \u00e9galement \u00eatre retrouv\u00e9es sur votre espace personnel dans la section &#8220;Mes factures&#8221;.<\/p>\t\t\t\t\t\t\t\t<\/div>\n\t\t\t\t<div class=\"elementor-element elementor-element-ec16b1e elementor-widget elementor-widget-heading\" data-id=\"ec16b1e\" data-element_type=\"widget\" data-e-type=\"widget\" data-widget_type=\"heading.default\">\n\t\t\t\t\t<h2 class=\"elementor-heading-title elementor-size-default\">Validit\u00e9 du compte<\/h2>\t\t\t\t<\/div>\n\t\t\t\t<div class=\"elementor-element elementor-element-3ec8b70 elementor-widget elementor-widget-text-editor\" data-id=\"3ec8b70\" data-element_type=\"widget\" data-e-type=\"widget\" data-widget_type=\"text-editor.default\">\n\t\t\t\t\t\t\t\t\t<p>Votre compte professionnel est permanent et n&#8217;expire pas. La seule exigence pour maintenir ce statut est de passer au moins une commande par an.<\/p>\t\t\t\t\t\t\t\t<\/div>\n\t\t\t\t<\/div>\n\t\t<div class=\"elementor-element elementor-element-adf5753 e-con-full e-flex e-con e-child\" data-id=\"adf5753\" data-element_type=\"container\" data-e-type=\"container\">\r\n\t\t\t\t<div class=\"elementor-element elementor-element-2259668 elementor-widget elementor-widget-shortcode\" data-id=\"2259668\" data-element_type=\"widget\" data-e-type=\"widget\" data-widget_type=\"shortcode.default\">\n\t\t\t\t\t\t\t<div class=\"elementor-shortcode\">\n<div class=\"wpcf7 no-js\" id=\"wpcf7-f22502-o1\" lang=\"fr-FR\" dir=\"ltr\" data-wpcf7-id=\"22502\">\n<div class=\"screen-reader-response\"><p role=\"status\" aria-live=\"polite\" aria-atomic=\"true\"><\/p> <ul><\/ul><\/div>\n<form action=\"\/es\/wp-json\/wp\/v2\/pages\/22358#wpcf7-f22502-o1\" method=\"post\" class=\"wpcf7-form init\" aria-label=\"Formulaire de contact\" enctype=\"multipart\/form-data\" novalidate=\"novalidate\" data-status=\"init\" data-trp-original-action=\"\/es\/wp-json\/wp\/v2\/pages\/22358#wpcf7-f22502-o1\">\n<fieldset class=\"hidden-fields-container\"><input type=\"hidden\" name=\"_wpcf7\" value=\"22502\" \/><input type=\"hidden\" name=\"_wpcf7_version\" value=\"6.1.5\" \/><input type=\"hidden\" name=\"_wpcf7_locale\" value=\"fr_FR\" \/><input type=\"hidden\" name=\"_wpcf7_unit_tag\" value=\"wpcf7-f22502-o1\" \/><input type=\"hidden\" name=\"_wpcf7_container_post\" value=\"0\" \/><input type=\"hidden\" name=\"_wpcf7_posted_data_hash\" value=\"\" \/>\n<\/fieldset>\n<label> Nom complet\n    <span class=\"wpcf7-form-control-wrap\" data-name=\"your-name\"><input size=\"40\" maxlength=\"400\" class=\"wpcf7-form-control wpcf7-text wpcf7-validates-as-required\" autocomplete=\"name\" aria-required=\"true\" aria-invalid=\"false\" value=\"\" type=\"text\" name=\"your-name\" \/><\/span> <\/label>\n\n<label> E-mail\n    <span class=\"wpcf7-form-control-wrap\" data-name=\"your-email\"><input size=\"40\" maxlength=\"400\" class=\"wpcf7-form-control wpcf7-email wpcf7-validates-as-required wpcf7-text wpcf7-validates-as-email\" autocomplete=\"email\" aria-required=\"true\" aria-invalid=\"false\" value=\"\" type=\"email\" name=\"your-email\" \/><\/span> <\/label>\n\n<label> T\u00e9l\u00e9phone\n<span class=\"wpcf7-form-control-wrap\" data-name=\"Telephone\"><input size=\"40\" maxlength=\"400\" class=\"wpcf7-form-control wpcf7-tel wpcf7-validates-as-required wpcf7-text wpcf7-validates-as-tel\" aria-required=\"true\" aria-invalid=\"false\" value=\"\" type=\"tel\" name=\"Telephone\" \/><\/span> <\/label>\n\n<label> Soci\u00e9t\u00e9\n    <span class=\"wpcf7-form-control-wrap\" data-name=\"Societe\"><input size=\"40\" maxlength=\"400\" class=\"wpcf7-form-control wpcf7-text wpcf7-validates-as-required\" aria-required=\"true\" aria-invalid=\"false\" value=\"\" type=\"text\" name=\"Societe\" \/><\/span> <\/label>\n\n<label> Votre adresse (en une ligne)\n    <span class=\"wpcf7-form-control-wrap\" data-name=\"Adresse\"><input size=\"40\" maxlength=\"400\" class=\"wpcf7-form-control wpcf7-text wpcf7-validates-as-required\" aria-required=\"true\" aria-invalid=\"false\" value=\"\" type=\"text\" name=\"Adresse\" \/><\/span> <\/label>\n\n<label> N\u00b0 de TVA\n    <span class=\"wpcf7-form-control-wrap\" data-name=\"TVA\"><input size=\"40\" maxlength=\"400\" class=\"wpcf7-form-control wpcf7-text wpcf7-validates-as-required\" aria-required=\"true\" aria-invalid=\"false\" value=\"\" type=\"text\" name=\"TVA\" \/><\/span> <\/label>\n\n<label> N\u00b0 de SIRET\n    <span class=\"wpcf7-form-control-wrap\" data-name=\"Siret\"><input size=\"40\" maxlength=\"400\" class=\"wpcf7-form-control wpcf7-text wpcf7-validates-as-required\" aria-required=\"true\" aria-invalid=\"false\" value=\"\" type=\"text\" name=\"Siret\" \/><\/span> <\/label>\n\n<label> Vous \u00eates ?\n<span class=\"wpcf7-form-control-wrap\" data-name=\"type\"><select class=\"wpcf7-form-control wpcf7-select wpcf7-validates-as-required\" aria-required=\"true\" aria-invalid=\"false\" name=\"type\"><option value=\"\">&#8212;Veuillez choisir une option&#8212;<\/option><option value=\"Un int\u00e9grateur\">Un int\u00e9grateur<\/option><option value=\"Un revendeur\">Un revendeur<\/option><option value=\"Un \u00e9tablissement public\">Un \u00e9tablissement public<\/option><option value=\"Un client final\">Un client final<\/option><option value=\"Autre\">Autre<\/option><\/select><\/span>\n\n<label> Ins\u00e9rez un KBIS ou un document l\u00e9gal de votre entreprise\n<span class=\"wpcf7-form-control-wrap\" data-name=\"doclgal\"><input size=\"40\" class=\"wpcf7-form-control wpcf7-file wpcf7-validates-as-required\" accept=\"audio\/*,video\/*,image\/*\" aria-required=\"true\" aria-invalid=\"false\" type=\"file\" name=\"doclgal\" \/><\/span>\n\n<label> Mensaje (opcional)\n    <span class=\"wpcf7-form-control-wrap\" data-name=\"your-message\"><textarea cols=\"40\" rows=\"10\" maxlength=\"2000\" class=\"wpcf7-form-control wpcf7-textarea\" aria-invalid=\"false\" name=\"your-message\"><\/textarea><\/span> <\/label>\n\n<input class=\"wpcf7-form-control wpcf7-submit has-spinner\" type=\"submit\" value=\"Enviar\" \/><div class=\"wpcf7-response-output\" aria-hidden=\"true\"><\/div>\n<input type=\"hidden\" name=\"trp-form-language\" value=\"es\"\/><\/form>\n<\/div>\n<\/div>\n\t\t\t\t\t\t<\/div>\n\t\t\t\t<\/div>\n\t\t\t\t\t<\/div>\n\t\t\t\t<\/div>\n\t\t\t\t<\/div>","protected":false},"excerpt":{"rendered":"<p>Les avantages En ouvrant un compte professionnel sur notre site web, vous b\u00e9n\u00e9ficierez de prix exclusifs en fonction de votre statut et du montant de vos achats. De plus, nous offrons la possibilit\u00e9 de mettre en place des remises ultra-exclusives si vous \u00eates orient\u00e9 vers un produit ou une gamme sp\u00e9cifique. Par ailleurs, nous proposons [&hellip;]<\/p>\n","protected":false},"author":1,"featured_media":0,"parent":0,"menu_order":0,"comment_status":"closed","ping_status":"closed","template":"","meta":{"footnotes":""},"class_list":["post-22358","page","type-page","status-publish","hentry"],"jetpack_sharing_enabled":true,"_links":{"self":[{"href":"https:\/\/monraspberry.com\/es\/wp-json\/wp\/v2\/pages\/22358","targetHints":{"allow":["GET"]}}],"collection":[{"href":"https:\/\/monraspberry.com\/es\/wp-json\/wp\/v2\/pages"}],"about":[{"href":"https:\/\/monraspberry.com\/es\/wp-json\/wp\/v2\/types\/page"}],"author":[{"embeddable":true,"href":"https:\/\/monraspberry.com\/es\/wp-json\/wp\/v2\/users\/1"}],"replies":[{"embeddable":true,"href":"https:\/\/monraspberry.com\/es\/wp-json\/wp\/v2\/comments?post=22358"}],"version-history":[{"count":0,"href":"https:\/\/monraspberry.com\/es\/wp-json\/wp\/v2\/pages\/22358\/revisions"}],"wp:attachment":[{"href":"https:\/\/monraspberry.com\/es\/wp-json\/wp\/v2\/media?parent=22358"}],"curies":[{"name":"wp","href":"https:\/\/api.w.org\/{rel}","templated":true}]}}