{"id":22300,"date":"2024-04-09T14:23:37","date_gmt":"2024-04-09T12:23:37","guid":{"rendered":"https:\/\/monraspberry.com\/?page_id=22300"},"modified":"2025-07-28T11:39:16","modified_gmt":"2025-07-28T09:39:16","slug":"entregas-y-devoluciones","status":"publish","type":"page","link":"https:\/\/monraspberry.com\/es\/livraisons-et-retours\/","title":{"rendered":"Entregas y devoluciones"},"content":{"rendered":"<p>Env\u00edo del paquete<\/p>\n\n\n\n<p>Por lo general, los paquetes se env\u00edan en un plazo de 24\/48 horas tras la recepci\u00f3n del pago. El m\u00e9todo de env\u00edo se elige en el momento de realizar el pedido. Sea cual sea el m\u00e9todo de env\u00edo que elija, le proporcionaremos un enlace para realizar el seguimiento del paquete en l\u00ednea. Los gastos de env\u00edo incluyen los gastos de manipulaci\u00f3n y embalaje, as\u00ed como los gastos de env\u00edo. Los gastos de manipulaci\u00f3n son fijos, mientras que los de transporte var\u00edan en funci\u00f3n del peso total del env\u00edo. Le aconsejamos que agrupe sus art\u00edculos en un solo pedido. No podemos agrupar dos pedidos distintos realizados por separado, y los gastos de env\u00edo se aplicar\u00e1n a cada uno de ellos. Su paquete se enviar\u00e1 por su cuenta y riesgo, pero se pone especial cuidado en proteger los objetos fr\u00e1giles. Las cajas son de tama\u00f1o generoso y sus art\u00edculos est\u00e1n bien protegidos.<\/p>\n\n\n\n<p>Garant\u00eda incondicional de devoluci\u00f3n<\/p>\n\n\n\n<p>Si el material entregado por el sitio monraspberry.com no responde a las necesidades t\u00e9cnicas del comprador, podr\u00e1 ser devuelto a Envytech en un plazo m\u00e1ximo de 14 d\u00edas a partir de la fecha de emisi\u00f3n del albar\u00e1n de entrega; transcurrido este plazo, ya no se aplicar\u00e1 la garant\u00eda incondicional de devoluci\u00f3n. El comprador deber\u00e1 solicitar previamente un n\u00famero de autorizaci\u00f3n de devoluci\u00f3n, que deber\u00e1 figurar en el paquete devuelto y que correr\u00e1 a cargo del comprador. El comprador deber\u00e1 devolver el equipo en su embalaje original, sin ninguna marca externa (acompa\u00f1ado de las instrucciones, todos los accesorios y una copia del albar\u00e1n de entrega y de la autorizaci\u00f3n de devoluci\u00f3n concedida). El incumplimiento de esta norma dar\u00e1 lugar al cobro al comprador de un importe igual a 30% del precio de compra del producto, m\u00e1s los gastos de reparaci\u00f3n si el equipo estuviera da\u00f1ado.<\/p>\n\n\n\n<p>Las devoluciones deben enviarse a esta direcci\u00f3n:<\/p>\n\n\n\n<p>ENVYTECH<\/p>\n\n\n\n<p>184 route de Rambouillet, 78125 SAINT-HILARION<\/p>\n\n\n\n<p>FRANCIA<\/p>","protected":false},"excerpt":{"rendered":"<p>L\u2019envoi de votre colis Les colis sont g\u00e9n\u00e9ralement exp\u00e9di\u00e9s sous 24\/48 heures apr\u00e8s r\u00e9ception de votre paiement. Le mode d\u2019exp\u00e9dition est choisi au moment de la commande. Quel que soit le mode d\u2019exp\u00e9dition choisi, nous pourrons vous fournir un lien qui vous permettra de suivre votre colis en ligne. Les frais d\u2019exp\u00e9dition comprennent les frais [&hellip;]<\/p>\n","protected":false},"author":1,"featured_media":0,"parent":0,"menu_order":0,"comment_status":"closed","ping_status":"closed","template":"","meta":{"footnotes":""},"class_list":["post-22300","page","type-page","status-publish","hentry"],"jetpack_sharing_enabled":true,"_links":{"self":[{"href":"https:\/\/monraspberry.com\/es\/wp-json\/wp\/v2\/pages\/22300","targetHints":{"allow":["GET"]}}],"collection":[{"href":"https:\/\/monraspberry.com\/es\/wp-json\/wp\/v2\/pages"}],"about":[{"href":"https:\/\/monraspberry.com\/es\/wp-json\/wp\/v2\/types\/page"}],"author":[{"embeddable":true,"href":"https:\/\/monraspberry.com\/es\/wp-json\/wp\/v2\/users\/1"}],"replies":[{"embeddable":true,"href":"https:\/\/monraspberry.com\/es\/wp-json\/wp\/v2\/comments?post=22300"}],"version-history":[{"count":0,"href":"https:\/\/monraspberry.com\/es\/wp-json\/wp\/v2\/pages\/22300\/revisions"}],"wp:attachment":[{"href":"https:\/\/monraspberry.com\/es\/wp-json\/wp\/v2\/media?parent=22300"}],"curies":[{"name":"wp","href":"https:\/\/api.w.org\/{rel}","templated":true}]}}