{"id":24732,"date":"2024-11-05T15:36:51","date_gmt":"2024-11-05T14:36:51","guid":{"rendered":"https:\/\/monraspberry.com\/?page_id=24732"},"modified":"2025-08-07T09:36:08","modified_gmt":"2025-08-07T07:36:08","slug":"our-services","status":"publish","type":"page","link":"https:\/\/monraspberry.com\/en\/nos-services\/","title":{"rendered":"Our services"},"content":{"rendered":"\t\t<div data-elementor-type=\"wp-page\" data-elementor-id=\"24732\" class=\"elementor elementor-24732\">\n\t\t\t\t<div class=\"elementor-element elementor-element-4e4b7d6 e-flex e-con-boxed e-con e-parent\" data-id=\"4e4b7d6\" data-element_type=\"container\" data-e-type=\"container\">\r\n\t\t\t\t\t<div class=\"e-con-inner\">\r\n\t\t\t\t<div class=\"elementor-element elementor-element-1f452dc elementor-widget elementor-widget-heading\" data-id=\"1f452dc\" data-element_type=\"widget\" data-e-type=\"widget\" data-widget_type=\"heading.default\">\n\t\t\t\t\t<h1 class=\"elementor-heading-title elementor-size-default\">Nos services<\/h1>\t\t\t\t<\/div>\n\t\t\t\t\t<\/div>\n\t\t\t\t<\/div>\n\t\t\t\t<section class=\"elementor-section elementor-top-section elementor-element elementor-element-3e8b29c elementor-section-full_width elementor-section-content-middle elementor-section-height-default elementor-section-height-default\" data-id=\"3e8b29c\" data-element_type=\"section\" data-e-type=\"section\">\r\n\t\t\r\n\t\t\t\t\t\t\t<div class=\"elementor-container elementor-column-gap-default\">\r\n\t\t\t\t\t\t\t\t\t\t\t<div class=\"elementor-column elementor-col-50 elementor-top-column elementor-element elementor-element-8a0361c\" data-id=\"8a0361c\" data-element_type=\"column\" data-e-type=\"column\">\r\n\t\t\t\t\t<div class=\"elementor-widget-wrap elementor-element-populated\">\r\n\t\t\t\t\t\t\t\t<div class=\"elementor-element elementor-element-6276319 elementor-widget elementor-widget-wp-widget-media_image\" data-id=\"6276319\" data-element_type=\"widget\" data-e-type=\"widget\" data-widget_type=\"wp-widget-media_image.default\">\n\t\t\t\t<div class=\"elementor-widget-container\">\n\t\t\t\t\t<img loading=\"lazy\" decoding=\"async\" class=\"image \" src=\"https:\/\/monraspberry.com\/wp-content\/uploads\/2023\/07\/LOGO-MONRASPBERRY.webp\" alt=\"\" width=\"800\" height=\"600\" title=\"\">\t\t\t\t<\/div>\n\t\t\t\t<\/div>\n\t\t\t\t\t<\/div>\r\n\t\t\t\t<\/div>\r\n\t\t\t\t<div class=\"elementor-column elementor-col-50 elementor-top-column elementor-element elementor-element-a992fa3\" data-id=\"a992fa3\" data-element_type=\"column\" data-e-type=\"column\">\r\n\t\t\t\t\t<div class=\"elementor-widget-wrap elementor-element-populated\">\r\n\t\t\t\t\t\t\t\t<div class=\"elementor-element elementor-element-fd0a07b elementor-widget elementor-widget-heading\" data-id=\"fd0a07b\" data-element_type=\"widget\" data-e-type=\"widget\" data-widget_type=\"heading.default\">\n\t\t\t\t\t<h2 class=\"elementor-heading-title elementor-size-default\">Qui sommes-nous ?<\/h2>\t\t\t\t<\/div>\n\t\t\t\t<div class=\"elementor-element elementor-element-7c29741 elementor-widget elementor-widget-text-editor\" data-id=\"7c29741\" data-element_type=\"widget\" data-e-type=\"widget\" data-widget_type=\"text-editor.default\">\n\t\t\t\t\t\t\t\t\t<p>Bienvenue chez MonRaspberry.com, votre partenaire privil\u00e9gi\u00e9 pour tous vos projets bas\u00e9s sur le Raspberry Pi. Nous proposons une gamme compl\u00e8te de services personnalis\u00e9s pour r\u00e9pondre aux besoins des particuliers, des entreprises et des \u00e9tablissements \u00e9ducatifs. Notre expertise vous garantit des solutions innovantes et adapt\u00e9es \u00e0 vos exigences technologiques.<\/p>\t\t\t\t\t\t\t\t<\/div>\n\t\t\t\t\t<\/div>\r\n\t\t\t\t<\/div>\r\n\t\t\t\t\t<\/div>\r\n\t\t\t\t<\/section>\r\n\t\t\t\t<section class=\"porto-full-no-gap elementor-section elementor-top-section elementor-element elementor-element-fcfe96e elementor-section-full_width elementor-section-height-default elementor-section-height-default\" data-id=\"fcfe96e\" data-element_type=\"section\" data-e-type=\"section\">\r\n\t\t\r\n\t\t\t\t\t\t\t<div class=\"elementor-container elementor-column-gap-no\">\r\n\t\t\t\t\t\t\t\t\t\t\t<div class=\"elementor-column elementor-col-100 elementor-top-column elementor-element elementor-element-1378ae9\" data-id=\"1378ae9\" data-element_type=\"column\" data-e-type=\"column\">\r\n\t\t\t\t\t<div class=\"elementor-widget-wrap elementor-element-populated\">\r\n\t\t\t\t\t\t\t\t<div class=\"elementor-element elementor-element-ea8b6cf elementor-widget-divider--view-line elementor-widget elementor-widget-divider\" data-id=\"ea8b6cf\" data-element_type=\"widget\" data-e-type=\"widget\" data-widget_type=\"divider.default\">\n\t\t\t\t\t\t\t<div class=\"elementor-divider\">\n\t\t\t<span class=\"elementor-divider-separator\">\n\t\t\t\t\t\t<\/span>\n\t\t<\/div>\n\t\t\t\t\t\t<\/div>\n\t\t\t\t\t<\/div>\r\n\t\t\t\t<\/div>\r\n\t\t\t\t\t<\/div>\r\n\t\t\t\t<\/section>\r\n\t\t\t\t<section class=\"elementor-section elementor-top-section elementor-element elementor-element-3a6d8a5 elementor-section-full_width elementor-section-height-default elementor-section-height-default\" data-id=\"3a6d8a5\" data-element_type=\"section\" data-e-type=\"section\">\r\n\t\t\r\n\t\t\t\t\t\t\t<div class=\"elementor-container elementor-column-gap-default\">\r\n\t\t\t\t\t\t\t\t\t\t\t<div class=\"elementor-column elementor-col-33 elementor-top-column elementor-element elementor-element-9797c2f\" data-id=\"9797c2f\" data-element_type=\"column\" data-e-type=\"column\">\r\n\t\t\t\t\t<div class=\"elementor-widget-wrap elementor-element-populated\">\r\n\t\t\t\t\t\t\t\t<div class=\"elementor-element elementor-element-d71e40c elementor-widget elementor-widget-porto_ultimate_heading\" data-id=\"d71e40c\" data-element_type=\"widget\" data-e-type=\"widget\" data-widget_type=\"porto_ultimate_heading.default\">\n\t\t\t\t\t<div class=\"porto-u-heading  porto-u-7cde7bb859728a21207628191890e260\"><div class=\"porto-u-main-heading\"><h3    style=\"margin-bottom: 21px;\">Assemblage de Raspberry Pi<\/h3><\/div><div class=\"porto-u-sub-heading\" style=\"\">Nous proposons un service d\u2019assemblage complet pour votre Raspberry Pi, incluant l\u2019installation physique, la configuration logicielle et les optimisations n\u00e9cessaires pour un syst\u00e8me pr\u00eat \u00e0 l\u2019emploi. Gagnez du temps et d\u00e9marrez vos projets imm\u00e9diatement avec un Raspberry Pi test\u00e9 et configur\u00e9 selon vos besoins.<\/div><style>.porto-u-7cde7bb859728a21207628191890e260.porto-u-heading{text-align:left}<\/style><\/div>\t\t\t\t<\/div>\n\t\t\t\t\t<\/div>\r\n\t\t\t\t<\/div>\r\n\t\t\t\t<div class=\"elementor-column elementor-col-33 elementor-top-column elementor-element elementor-element-ceef9cc\" data-id=\"ceef9cc\" data-element_type=\"column\" data-e-type=\"column\">\r\n\t\t\t\t\t<div class=\"elementor-widget-wrap elementor-element-populated\">\r\n\t\t\t\t\t\t\t\t<div class=\"elementor-element elementor-element-4a6ccc3 elementor-widget elementor-widget-porto_ultimate_heading\" data-id=\"4a6ccc3\" data-element_type=\"widget\" data-e-type=\"widget\" data-widget_type=\"porto_ultimate_heading.default\">\n\t\t\t\t\t<div class=\"porto-u-heading  porto-u-7cde7bb859728a21207628191890e260\"><div class=\"porto-u-main-heading\"><h3    style=\"margin-bottom: 21px;\">Duplication \/ Flash de cartes SD<\/h3><\/div><div class=\"porto-u-sub-heading\" style=\"\">Nous proposons un service professionnel de duplication et de flash de cartes SD pour Raspberry Pi. Que vous ayez besoin d\u2019une seule carte ou d\u2019une grande s\u00e9rie, nous pr\u00e9parons vos supports avec le syst\u00e8me d\u2019exploitation ou l\u2019image personnalis\u00e9e de votre choix, garantissant des performances optimales et une configuration pr\u00eate \u00e0 l\u2019emploi.<\/div><style>.porto-u-7cde7bb859728a21207628191890e260.porto-u-heading{text-align:left}<\/style><\/div>\t\t\t\t<\/div>\n\t\t\t\t\t<\/div>\r\n\t\t\t\t<\/div>\r\n\t\t\t\t<div class=\"elementor-column elementor-col-33 elementor-top-column elementor-element elementor-element-bb2041c\" data-id=\"bb2041c\" data-element_type=\"column\" data-e-type=\"column\">\r\n\t\t\t\t\t<div class=\"elementor-widget-wrap elementor-element-populated\">\r\n\t\t\t\t\t\t\t\t<div class=\"elementor-element elementor-element-da39405 elementor-widget elementor-widget-porto_ultimate_heading\" data-id=\"da39405\" data-element_type=\"widget\" data-e-type=\"widget\" data-widget_type=\"porto_ultimate_heading.default\">\n\t\t\t\t\t<div class=\"porto-u-heading  porto-u-7cde7bb859728a21207628191890e260\"><div class=\"porto-u-main-heading\"><h3    style=\"margin-bottom: 21px;\">Offres pour l'\u00e9ducation<\/h3><\/div><div class=\"porto-u-sub-heading\" style=\"\">Nous accompagnons les \u00e9tablissements scolaires, universit\u00e9s et organismes de formation avec des offres d\u00e9di\u00e9es autour du Raspberry Pi. Kits p\u00e9dagogiques, solutions cl\u00e9 en main et remises sp\u00e9ciales : tout est con\u00e7u pour faciliter l\u2019apprentissage de l\u2019informatique, de la programmation et de l\u2019\u00e9lectronique, du primaire jusqu\u2019\u00e0 l\u2019enseignement sup\u00e9rieur.<\/div><style>.porto-u-7cde7bb859728a21207628191890e260.porto-u-heading{text-align:left}<\/style><\/div>\t\t\t\t<\/div>\n\t\t\t\t\t<\/div>\r\n\t\t\t\t<\/div>\r\n\t\t\t\t\t<\/div>\r\n\t\t\t\t<\/section>\r\n\t\t\t\t<section class=\"elementor-section elementor-top-section elementor-element elementor-element-b7da080 elementor-section-full_width elementor-section-height-default elementor-section-height-default\" data-id=\"b7da080\" data-element_type=\"section\" data-e-type=\"section\" data-settings=\"{&quot;background_background&quot;:&quot;classic&quot;}\">\r\n\t\t\r\n\t\t\t\t\t\t\t<div class=\"elementor-container elementor-column-gap-default\">\r\n\t\t\t\t\t\t\t\t\t\t\t<div class=\"elementor-column elementor-col-25 elementor-top-column elementor-element elementor-element-5840ffe\" data-id=\"5840ffe\" data-element_type=\"column\" data-e-type=\"column\">\r\n\t\t\t\t\t<div class=\"elementor-widget-wrap elementor-element-populated\">\r\n\t\t\t\t\t\t\t\t<div class=\"elementor-element elementor-element-cf26479 elementor-widget elementor-widget-porto_stat_counter\" data-id=\"cf26479\" data-element_type=\"widget\" data-e-type=\"widget\" data-widget_type=\"porto_stat_counter.default\">\n\t\t\t\t\t<div class=\"stats-block stats-top\"><div class=\"stats-desc\"><div id=\"counter_154340609369f17833d8f73\" data-id=\"counter_154340609369f17833d8f73\" class=\"stats-number\" style=\" \" data-speed=\"3\" data-counter-value=\"6000\" data-separator=\"none\" data-decimal=\"none\">0<\/div><div class=\"counter_suffix mycust\" style=\" \">+<\/div><div class=\"stats-text\" style=\"\">Kits assembl\u00e9s<\/div><\/div><script>\r\n\t( function() {\r\n\t\tvar porto_inc_counter_js = function() {\r\n\t\t\t( function( $ ) {\r\n\t\t\t\tif (typeof countUp == \"undefined\") {\r\n\t\t\t\t\tvar c = document.createElement(\"script\");\r\n\t\t\t\t\tc.src = \"https:\/\/monraspberry.com\/wp-content\/plugins\/porto-functionality\/shortcodes\/assets\/js\/countup.min.js\";\r\n\t\t\t\t\tif (!$('script[src=\"' + c.src + '\"]').length) {\r\n\t\t\t\t\t\tdocument.getElementsByTagName(\"body\")[0].appendChild(c);\r\n\t\t\t\t\t}\r\n\t\t\t\t\tc = document.createElement(\"script\");\r\n\t\t\t\t\tc.src = \"https:\/\/monraspberry.com\/wp-content\/plugins\/porto-functionality\/shortcodes\/assets\/js\/countup-loader.min.js\";\r\n\t\t\t\t\tif (!$('script[src=\"' + c.src + '\"]').length) {\r\n\t\t\t\t\t\tdocument.getElementsByTagName(\"body\")[0].appendChild(c);\r\n\t\t\t\t\t}\r\n\t\t\t\t}\r\n\t\t\t} )( jQuery );\r\n\t\t};\r\n\r\n\t\tif ( window.theme && theme.isLoaded ) {\r\n\t\t\tporto_inc_counter_js();\r\n\t\t} else {\r\n\t\t\twindow.addEventListener( 'load', porto_inc_counter_js );\r\n\t\t}\r\n\t} )();\r\n<\/script>\r\n<\/div>\t\t\t\t<\/div>\n\t\t\t\t\t<\/div>\r\n\t\t\t\t<\/div>\r\n\t\t\t\t<div class=\"elementor-column elementor-col-25 elementor-top-column elementor-element elementor-element-abcdca8\" data-id=\"abcdca8\" data-element_type=\"column\" data-e-type=\"column\">\r\n\t\t\t\t\t<div class=\"elementor-widget-wrap elementor-element-populated\">\r\n\t\t\t\t\t\t\t\t<div class=\"elementor-element elementor-element-1034ec6 elementor-widget elementor-widget-porto_stat_counter\" data-id=\"1034ec6\" data-element_type=\"widget\" data-e-type=\"widget\" data-widget_type=\"porto_stat_counter.default\">\n\t\t\t\t\t<div class=\"stats-block stats-top\"><div class=\"stats-desc\"><div class=\"counter_prefix mycust\" style=\" \">+<\/div><div id=\"counter_168136633669f17833d94f8\" data-id=\"counter_168136633669f17833d94f8\" class=\"stats-number\" style=\" \" data-speed=\"3\" data-counter-value=\"15000\" data-separator=\"none\" data-decimal=\"none\">0<\/div><div class=\"stats-text\" style=\"\">Cartes SD flash\u00e9es<\/div><\/div><\/div>\t\t\t\t<\/div>\n\t\t\t\t\t<\/div>\r\n\t\t\t\t<\/div>\r\n\t\t\t\t<div class=\"elementor-column elementor-col-25 elementor-top-column elementor-element elementor-element-d597c07\" data-id=\"d597c07\" data-element_type=\"column\" data-e-type=\"column\">\r\n\t\t\t\t\t<div class=\"elementor-widget-wrap elementor-element-populated\">\r\n\t\t\t\t\t\t\t\t<div class=\"elementor-element elementor-element-70888f2 elementor-widget elementor-widget-porto_stat_counter\" data-id=\"70888f2\" data-element_type=\"widget\" data-e-type=\"widget\" data-widget_type=\"porto_stat_counter.default\">\n\t\t\t\t\t<div class=\"stats-block stats-top\"><div class=\"stats-desc\"><div class=\"counter_prefix mycust\" style=\" \">+<\/div><div id=\"counter_111734933069f17833d9a30\" data-id=\"counter_111734933069f17833d9a30\" class=\"stats-number\" style=\" \" data-speed=\"3\" data-counter-value=\"50000\" data-separator=\"none\" data-decimal=\"none\">0<\/div><div class=\"stats-text\" style=\"\">Produits vendus<\/div><\/div><\/div>\t\t\t\t<\/div>\n\t\t\t\t\t<\/div>\r\n\t\t\t\t<\/div>\r\n\t\t\t\t<div class=\"elementor-column elementor-col-25 elementor-top-column elementor-element elementor-element-4e8913b\" data-id=\"4e8913b\" data-element_type=\"column\" data-e-type=\"column\">\r\n\t\t\t\t\t<div class=\"elementor-widget-wrap elementor-element-populated\">\r\n\t\t\t\t\t\t\t\t<div class=\"elementor-element elementor-element-1d6c6c2 elementor-widget elementor-widget-porto_stat_counter\" data-id=\"1d6c6c2\" data-element_type=\"widget\" data-e-type=\"widget\" data-widget_type=\"porto_stat_counter.default\">\n\t\t\t\t\t<div class=\"stats-block stats-top\"><div class=\"stats-desc\"><div id=\"counter_91274094069f17833d9f60\" data-id=\"counter_91274094069f17833d9f60\" class=\"stats-number\" style=\" \" data-speed=\"3\" data-counter-value=\"6\" data-separator=\"none\" data-decimal=\"none\">0<\/div><div class=\"counter_suffix mycust\" style=\" \">H<\/div><div class=\"stats-text\" style=\"\">Temps de r\u00e9ponse moyen<\/div><\/div><\/div>\t\t\t\t<\/div>\n\t\t\t\t\t<\/div>\r\n\t\t\t\t<\/div>\r\n\t\t\t\t\t<\/div>\r\n\t\t\t\t<\/section>\r\n\t\t\t\t<\/div>\n\t\t","protected":false},"excerpt":{"rendered":"<p>Nos services Qui sommes-nous ? Bienvenue chez MonRaspberry.com, votre partenaire privil\u00e9gi\u00e9 pour tous vos projets bas\u00e9s sur le Raspberry Pi. Nous proposons une gamme compl\u00e8te de services personnalis\u00e9s pour r\u00e9pondre aux besoins des particuliers, des entreprises et des \u00e9tablissements \u00e9ducatifs. Notre expertise vous garantit des solutions innovantes et adapt\u00e9es \u00e0 vos exigences technologiques. Assemblage de [&hellip;]<\/p>\n","protected":false},"author":1,"featured_media":0,"parent":0,"menu_order":0,"comment_status":"closed","ping_status":"closed","template":"","meta":{"footnotes":""},"class_list":["post-24732","page","type-page","status-publish","hentry"],"jetpack_sharing_enabled":true,"_links":{"self":[{"href":"https:\/\/monraspberry.com\/en\/wp-json\/wp\/v2\/pages\/24732","targetHints":{"allow":["GET"]}}],"collection":[{"href":"https:\/\/monraspberry.com\/en\/wp-json\/wp\/v2\/pages"}],"about":[{"href":"https:\/\/monraspberry.com\/en\/wp-json\/wp\/v2\/types\/page"}],"author":[{"embeddable":true,"href":"https:\/\/monraspberry.com\/en\/wp-json\/wp\/v2\/users\/1"}],"replies":[{"embeddable":true,"href":"https:\/\/monraspberry.com\/en\/wp-json\/wp\/v2\/comments?post=24732"}],"version-history":[{"count":0,"href":"https:\/\/monraspberry.com\/en\/wp-json\/wp\/v2\/pages\/24732\/revisions"}],"wp:attachment":[{"href":"https:\/\/monraspberry.com\/en\/wp-json\/wp\/v2\/media?parent=24732"}],"curies":[{"name":"wp","href":"https:\/\/api.w.org\/{rel}","templated":true}]}}