{"id":24239,"date":"2024-09-02T15:38:46","date_gmt":"2024-09-02T13:38:46","guid":{"rendered":"https:\/\/monraspberry.com\/?page_id=24239"},"modified":"2025-08-07T09:32:10","modified_gmt":"2025-08-07T07:32:10","slug":"crowpi","status":"publish","type":"page","link":"https:\/\/monraspberry.com\/en\/crowpi\/","title":{"rendered":"CrowPi"},"content":{"rendered":"<div data-elementor-type=\"wp-page\" data-elementor-id=\"24239\" class=\"elementor elementor-24239\">\n\t\t\t\t<div class=\"elementor-element elementor-element-b6086c7 e-flex e-con-boxed e-con e-parent\" data-id=\"b6086c7\" data-element_type=\"container\" data-e-type=\"container\">\r\n\t\t\t\t\t<div class=\"e-con-inner\">\r\n\t\t\t\t<div class=\"elementor-element elementor-element-7df59f3 elementor-position-left elementor-vertical-align-middle elementor-widget elementor-widget-image-box\" data-id=\"7df59f3\" data-element_type=\"widget\" data-e-type=\"widget\" data-widget_type=\"image-box.default\">\n\t\t\t\t\t<div class=\"elementor-image-box-wrapper\"><figure class=\"elementor-image-box-img\"><img loading=\"lazy\" decoding=\"async\" width=\"600\" height=\"600\" src=\"https:\/\/monraspberry.com\/wp-content\/uploads\/2024\/09\/CrowPi-Logo-carre.png\" class=\"attachment-full size-full wp-image-24240\" alt=\"\" title=\"\" srcset=\"https:\/\/monraspberry.com\/wp-content\/uploads\/2024\/09\/CrowPi-Logo-carre.png 600w, https:\/\/monraspberry.com\/wp-content\/uploads\/2024\/09\/CrowPi-Logo-carre-340x340.png 340w\" sizes=\"auto, (max-width: 600px) 100vw, 600px\" \/><\/figure><div class=\"elementor-image-box-content\"><h3 class=\"elementor-image-box-title\">Education <\/h3><p class=\"elementor-image-box-description\">CrowPi is an all-in-one educational platform designed to transform learning about electronics, programming and technological development into an interactive and accessible experience. Designed around the Raspberry Pi, CrowPi integrates a multitude of sensors, modules and tools into a compact, portable package, offering students, teachers and makers a complete environment for exploring, experimenting and creating. CrowPi is the ideal tool for educational establishments, makerspaces and technology enthusiasts wishing to deepen their knowledge in a fun, hands-on way.<\/p><\/div><\/div>\t\t\t\t<\/div>\n\t\t\t\t\t<\/div>\n\t\t\t\t<\/div>\n\t\t<div class=\"elementor-element elementor-element-4eefd52 e-flex e-con-boxed e-con e-parent\" data-id=\"4eefd52\" data-element_type=\"container\" data-e-type=\"container\">\r\n\t\t\t\t\t<div class=\"e-con-inner\">\r\n\t\t\t\t<div class=\"elementor-element elementor-element-6dd7caa elementor-widget elementor-widget-heading\" data-id=\"6dd7caa\" data-element_type=\"widget\" data-e-type=\"widget\" data-widget_type=\"heading.default\">\n\t\t\t\t\t<h2 class=\"elementor-heading-title elementor-size-default\">History and Philosophy <\/h2>\t\t\t\t<\/div>\n\t\t\t\t<div class=\"elementor-element elementor-element-3473f62 elementor-widget elementor-widget-text-editor\" data-id=\"3473f62\" data-element_type=\"widget\" data-e-type=\"widget\" data-widget_type=\"text-editor.default\">\n\t\t\t\t\t\t\t\t\t<h3>CrowPi is born:<\/h3><p>CrowPi was developed by Elecrow, a Chinese company specializing in educational solutions and technology products. The idea behind CrowPi was to make learning programming and electronics more accessible and engaging, by combining the power of the Raspberry Pi with an intuitive interface and integrated educational tools. The first CrowPi was launched via a crowdfunding campaign, meeting with immediate success thanks to its innovative approach and educational potential.<\/p><h3>A complete educational platform:<\/h3><p>What sets CrowPi apart from other educational kits is its ability to bring together all the tools needed to learn electronics and programming in a single, portable package. By integrating a wide range of sensors, displays, buttons and communication modules, CrowPi enables users to explore a variety of projects, from robotics and home automation to games and interactive applications. CrowPi's aim is to simplify hands-on learning, offering users a structured framework in which to experiment, while giving free rein to their creativity.<\/p><h3>A commitment to education:<\/h3><p>CrowPi is designed with a philosophy focused on practical, accessible education. Elecrow has designed the platform to meet the needs of teachers and students alike, offering comprehensive tutorials, step-by-step guides, and sample projects for each integrated module. CrowPi is used in schools, makerspaces and online training courses around the world, providing a valuable resource for those wishing to learn and teach the basics of electronics and coding.<\/p><h3>Key features :<\/h3><ul><li><strong>Comprehensive learning environment :<\/strong><br \/>CrowPi offers an all-in-one environment for hands-on learning, combining hardware and software in an easy-to-use kit. Users can explore a variety of subjects, from software development to physical electronics, with all the necessary hardware at their fingertips.<\/li><li><strong>Tutorials and ready-to-use projects :<\/strong><br \/>CrowPi kits come with an extensive library of tutorials and projects, tailored to different skill levels. Users can follow step-by-step guides to learn the basics or embark on more complex projects with confidence.<\/li><li><strong>Portable and versatile:<\/strong><br \/>CrowPi's compact, transportable case makes it perfect for use in the classroom, at home, or on the move. It offers unrivalled flexibility of use, enabling users to take it with them wherever they go.<\/li><\/ul>\t\t\t\t\t\t\t\t<\/div>\n\t\t\t\t\t<\/div>\n\t\t\t\t<\/div>\n\t\t<div class=\"elementor-element elementor-element-ffc5933 e-flex e-con-boxed e-con e-parent\" data-id=\"ffc5933\" data-element_type=\"container\" data-e-type=\"container\">\r\n\t\t\t\t\t<div class=\"e-con-inner\">\r\n\t\t\t\t<div class=\"elementor-element elementor-element-04b7495 elementor-widget elementor-widget-heading\" data-id=\"04b7495\" data-element_type=\"widget\" data-e-type=\"widget\" data-widget_type=\"heading.default\">\n\t\t\t\t\t<h2 class=\"elementor-heading-title elementor-size-default\">Products<\/h2>\t\t\t\t<\/div>\n\t\t\t\t\t<\/div>\n\t\t\t\t<\/div>\n\t\t<div class=\"elementor-element elementor-element-3e1558f e-flex e-con-boxed e-con e-parent\" data-id=\"3e1558f\" data-element_type=\"container\" data-e-type=\"container\">\r\n\t\t\t\t\t<div class=\"e-con-inner\">\r\n\t\t\t\t<div class=\"elementor-element elementor-element-2fe5352 elementor-widget elementor-widget-heading\" data-id=\"2fe5352\" data-element_type=\"widget\" data-e-type=\"widget\" data-widget_type=\"heading.default\">\n\t\t\t\t\t<h2 class=\"elementor-heading-title elementor-size-default\">Our brands<\/h2>\t\t\t\t<\/div>\n\t\t\t\t<div class=\"elementor-element elementor-element-5792428 elementor-pagination-position-outside elementor-widget elementor-widget-image-carousel\" data-id=\"5792428\" data-element_type=\"widget\" data-e-type=\"widget\" data-settings=\"{&quot;slides_to_show&quot;:&quot;5&quot;,&quot;slides_to_scroll&quot;:&quot;2&quot;,&quot;navigation&quot;:&quot;dots&quot;,&quot;speed&quot;:2000,&quot;autoplay&quot;:&quot;yes&quot;,&quot;pause_on_hover&quot;:&quot;yes&quot;,&quot;pause_on_interaction&quot;:&quot;yes&quot;,&quot;autoplay_speed&quot;:5000,&quot;infinite&quot;:&quot;yes&quot;}\" data-widget_type=\"image-carousel.default\">\n\t\t\t\t\t\t\t<div class=\"elementor-image-carousel-wrapper swiper\" role=\"region\" aria-roledescription=\"carousel\" aria-label=\"Image Carousel\" dir=\"ltr\">\n\t\t\t<div class=\"elementor-image-carousel swiper-wrapper\" aria-live=\"off\">\n\t\t\t\t\t\t\t\t<div class=\"swiper-slide\" role=\"group\" aria-roledescription=\"slide\" aria-label=\"1 of 12\"><a data-elementor-open-lightbox=\"yes\" data-elementor-lightbox-slideshow=\"5792428\" data-elementor-lightbox-title=\"Logo WaveShare carr\u00e9\" data-e-action-hash=\"#elementor-action%3Aaction%3Dlightbox%26settings%3DeyJpZCI6MjQwNTYsInVybCI6Imh0dHBzOlwvXC9tb25yYXNwYmVycnkuY29tXC93cC1jb250ZW50XC91cGxvYWRzXC8yMDI0XC8wOFwvTG9nby1XYXZlU2hhcmUtY2FycmUucG5nIiwic2xpZGVzaG93IjoiNTc5MjQyOCJ9\" href=\"https:\/\/monraspberry.com\/en\/our-brands\/\" target=\"_blank\"><figure class=\"swiper-slide-inner\"><img decoding=\"async\" class=\"swiper-slide-image\" src=\"https:\/\/monraspberry.com\/wp-content\/uploads\/2024\/08\/Logo-WaveShare-carre-150x150.png\" alt=\"WaveShare\" title=\"\"><figcaption class=\"elementor-image-carousel-caption\">WaveShare<\/figcaption><\/figure><\/a><\/div><div class=\"swiper-slide\" role=\"group\" aria-roledescription=\"slide\" aria-label=\"2 of 12\"><a data-elementor-open-lightbox=\"yes\" data-elementor-lightbox-slideshow=\"5792428\" data-elementor-lightbox-title=\"Logo Rii carr\u00e9\" data-e-action-hash=\"#elementor-action%3Aaction%3Dlightbox%26settings%3DeyJpZCI6MjQwNjcsInVybCI6Imh0dHBzOlwvXC9tb25yYXNwYmVycnkuY29tXC93cC1jb250ZW50XC91cGxvYWRzXC8yMDI0XC8wOFwvTG9nby1SaWktY2FycmUucG5nIiwic2xpZGVzaG93IjoiNTc5MjQyOCJ9\" href=\"https:\/\/monraspberry.com\/en\/our-brands\/\" target=\"_blank\"><figure class=\"swiper-slide-inner\"><img decoding=\"async\" class=\"swiper-slide-image\" src=\"https:\/\/monraspberry.com\/wp-content\/uploads\/2024\/08\/Logo-Rii-carre-150x150.png\" alt=\"Rii\" title=\"\"><figcaption class=\"elementor-image-carousel-caption\">Rii<\/figcaption><\/figure><\/a><\/div><div class=\"swiper-slide\" role=\"group\" aria-roledescription=\"slide\" aria-label=\"3 of 12\"><a data-elementor-open-lightbox=\"yes\" data-elementor-lightbox-slideshow=\"5792428\" data-elementor-lightbox-title=\"Logo Raspberry Pi carr\u00e9\" data-e-action-hash=\"#elementor-action%3Aaction%3Dlightbox%26settings%3DeyJpZCI6MjQwNjYsInVybCI6Imh0dHBzOlwvXC9tb25yYXNwYmVycnkuY29tXC93cC1jb250ZW50XC91cGxvYWRzXC8yMDI0XC8wOFwvTG9nby1SYXNwYmVycnktUGktY2FycmUucG5nIiwic2xpZGVzaG93IjoiNTc5MjQyOCJ9\" href=\"https:\/\/monraspberry.com\/en\/our-brands\/\" target=\"_blank\"><figure class=\"swiper-slide-inner\"><img decoding=\"async\" class=\"swiper-slide-image\" src=\"https:\/\/monraspberry.com\/wp-content\/uploads\/2024\/08\/Logo-Raspberry-Pi-carre-150x150.png\" alt=\"Raspberry Pi\" title=\"\"><figcaption class=\"elementor-image-carousel-caption\">Raspberry Pi<\/figcaption><\/figure><\/a><\/div><div class=\"swiper-slide\" role=\"group\" aria-roledescription=\"slide\" aria-label=\"4 of 12\"><a data-elementor-open-lightbox=\"yes\" data-elementor-lightbox-slideshow=\"5792428\" data-elementor-lightbox-title=\"Logo ARGON40 carr\u00e9\" data-e-action-hash=\"#elementor-action%3Aaction%3Dlightbox%26settings%3DeyJpZCI6MjQwNjUsInVybCI6Imh0dHBzOlwvXC9tb25yYXNwYmVycnkuY29tXC93cC1jb250ZW50XC91cGxvYWRzXC8yMDI0XC8wOFwvTG9nby1BUkdPTjQwLWNhcnJlLnBuZyIsInNsaWRlc2hvdyI6IjU3OTI0MjgifQ%3D%3D\" href=\"https:\/\/monraspberry.com\/en\/our-brands\/\" target=\"_blank\"><figure class=\"swiper-slide-inner\"><img decoding=\"async\" class=\"swiper-slide-image\" src=\"https:\/\/monraspberry.com\/wp-content\/uploads\/2024\/08\/Logo-ARGON40-carre-150x150.png\" alt=\"ARGON40\" title=\"\"><figcaption class=\"elementor-image-carousel-caption\">ARGON40<\/figcaption><\/figure><\/a><\/div><div class=\"swiper-slide\" role=\"group\" aria-roledescription=\"slide\" aria-label=\"5 of 12\"><a data-elementor-open-lightbox=\"yes\" data-elementor-lightbox-slideshow=\"5792428\" data-elementor-lightbox-title=\"Logo FLIRC carr\u00e9\" data-e-action-hash=\"#elementor-action%3Aaction%3Dlightbox%26settings%3DeyJpZCI6MjQwNjQsInVybCI6Imh0dHBzOlwvXC9tb25yYXNwYmVycnkuY29tXC93cC1jb250ZW50XC91cGxvYWRzXC8yMDI0XC8wOFwvTG9nby1GTElSQy1jYXJyZS5wbmciLCJzbGlkZXNob3ciOiI1NzkyNDI4In0%3D\" href=\"https:\/\/monraspberry.com\/en\/our-brands\/\" target=\"_blank\"><figure class=\"swiper-slide-inner\"><img decoding=\"async\" class=\"swiper-slide-image\" src=\"https:\/\/monraspberry.com\/wp-content\/uploads\/2024\/08\/Logo-FLIRC-carre-150x150.png\" alt=\"Flirc\" title=\"\"><figcaption class=\"elementor-image-carousel-caption\">Flirc<\/figcaption><\/figure><\/a><\/div><div class=\"swiper-slide\" role=\"group\" aria-roledescription=\"slide\" aria-label=\"6 of 12\"><a data-elementor-open-lightbox=\"yes\" data-elementor-lightbox-slideshow=\"5792428\" data-elementor-lightbox-title=\"Logo Meanwell carr\u00e9\" data-e-action-hash=\"#elementor-action%3Aaction%3Dlightbox%26settings%3DeyJpZCI6MjQwNjMsInVybCI6Imh0dHBzOlwvXC9tb25yYXNwYmVycnkuY29tXC93cC1jb250ZW50XC91cGxvYWRzXC8yMDI0XC8wOFwvTG9nby1NZWFud2VsbC1jYXJyZS5wbmciLCJzbGlkZXNob3ciOiI1NzkyNDI4In0%3D\" href=\"https:\/\/monraspberry.com\/en\/our-brands\/\" target=\"_blank\"><figure class=\"swiper-slide-inner\"><img decoding=\"async\" class=\"swiper-slide-image\" src=\"https:\/\/monraspberry.com\/wp-content\/uploads\/2024\/08\/Logo-Meanwell-carre-150x150.png\" alt=\"Meanwell\" title=\"\"><figcaption class=\"elementor-image-carousel-caption\">Meanwell<\/figcaption><\/figure><\/a><\/div><div class=\"swiper-slide\" role=\"group\" aria-roledescription=\"slide\" aria-label=\"7 of 12\"><a data-elementor-open-lightbox=\"yes\" data-elementor-lightbox-slideshow=\"5792428\" data-elementor-lightbox-title=\"Logo PiKVM carr\u00e9\" data-e-action-hash=\"#elementor-action%3Aaction%3Dlightbox%26settings%3DeyJpZCI6MjQwNjIsInVybCI6Imh0dHBzOlwvXC9tb25yYXNwYmVycnkuY29tXC93cC1jb250ZW50XC91cGxvYWRzXC8yMDI0XC8wOFwvTG9nby1QaUtWTS1jYXJyZS5wbmciLCJzbGlkZXNob3ciOiI1NzkyNDI4In0%3D\" href=\"https:\/\/monraspberry.com\/en\/our-brands\/\" target=\"_blank\"><figure class=\"swiper-slide-inner\"><img decoding=\"async\" class=\"swiper-slide-image\" src=\"https:\/\/monraspberry.com\/wp-content\/uploads\/2024\/08\/Logo-PiKVM-carre-150x150.png\" alt=\"PiKVM\" title=\"\"><figcaption class=\"elementor-image-carousel-caption\">PiKVM<\/figcaption><\/figure><\/a><\/div><div class=\"swiper-slide\" role=\"group\" aria-roledescription=\"slide\" aria-label=\"8 of 12\"><a data-elementor-open-lightbox=\"yes\" data-elementor-lightbox-slideshow=\"5792428\" data-elementor-lightbox-title=\"Logo PIMORONI carr\u00e9\" data-e-action-hash=\"#elementor-action%3Aaction%3Dlightbox%26settings%3DeyJpZCI6MjQwNjEsInVybCI6Imh0dHBzOlwvXC9tb25yYXNwYmVycnkuY29tXC93cC1jb250ZW50XC91cGxvYWRzXC8yMDI0XC8wOFwvTG9nby1QSU1PUk9OSS1jYXJyZS5wbmciLCJzbGlkZXNob3ciOiI1NzkyNDI4In0%3D\" href=\"https:\/\/monraspberry.com\/en\/our-brands\/\" target=\"_blank\"><figure class=\"swiper-slide-inner\"><img decoding=\"async\" class=\"swiper-slide-image\" src=\"https:\/\/monraspberry.com\/wp-content\/uploads\/2024\/08\/Logo-PIMORONI-carre-150x150.png\" alt=\"PIMORONI\" title=\"\"><figcaption class=\"elementor-image-carousel-caption\">PIMORONI<\/figcaption><\/figure><\/a><\/div><div class=\"swiper-slide\" role=\"group\" aria-roledescription=\"slide\" aria-label=\"9 of 12\"><a data-elementor-open-lightbox=\"yes\" data-elementor-lightbox-slideshow=\"5792428\" data-elementor-lightbox-title=\"Logo RACKMOUNT.it carr\u00e9\" data-e-action-hash=\"#elementor-action%3Aaction%3Dlightbox%26settings%3DeyJpZCI6MjQwNjAsInVybCI6Imh0dHBzOlwvXC9tb25yYXNwYmVycnkuY29tXC93cC1jb250ZW50XC91cGxvYWRzXC8yMDI0XC8wOFwvTG9nby1SQUNLTU9VTlQuaXQtY2FycmUucG5nIiwic2xpZGVzaG93IjoiNTc5MjQyOCJ9\" href=\"https:\/\/monraspberry.com\/en\/our-brands\/\" target=\"_blank\"><figure class=\"swiper-slide-inner\"><img decoding=\"async\" class=\"swiper-slide-image\" src=\"https:\/\/monraspberry.com\/wp-content\/uploads\/2024\/08\/Logo-RACKMOUNT.it-carre-150x150.png\" alt=\"RACKMOUNT.it\" title=\"\"><figcaption class=\"elementor-image-carousel-caption\">RACKMOUNT.it<\/figcaption><\/figure><\/a><\/div><div class=\"swiper-slide\" role=\"group\" aria-roledescription=\"slide\" aria-label=\"10 of 12\"><a data-elementor-open-lightbox=\"yes\" data-elementor-lightbox-slideshow=\"5792428\" data-elementor-lightbox-title=\"Logo Retroflag carr\u00e9\" data-e-action-hash=\"#elementor-action%3Aaction%3Dlightbox%26settings%3DeyJpZCI6MjQwNTksInVybCI6Imh0dHBzOlwvXC9tb25yYXNwYmVycnkuY29tXC93cC1jb250ZW50XC91cGxvYWRzXC8yMDI0XC8wOFwvTG9nby1SZXRyb2ZsYWctY2FycmUucG5nIiwic2xpZGVzaG93IjoiNTc5MjQyOCJ9\" href=\"https:\/\/monraspberry.com\/en\/our-brands\/\" target=\"_blank\"><figure class=\"swiper-slide-inner\"><img decoding=\"async\" class=\"swiper-slide-image\" src=\"https:\/\/monraspberry.com\/wp-content\/uploads\/2024\/08\/Logo-Retroflag-carre-150x150.png\" alt=\"Retroflag\" title=\"\"><figcaption class=\"elementor-image-carousel-caption\">Retroflag<\/figcaption><\/figure><\/a><\/div><div class=\"swiper-slide\" role=\"group\" aria-roledescription=\"slide\" aria-label=\"11 of 12\"><a data-elementor-open-lightbox=\"yes\" data-elementor-lightbox-slideshow=\"5792428\" data-elementor-lightbox-title=\"Logo Experimental Pi carr\u00e9\" data-e-action-hash=\"#elementor-action%3Aaction%3Dlightbox%26settings%3DeyJpZCI6MjQwNTgsInVybCI6Imh0dHBzOlwvXC9tb25yYXNwYmVycnkuY29tXC93cC1jb250ZW50XC91cGxvYWRzXC8yMDI0XC8wOFwvTG9nby1FeHBlcmltZW50YWwtUGktY2FycmUucG5nIiwic2xpZGVzaG93IjoiNTc5MjQyOCJ9\" href=\"https:\/\/monraspberry.com\/en\/our-brands\/\" target=\"_blank\"><figure class=\"swiper-slide-inner\"><img decoding=\"async\" class=\"swiper-slide-image\" src=\"https:\/\/monraspberry.com\/wp-content\/uploads\/2024\/08\/Logo-Experimental-Pi-carre-150x150.png\" alt=\"Experimental Pi\" title=\"\"><figcaption class=\"elementor-image-carousel-caption\">Experimental Pi<\/figcaption><\/figure><\/a><\/div><div class=\"swiper-slide\" role=\"group\" aria-roledescription=\"slide\" aria-label=\"12 of 12\"><a data-elementor-open-lightbox=\"yes\" data-elementor-lightbox-slideshow=\"5792428\" data-elementor-lightbox-title=\"Logo Sandisk carr\u00e9\" data-e-action-hash=\"#elementor-action%3Aaction%3Dlightbox%26settings%3DeyJpZCI6MjQwNTcsInVybCI6Imh0dHBzOlwvXC9tb25yYXNwYmVycnkuY29tXC93cC1jb250ZW50XC91cGxvYWRzXC8yMDI0XC8wOFwvTG9nby1TYW5kaXNrLWNhcnJlLnBuZyIsInNsaWRlc2hvdyI6IjU3OTI0MjgifQ%3D%3D\" href=\"https:\/\/monraspberry.com\/en\/our-brands\/\" target=\"_blank\"><figure class=\"swiper-slide-inner\"><img decoding=\"async\" class=\"swiper-slide-image\" src=\"https:\/\/monraspberry.com\/wp-content\/uploads\/2024\/08\/Logo-Sandisk-carre-150x150.png\" alt=\"SanDisk\" title=\"\"><figcaption class=\"elementor-image-carousel-caption\">SanDisk<\/figcaption><\/figure><\/a><\/div>\t\t\t<\/div>\n\t\t\t\t\t\t\t\n\t\t\t\t\t\t\t\t\t<div class=\"swiper-pagination\"><\/div>\n\t\t\t\t\t\t\t\t\t<\/div>\n\t\t\t\t\t\t<\/div>\n\t\t\t\t\t<\/div>\n\t\t\t\t<\/div>\n\t\t\t\t<\/div>","protected":false},"excerpt":{"rendered":"<p>L&#8217;\u00e9ducation CrowPi est une plateforme \u00e9ducative tout-en-un con\u00e7ue pour transformer l&#8217;apprentissage de l&#8217;\u00e9lectronique, de la programmation, et du d\u00e9veloppement technologique en une exp\u00e9rience interactive et accessible. Con\u00e7ue autour du Raspberry Pi, CrowPi int\u00e8gre une multitude de capteurs, de modules et d&#8217;outils dans un bo\u00eetier compact et portable, offrant aux \u00e9tudiants, aux enseignants, et aux makers [&hellip;]<\/p>\n","protected":false},"author":1,"featured_media":24240,"parent":0,"menu_order":0,"comment_status":"closed","ping_status":"closed","template":"","meta":{"footnotes":""},"class_list":["post-24239","page","type-page","status-publish","has-post-thumbnail","hentry"],"jetpack_sharing_enabled":true,"_links":{"self":[{"href":"https:\/\/monraspberry.com\/en\/wp-json\/wp\/v2\/pages\/24239","targetHints":{"allow":["GET"]}}],"collection":[{"href":"https:\/\/monraspberry.com\/en\/wp-json\/wp\/v2\/pages"}],"about":[{"href":"https:\/\/monraspberry.com\/en\/wp-json\/wp\/v2\/types\/page"}],"author":[{"embeddable":true,"href":"https:\/\/monraspberry.com\/en\/wp-json\/wp\/v2\/users\/1"}],"replies":[{"embeddable":true,"href":"https:\/\/monraspberry.com\/en\/wp-json\/wp\/v2\/comments?post=24239"}],"version-history":[{"count":0,"href":"https:\/\/monraspberry.com\/en\/wp-json\/wp\/v2\/pages\/24239\/revisions"}],"wp:featuredmedia":[{"embeddable":true,"href":"https:\/\/monraspberry.com\/en\/wp-json\/wp\/v2\/media\/24240"}],"wp:attachment":[{"href":"https:\/\/monraspberry.com\/en\/wp-json\/wp\/v2\/media?parent=24239"}],"curies":[{"name":"wp","href":"https:\/\/api.w.org\/{rel}","templated":true}]}}