{"id":24124,"date":"2024-08-30T11:30:19","date_gmt":"2024-08-30T09:30:19","guid":{"rendered":"https:\/\/monraspberry.com\/?page_id=24124"},"modified":"2025-08-07T09:30:35","modified_gmt":"2025-08-07T07:30:35","slug":"argon40","status":"publish","type":"page","link":"https:\/\/monraspberry.com\/en\/argon40\/","title":{"rendered":"ARGON40"},"content":{"rendered":"<div data-elementor-type=\"wp-page\" data-elementor-id=\"24124\" class=\"elementor elementor-24124\">\n\t\t\t\t<div class=\"elementor-element elementor-element-332e6cc e-flex e-con-boxed e-con e-parent\" data-id=\"332e6cc\" data-element_type=\"container\" data-e-type=\"container\">\r\n\t\t\t\t\t<div class=\"e-con-inner\">\r\n\t\t\t\t<div class=\"elementor-element elementor-element-1455f5c elementor-position-left elementor-vertical-align-middle elementor-widget elementor-widget-image-box\" data-id=\"1455f5c\" data-element_type=\"widget\" data-e-type=\"widget\" data-widget_type=\"image-box.default\">\n\t\t\t\t\t<div class=\"elementor-image-box-wrapper\"><figure class=\"elementor-image-box-img\"><img loading=\"lazy\" decoding=\"async\" width=\"600\" height=\"600\" src=\"https:\/\/monraspberry.com\/wp-content\/uploads\/2024\/08\/Logo-ARGON40-carre.png\" class=\"attachment-full size-full wp-image-24065\" alt=\"\" title=\"\" srcset=\"https:\/\/monraspberry.com\/wp-content\/uploads\/2024\/08\/Logo-ARGON40-carre.png 600w, https:\/\/monraspberry.com\/wp-content\/uploads\/2024\/08\/Logo-ARGON40-carre-340x340.png 340w\" sizes=\"auto, (max-width: 600px) 100vw, 600px\" \/><\/figure><div class=\"elementor-image-box-content\"><h3 class=\"elementor-image-box-title\">A must-have housing brand <\/h3><p class=\"elementor-image-box-description\">ARGON40 is a must-have brand for Raspberry Pi users looking for high-end solutions combining design, performance and functionality. Specializing in the design of innovative cases and accessories, ARGON40 stands out for its aesthetic approach and its ability to offer complete solutions to optimize your Raspberry Pi. Whether for an educational project, a multimedia server or an IoT application, ARGON40 offers products designed to enhance the user experience while providing effective protection and cooling.\n\n<\/p><\/div><\/div>\t\t\t\t<\/div>\n\t\t\t\t\t<\/div>\n\t\t\t\t<\/div>\n\t\t<div class=\"elementor-element elementor-element-19cfa8c e-flex e-con-boxed e-con e-parent\" data-id=\"19cfa8c\" data-element_type=\"container\" data-e-type=\"container\">\r\n\t\t\t\t\t<div class=\"e-con-inner\">\r\n\t\t\t\t<div class=\"elementor-element elementor-element-556d628 elementor-widget elementor-widget-heading\" data-id=\"556d628\" data-element_type=\"widget\" data-e-type=\"widget\" data-widget_type=\"heading.default\">\n\t\t\t\t\t<h2 class=\"elementor-heading-title elementor-size-default\">History and Philosophy <\/h2>\t\t\t\t<\/div>\n\t\t\t\t<div class=\"elementor-element elementor-element-5c41382 elementor-widget elementor-widget-text-editor\" data-id=\"5c41382\" data-element_type=\"widget\" data-e-type=\"widget\" data-widget_type=\"text-editor.default\">\n\t\t\t\t\t\t\t\t\t<h3>The birth of an innovative brand:<\/h3><p>ARGON40 was founded with the vision of creating products that not only protect electronic components, but do so with style and efficiency. From the outset, the brand recognized the importance of good thermal management for devices such as the Raspberry Pi, especially in applications where sustained performance is crucial. ARGON40's first products, notably the Raspberry Pi cases, quickly gained popularity thanks to their elegant design and innovative features, such as the integration of passive and active cooling systems.<\/p><h3>The evolution continues:<\/h3><p>Over the years, ARGON40 has continued to innovate, introducing new product ranges to meet the diverse needs of the Raspberry Pi community. ARGON40 cases are renowned for their build quality, attention to detail and ability to transform a simple single-board computer into a complete, high-performance computing solution. In addition to cases, ARGON40 has developed complementary accessories, such as expansion modules and advanced thermal management solutions, which enable users to exploit the full potential of their Raspberry Pi.<\/p><h3>A commitment to quality:<\/h3><p>ARGON40 is firmly committed to offering high-quality products that meet the expectations of demanding users. Each product is designed with attention to detail, taking into account not only aesthetics, but also functionality and durability. ARGON40's aim is to provide solutions that not only protect and enhance the performance of the Raspberry Pi, but do so with a touch of sophistication that sets it apart from other solutions available on the market.<\/p>\t\t\t\t\t\t\t\t<\/div>\n\t\t\t\t\t<\/div>\n\t\t\t\t<\/div>\n\t\t<div class=\"elementor-element elementor-element-9429ac4 e-flex e-con-boxed e-con e-parent\" data-id=\"9429ac4\" data-element_type=\"container\" data-e-type=\"container\">\r\n\t\t\t\t\t<div class=\"e-con-inner\">\r\n\t\t\t\t<div class=\"elementor-element elementor-element-b08bb79 elementor-widget elementor-widget-heading\" data-id=\"b08bb79\" data-element_type=\"widget\" data-e-type=\"widget\" data-widget_type=\"heading.default\">\n\t\t\t\t\t<h2 class=\"elementor-heading-title elementor-size-default\">Products<\/h2>\t\t\t\t<\/div>\n\t\t\t\t\t<\/div>\n\t\t\t\t<\/div>\n\t\t<div class=\"elementor-element elementor-element-c1a6a30 e-flex e-con-boxed e-con e-parent\" data-id=\"c1a6a30\" data-element_type=\"container\" data-e-type=\"container\">\r\n\t\t\t\t\t<div class=\"e-con-inner\">\r\n\t\t\t\t<div class=\"elementor-element elementor-element-3f0dbad elementor-widget elementor-widget-heading\" data-id=\"3f0dbad\" data-element_type=\"widget\" data-e-type=\"widget\" data-widget_type=\"heading.default\">\n\t\t\t\t\t<h2 class=\"elementor-heading-title elementor-size-default\">Our brands<\/h2>\t\t\t\t<\/div>\n\t\t\t\t<div class=\"elementor-element elementor-element-6354bf3 elementor-pagination-position-outside elementor-widget elementor-widget-image-carousel\" data-id=\"6354bf3\" data-element_type=\"widget\" data-e-type=\"widget\" data-settings=\"{&quot;slides_to_show&quot;:&quot;5&quot;,&quot;slides_to_scroll&quot;:&quot;2&quot;,&quot;navigation&quot;:&quot;dots&quot;,&quot;speed&quot;:2000,&quot;autoplay&quot;:&quot;yes&quot;,&quot;pause_on_hover&quot;:&quot;yes&quot;,&quot;pause_on_interaction&quot;:&quot;yes&quot;,&quot;autoplay_speed&quot;:5000,&quot;infinite&quot;:&quot;yes&quot;}\" data-widget_type=\"image-carousel.default\">\n\t\t\t\t\t\t\t<div class=\"elementor-image-carousel-wrapper swiper\" role=\"region\" aria-roledescription=\"carousel\" aria-label=\"Carrousel d\u2019images\" dir=\"ltr\">\n\t\t\t<div class=\"elementor-image-carousel swiper-wrapper\" aria-live=\"off\">\n\t\t\t\t\t\t\t\t<div class=\"swiper-slide\" role=\"group\" aria-roledescription=\"slide\" aria-label=\"1 sur 12\"><a data-elementor-open-lightbox=\"yes\" data-elementor-lightbox-slideshow=\"6354bf3\" data-elementor-lightbox-title=\"Logo WaveShare carr\u00e9\" data-e-action-hash=\"#elementor-action%3Aaction%3Dlightbox%26settings%3DeyJpZCI6MjQwNTYsInVybCI6Imh0dHBzOlwvXC9tb25yYXNwYmVycnkuY29tXC93cC1jb250ZW50XC91cGxvYWRzXC8yMDI0XC8wOFwvTG9nby1XYXZlU2hhcmUtY2FycmUucG5nIiwic2xpZGVzaG93IjoiNjM1NGJmMyJ9\" href=\"https:\/\/monraspberry.com\/en\/our-brands\/\" target=\"_blank\"><figure class=\"swiper-slide-inner\"><img decoding=\"async\" class=\"swiper-slide-image\" src=\"https:\/\/monraspberry.com\/wp-content\/uploads\/2024\/08\/Logo-WaveShare-carre-150x150.png\" alt=\"WaveShare\" title=\"\"><figcaption class=\"elementor-image-carousel-caption\">WaveShare<\/figcaption><\/figure><\/a><\/div><div class=\"swiper-slide\" role=\"group\" aria-roledescription=\"slide\" aria-label=\"2 sur 12\"><a data-elementor-open-lightbox=\"yes\" data-elementor-lightbox-slideshow=\"6354bf3\" data-elementor-lightbox-title=\"Logo Rii carr\u00e9\" data-e-action-hash=\"#elementor-action%3Aaction%3Dlightbox%26settings%3DeyJpZCI6MjQwNjcsInVybCI6Imh0dHBzOlwvXC9tb25yYXNwYmVycnkuY29tXC93cC1jb250ZW50XC91cGxvYWRzXC8yMDI0XC8wOFwvTG9nby1SaWktY2FycmUucG5nIiwic2xpZGVzaG93IjoiNjM1NGJmMyJ9\" href=\"https:\/\/monraspberry.com\/en\/our-brands\/\" target=\"_blank\"><figure class=\"swiper-slide-inner\"><img decoding=\"async\" class=\"swiper-slide-image\" src=\"https:\/\/monraspberry.com\/wp-content\/uploads\/2024\/08\/Logo-Rii-carre-150x150.png\" alt=\"Rii\" title=\"\"><figcaption class=\"elementor-image-carousel-caption\">Rii<\/figcaption><\/figure><\/a><\/div><div class=\"swiper-slide\" role=\"group\" aria-roledescription=\"slide\" aria-label=\"3 sur 12\"><a data-elementor-open-lightbox=\"yes\" data-elementor-lightbox-slideshow=\"6354bf3\" data-elementor-lightbox-title=\"Logo Raspberry Pi carr\u00e9\" data-e-action-hash=\"#elementor-action%3Aaction%3Dlightbox%26settings%3DeyJpZCI6MjQwNjYsInVybCI6Imh0dHBzOlwvXC9tb25yYXNwYmVycnkuY29tXC93cC1jb250ZW50XC91cGxvYWRzXC8yMDI0XC8wOFwvTG9nby1SYXNwYmVycnktUGktY2FycmUucG5nIiwic2xpZGVzaG93IjoiNjM1NGJmMyJ9\" href=\"https:\/\/monraspberry.com\/en\/our-brands\/\" target=\"_blank\"><figure class=\"swiper-slide-inner\"><img decoding=\"async\" class=\"swiper-slide-image\" src=\"https:\/\/monraspberry.com\/wp-content\/uploads\/2024\/08\/Logo-Raspberry-Pi-carre-150x150.png\" alt=\"Raspberry Pi\" title=\"\"><figcaption class=\"elementor-image-carousel-caption\">Raspberry Pi<\/figcaption><\/figure><\/a><\/div><div class=\"swiper-slide\" role=\"group\" aria-roledescription=\"slide\" aria-label=\"4 sur 12\"><a data-elementor-open-lightbox=\"yes\" data-elementor-lightbox-slideshow=\"6354bf3\" data-elementor-lightbox-title=\"Logo ARGON40 carr\u00e9\" data-e-action-hash=\"#elementor-action%3Aaction%3Dlightbox%26settings%3DeyJpZCI6MjQwNjUsInVybCI6Imh0dHBzOlwvXC9tb25yYXNwYmVycnkuY29tXC93cC1jb250ZW50XC91cGxvYWRzXC8yMDI0XC8wOFwvTG9nby1BUkdPTjQwLWNhcnJlLnBuZyIsInNsaWRlc2hvdyI6IjYzNTRiZjMifQ%3D%3D\" href=\"https:\/\/monraspberry.com\/en\/our-brands\/\" target=\"_blank\"><figure class=\"swiper-slide-inner\"><img decoding=\"async\" class=\"swiper-slide-image\" src=\"https:\/\/monraspberry.com\/wp-content\/uploads\/2024\/08\/Logo-ARGON40-carre-150x150.png\" alt=\"ARGON40\" title=\"\"><figcaption class=\"elementor-image-carousel-caption\">ARGON40<\/figcaption><\/figure><\/a><\/div><div class=\"swiper-slide\" role=\"group\" aria-roledescription=\"slide\" aria-label=\"5 sur 12\"><a data-elementor-open-lightbox=\"yes\" data-elementor-lightbox-slideshow=\"6354bf3\" data-elementor-lightbox-title=\"Logo FLIRC carr\u00e9\" data-e-action-hash=\"#elementor-action%3Aaction%3Dlightbox%26settings%3DeyJpZCI6MjQwNjQsInVybCI6Imh0dHBzOlwvXC9tb25yYXNwYmVycnkuY29tXC93cC1jb250ZW50XC91cGxvYWRzXC8yMDI0XC8wOFwvTG9nby1GTElSQy1jYXJyZS5wbmciLCJzbGlkZXNob3ciOiI2MzU0YmYzIn0%3D\" href=\"https:\/\/monraspberry.com\/en\/our-brands\/\" target=\"_blank\"><figure class=\"swiper-slide-inner\"><img decoding=\"async\" class=\"swiper-slide-image\" src=\"https:\/\/monraspberry.com\/wp-content\/uploads\/2024\/08\/Logo-FLIRC-carre-150x150.png\" alt=\"Flirc\" title=\"\"><figcaption class=\"elementor-image-carousel-caption\">Flirc<\/figcaption><\/figure><\/a><\/div><div class=\"swiper-slide\" role=\"group\" aria-roledescription=\"slide\" aria-label=\"6 sur 12\"><a data-elementor-open-lightbox=\"yes\" data-elementor-lightbox-slideshow=\"6354bf3\" data-elementor-lightbox-title=\"Logo Meanwell carr\u00e9\" data-e-action-hash=\"#elementor-action%3Aaction%3Dlightbox%26settings%3DeyJpZCI6MjQwNjMsInVybCI6Imh0dHBzOlwvXC9tb25yYXNwYmVycnkuY29tXC93cC1jb250ZW50XC91cGxvYWRzXC8yMDI0XC8wOFwvTG9nby1NZWFud2VsbC1jYXJyZS5wbmciLCJzbGlkZXNob3ciOiI2MzU0YmYzIn0%3D\" href=\"https:\/\/monraspberry.com\/en\/our-brands\/\" target=\"_blank\"><figure class=\"swiper-slide-inner\"><img decoding=\"async\" class=\"swiper-slide-image\" src=\"https:\/\/monraspberry.com\/wp-content\/uploads\/2024\/08\/Logo-Meanwell-carre-150x150.png\" alt=\"Meanwell\" title=\"\"><figcaption class=\"elementor-image-carousel-caption\">Meanwell<\/figcaption><\/figure><\/a><\/div><div class=\"swiper-slide\" role=\"group\" aria-roledescription=\"slide\" aria-label=\"7 sur 12\"><a data-elementor-open-lightbox=\"yes\" data-elementor-lightbox-slideshow=\"6354bf3\" data-elementor-lightbox-title=\"Logo PiKVM carr\u00e9\" data-e-action-hash=\"#elementor-action%3Aaction%3Dlightbox%26settings%3DeyJpZCI6MjQwNjIsInVybCI6Imh0dHBzOlwvXC9tb25yYXNwYmVycnkuY29tXC93cC1jb250ZW50XC91cGxvYWRzXC8yMDI0XC8wOFwvTG9nby1QaUtWTS1jYXJyZS5wbmciLCJzbGlkZXNob3ciOiI2MzU0YmYzIn0%3D\" href=\"https:\/\/monraspberry.com\/en\/our-brands\/\" target=\"_blank\"><figure class=\"swiper-slide-inner\"><img decoding=\"async\" class=\"swiper-slide-image\" src=\"https:\/\/monraspberry.com\/wp-content\/uploads\/2024\/08\/Logo-PiKVM-carre-150x150.png\" alt=\"PiKVM\" title=\"\"><figcaption class=\"elementor-image-carousel-caption\">PiKVM<\/figcaption><\/figure><\/a><\/div><div class=\"swiper-slide\" role=\"group\" aria-roledescription=\"slide\" aria-label=\"8 sur 12\"><a data-elementor-open-lightbox=\"yes\" data-elementor-lightbox-slideshow=\"6354bf3\" data-elementor-lightbox-title=\"Logo PIMORONI carr\u00e9\" data-e-action-hash=\"#elementor-action%3Aaction%3Dlightbox%26settings%3DeyJpZCI6MjQwNjEsInVybCI6Imh0dHBzOlwvXC9tb25yYXNwYmVycnkuY29tXC93cC1jb250ZW50XC91cGxvYWRzXC8yMDI0XC8wOFwvTG9nby1QSU1PUk9OSS1jYXJyZS5wbmciLCJzbGlkZXNob3ciOiI2MzU0YmYzIn0%3D\" href=\"https:\/\/monraspberry.com\/en\/our-brands\/\" target=\"_blank\"><figure class=\"swiper-slide-inner\"><img decoding=\"async\" class=\"swiper-slide-image\" src=\"https:\/\/monraspberry.com\/wp-content\/uploads\/2024\/08\/Logo-PIMORONI-carre-150x150.png\" alt=\"PIMORONI\" title=\"\"><figcaption class=\"elementor-image-carousel-caption\">PIMORONI<\/figcaption><\/figure><\/a><\/div><div class=\"swiper-slide\" role=\"group\" aria-roledescription=\"slide\" aria-label=\"9 sur 12\"><a data-elementor-open-lightbox=\"yes\" data-elementor-lightbox-slideshow=\"6354bf3\" data-elementor-lightbox-title=\"Logo RACKMOUNT.it carr\u00e9\" data-e-action-hash=\"#elementor-action%3Aaction%3Dlightbox%26settings%3DeyJpZCI6MjQwNjAsInVybCI6Imh0dHBzOlwvXC9tb25yYXNwYmVycnkuY29tXC93cC1jb250ZW50XC91cGxvYWRzXC8yMDI0XC8wOFwvTG9nby1SQUNLTU9VTlQuaXQtY2FycmUucG5nIiwic2xpZGVzaG93IjoiNjM1NGJmMyJ9\" href=\"https:\/\/monraspberry.com\/en\/our-brands\/\" target=\"_blank\"><figure class=\"swiper-slide-inner\"><img decoding=\"async\" class=\"swiper-slide-image\" src=\"https:\/\/monraspberry.com\/wp-content\/uploads\/2024\/08\/Logo-RACKMOUNT.it-carre-150x150.png\" alt=\"RACKMOUNT.it\" title=\"\"><figcaption class=\"elementor-image-carousel-caption\">RACKMOUNT.it<\/figcaption><\/figure><\/a><\/div><div class=\"swiper-slide\" role=\"group\" aria-roledescription=\"slide\" aria-label=\"10 sur 12\"><a data-elementor-open-lightbox=\"yes\" data-elementor-lightbox-slideshow=\"6354bf3\" data-elementor-lightbox-title=\"Logo Retroflag carr\u00e9\" data-e-action-hash=\"#elementor-action%3Aaction%3Dlightbox%26settings%3DeyJpZCI6MjQwNTksInVybCI6Imh0dHBzOlwvXC9tb25yYXNwYmVycnkuY29tXC93cC1jb250ZW50XC91cGxvYWRzXC8yMDI0XC8wOFwvTG9nby1SZXRyb2ZsYWctY2FycmUucG5nIiwic2xpZGVzaG93IjoiNjM1NGJmMyJ9\" href=\"https:\/\/monraspberry.com\/en\/our-brands\/\" target=\"_blank\"><figure class=\"swiper-slide-inner\"><img decoding=\"async\" class=\"swiper-slide-image\" src=\"https:\/\/monraspberry.com\/wp-content\/uploads\/2024\/08\/Logo-Retroflag-carre-150x150.png\" alt=\"Retroflag\" title=\"\"><figcaption class=\"elementor-image-carousel-caption\">Retroflag<\/figcaption><\/figure><\/a><\/div><div class=\"swiper-slide\" role=\"group\" aria-roledescription=\"slide\" aria-label=\"11 sur 12\"><a data-elementor-open-lightbox=\"yes\" data-elementor-lightbox-slideshow=\"6354bf3\" data-elementor-lightbox-title=\"Logo Experimental Pi carr\u00e9\" data-e-action-hash=\"#elementor-action%3Aaction%3Dlightbox%26settings%3DeyJpZCI6MjQwNTgsInVybCI6Imh0dHBzOlwvXC9tb25yYXNwYmVycnkuY29tXC93cC1jb250ZW50XC91cGxvYWRzXC8yMDI0XC8wOFwvTG9nby1FeHBlcmltZW50YWwtUGktY2FycmUucG5nIiwic2xpZGVzaG93IjoiNjM1NGJmMyJ9\" href=\"https:\/\/monraspberry.com\/en\/our-brands\/\" target=\"_blank\"><figure class=\"swiper-slide-inner\"><img decoding=\"async\" class=\"swiper-slide-image\" src=\"https:\/\/monraspberry.com\/wp-content\/uploads\/2024\/08\/Logo-Experimental-Pi-carre-150x150.png\" alt=\"Experimental Pi\" title=\"\"><figcaption class=\"elementor-image-carousel-caption\">Experimental Pi<\/figcaption><\/figure><\/a><\/div><div class=\"swiper-slide\" role=\"group\" aria-roledescription=\"slide\" aria-label=\"12 sur 12\"><a data-elementor-open-lightbox=\"yes\" data-elementor-lightbox-slideshow=\"6354bf3\" data-elementor-lightbox-title=\"Logo Sandisk carr\u00e9\" data-e-action-hash=\"#elementor-action%3Aaction%3Dlightbox%26settings%3DeyJpZCI6MjQwNTcsInVybCI6Imh0dHBzOlwvXC9tb25yYXNwYmVycnkuY29tXC93cC1jb250ZW50XC91cGxvYWRzXC8yMDI0XC8wOFwvTG9nby1TYW5kaXNrLWNhcnJlLnBuZyIsInNsaWRlc2hvdyI6IjYzNTRiZjMifQ%3D%3D\" href=\"https:\/\/monraspberry.com\/en\/our-brands\/\" target=\"_blank\"><figure class=\"swiper-slide-inner\"><img decoding=\"async\" class=\"swiper-slide-image\" src=\"https:\/\/monraspberry.com\/wp-content\/uploads\/2024\/08\/Logo-Sandisk-carre-150x150.png\" alt=\"SanDisk\" title=\"\"><figcaption class=\"elementor-image-carousel-caption\">SanDisk<\/figcaption><\/figure><\/a><\/div>\t\t\t<\/div>\n\t\t\t\t\t\t\t\n\t\t\t\t\t\t\t\t\t<div class=\"swiper-pagination\"><\/div>\n\t\t\t\t\t\t\t\t\t<\/div>\n\t\t\t\t\t\t<\/div>\n\t\t\t\t\t<\/div>\n\t\t\t\t<\/div>\n\t\t\t\t<\/div>","protected":false},"excerpt":{"rendered":"<p>Marque incontournable de bo\u00eetiers ARGON40 est une marque incontournable pour les utilisateurs de Raspberry Pi \u00e0 la recherche de solutions haut de gamme alliant design, performance et fonctionnalit\u00e9. Sp\u00e9cialis\u00e9e dans la conception de bo\u00eetiers et d&#8217;accessoires innovants, ARGON40 se distingue par son approche esth\u00e9tique et sa capacit\u00e9 \u00e0 offrir des solutions compl\u00e8tes pour optimiser votre [&hellip;]<\/p>\n","protected":false},"author":1,"featured_media":24065,"parent":0,"menu_order":0,"comment_status":"closed","ping_status":"closed","template":"","meta":{"footnotes":""},"class_list":["post-24124","page","type-page","status-publish","has-post-thumbnail","hentry"],"jetpack_sharing_enabled":true,"_links":{"self":[{"href":"https:\/\/monraspberry.com\/en\/wp-json\/wp\/v2\/pages\/24124","targetHints":{"allow":["GET"]}}],"collection":[{"href":"https:\/\/monraspberry.com\/en\/wp-json\/wp\/v2\/pages"}],"about":[{"href":"https:\/\/monraspberry.com\/en\/wp-json\/wp\/v2\/types\/page"}],"author":[{"embeddable":true,"href":"https:\/\/monraspberry.com\/en\/wp-json\/wp\/v2\/users\/1"}],"replies":[{"embeddable":true,"href":"https:\/\/monraspberry.com\/en\/wp-json\/wp\/v2\/comments?post=24124"}],"version-history":[{"count":0,"href":"https:\/\/monraspberry.com\/en\/wp-json\/wp\/v2\/pages\/24124\/revisions"}],"wp:featuredmedia":[{"embeddable":true,"href":"https:\/\/monraspberry.com\/en\/wp-json\/wp\/v2\/media\/24065"}],"wp:attachment":[{"href":"https:\/\/monraspberry.com\/en\/wp-json\/wp\/v2\/media?parent=24124"}],"curies":[{"name":"wp","href":"https:\/\/api.w.org\/{rel}","templated":true}]}}