{"id":24098,"date":"2024-08-30T11:08:29","date_gmt":"2024-08-30T09:08:29","guid":{"rendered":"https:\/\/monraspberry.com\/?page_id=24098"},"modified":"2025-08-07T09:38:09","modified_gmt":"2025-08-07T07:38:09","slug":"raspberry-pi","status":"publish","type":"page","link":"https:\/\/monraspberry.com\/en\/raspberry-pi\/","title":{"rendered":"Raspberry Pi"},"content":{"rendered":"<div data-elementor-type=\"wp-page\" data-elementor-id=\"24098\" class=\"elementor elementor-24098\">\n\t\t\t\t<div class=\"elementor-element elementor-element-039aa1c e-flex e-con-boxed e-con e-parent\" data-id=\"039aa1c\" data-element_type=\"container\" data-e-type=\"container\">\r\n\t\t\t\t\t<div class=\"e-con-inner\">\r\n\t\t\t\t<div class=\"elementor-element elementor-element-7070086 elementor-position-left elementor-vertical-align-middle elementor-widget elementor-widget-image-box\" data-id=\"7070086\" data-element_type=\"widget\" data-e-type=\"widget\" data-widget_type=\"image-box.default\">\n\t\t\t\t\t<div class=\"elementor-image-box-wrapper\"><figure class=\"elementor-image-box-img\"><img loading=\"lazy\" decoding=\"async\" width=\"600\" height=\"600\" src=\"https:\/\/monraspberry.com\/wp-content\/uploads\/2024\/08\/Logo-Raspberry-Pi-carre.png\" class=\"attachment-full size-full wp-image-24066\" alt=\"\" title=\"\" srcset=\"https:\/\/monraspberry.com\/wp-content\/uploads\/2024\/08\/Logo-Raspberry-Pi-carre.png 600w, https:\/\/monraspberry.com\/wp-content\/uploads\/2024\/08\/Logo-Raspberry-Pi-carre-340x340.png 340w\" sizes=\"auto, (max-width: 600px) 100vw, 600px\" \/><\/figure><div class=\"elementor-image-box-content\"><h3 class=\"elementor-image-box-title\">Leader mondial des SBC<\/h3><p class=\"elementor-image-box-description\">Raspberry Pi est la r\u00e9f\u00e9rence incontournable pour tous les passionn\u00e9s de technologie, de l'\u00e9ducation \u00e0 l'ing\u00e9nierie. Cr\u00e9\u00e9e pour d\u00e9mocratiser l'acc\u00e8s \u00e0 l'informatique et \u00e0 la programmation, la gamme Raspberry Pi propose des ordinateurs monocarte (SBC) puissants, compacts et abordables. Ces dispositifs polyvalents sont parfaits pour une multitude d'applications, qu'il s'agisse de projets \u00e9ducatifs, de prototypage ou d'int\u00e9gration dans des syst\u00e8mes embarqu\u00e9s. D\u00e9couvrez comment Raspberry Pi peut devenir le c\u0153ur de vos projets technologiques.<\/p><\/div><\/div>\t\t\t\t<\/div>\n\t\t\t\t\t<\/div>\n\t\t\t\t<\/div>\n\t\t<div class=\"elementor-element elementor-element-beddb8a e-flex e-con-boxed e-con e-parent\" data-id=\"beddb8a\" data-element_type=\"container\" data-e-type=\"container\">\r\n\t\t\t\t\t<div class=\"e-con-inner\">\r\n\t\t\t\t<div class=\"elementor-element elementor-element-e29263b elementor-widget elementor-widget-heading\" data-id=\"e29263b\" data-element_type=\"widget\" data-e-type=\"widget\" data-widget_type=\"heading.default\">\n\t\t\t\t\t<h2 class=\"elementor-heading-title elementor-size-default\">History and Philosophy <\/h2>\t\t\t\t<\/div>\n\t\t\t\t<div class=\"elementor-element elementor-element-a66f29f elementor-widget elementor-widget-text-editor\" data-id=\"a66f29f\" data-element_type=\"widget\" data-e-type=\"widget\" data-widget_type=\"text-editor.default\">\n\t\t\t\t\t\t\t\t\t<h3>Une r\u00e9volution technologique :<\/h3>\n<p>Raspberry Pi est n\u00e9 d&#8217;une id\u00e9e simple mais ambitieuse : rendre l&#8217;informatique accessible \u00e0 tous, en particulier aux jeunes \u00e9tudiants. \u00c0 la fin des ann\u00e9es 2000, Eben Upton, co-fondateur de la Raspberry Pi Foundation, et ses coll\u00e8gues de l&#8217;Universit\u00e9 de Cambridge se sont inqui\u00e9t\u00e9s de la baisse du nombre d&#8217;\u00e9tudiants postulant pour \u00e9tudier l&#8217;informatique. Ils ont attribu\u00e9 cette diminution \u00e0 l&#8217;\u00e9volution des ordinateurs personnels, devenus de plus en plus des outils de consommation plut\u00f4t que de cr\u00e9ation.<\/p>\n<p>C&#8217;est dans ce contexte que l&#8217;id\u00e9e du Raspberry Pi a \u00e9merg\u00e9. L&#8217;objectif \u00e9tait de cr\u00e9er un ordinateur monocarte (SBC) \u00e0 faible co\u00fbt qui permettrait aux enfants, ainsi qu&#8217;aux amateurs de technologie, de se familiariser avec la programmation et le mat\u00e9riel informatique. En 2012, apr\u00e8s plusieurs ann\u00e9es de d\u00e9veloppement et d&#8217;exp\u00e9rimentation, le premier Raspberry Pi Model B a \u00e9t\u00e9 lanc\u00e9, marqu\u00e9 par un succ\u00e8s imm\u00e9diat et inattendu. Ce petit ordinateur, vendu \u00e0 un prix d\u00e9fiant toute concurrence, offrait des capacit\u00e9s suffisantes pour ex\u00e9cuter une version compl\u00e8te de Linux, ce qui en faisait un outil puissant pour apprendre la programmation et cr\u00e9er des projets technologiques vari\u00e9s.<\/p>\n<h3>Une \u00e9volution continue :<\/h3>\n<p>Depuis le lancement du premier mod\u00e8le, Raspberry Pi a connu une croissance exponentielle. La fondation a continu\u00e9 \u00e0 am\u00e9liorer ses produits en r\u00e9ponse aux besoins des utilisateurs, lan\u00e7ant plusieurs versions am\u00e9lior\u00e9es de son SBC, notamment le Raspberry Pi 2, 3, et le tr\u00e8s populaire Raspberry Pi 4, qui a apport\u00e9 des performances similaires \u00e0 celles d&#8217;un ordinateur de bureau \u00e0 un prix toujours aussi abordable.<\/p>\n<p>Parall\u00e8lement, la Raspberry Pi Foundation s&#8217;est engag\u00e9e dans des initiatives \u00e9ducatives \u00e0 travers le monde, fournissant du mat\u00e9riel, des ressources p\u00e9dagogiques et des programmes de formation pour aider les enseignants et les \u00e9tudiants \u00e0 tirer le meilleur parti des technologies num\u00e9riques.<\/p>\n<h3>Une vision d&#8217;avenir :<\/h3>\n<p>La mission de Raspberry Pi ne s&#8217;est pas limit\u00e9e \u00e0 la simple fourniture de mat\u00e9riel informatique. La fondation a toujours eu pour objectif de soutenir une communaut\u00e9 active de makers, d&#8217;enseignants et de d\u00e9veloppeurs, encourageant l&#8217;innovation \u00e0 tous les niveaux. Gr\u00e2ce \u00e0 des partenariats avec des entreprises technologiques majeures et \u00e0 l&#8217;introduction de nouveaux produits, comme le Raspberry Pi Pico, un microcontr\u00f4leur ax\u00e9 sur l&#8217;Internet des Objets (IoT) et les projets embarqu\u00e9s, Raspberry Pi continue d&#8217;influencer le paysage technologique mondial.<\/p>\n<p>Avec plus de 40 millions d&#8217;unit\u00e9s vendues \u00e0 travers le monde, Raspberry Pi reste un symbole d&#8217;innovation, d&#8217;accessibilit\u00e9 et d&#8217;\u00e9ducation. Que ce soit pour un projet personnel, une application industrielle ou un programme \u00e9ducatif, Raspberry Pi incarne la fusion parfaite entre technologie, cr\u00e9ativit\u00e9 et partage des connaissances.<\/p>\t\t\t\t\t\t\t\t<\/div>\n\t\t\t\t\t<\/div>\n\t\t\t\t<\/div>\n\t\t<div class=\"elementor-element elementor-element-396f64d e-flex e-con-boxed e-con e-parent\" data-id=\"396f64d\" data-element_type=\"container\" data-e-type=\"container\">\r\n\t\t\t\t\t<div class=\"e-con-inner\">\r\n\t\t\t\t<div class=\"elementor-element elementor-element-ac0430c elementor-widget elementor-widget-heading\" data-id=\"ac0430c\" data-element_type=\"widget\" data-e-type=\"widget\" data-widget_type=\"heading.default\">\n\t\t\t\t\t<h2 class=\"elementor-heading-title elementor-size-default\">Cartes Raspberry Pi<\/h2>\t\t\t\t<\/div>\n\t\t\t\t\t<\/div>\n\t\t\t\t<\/div>\n\t\t<div class=\"elementor-element elementor-element-59b44a9 e-flex e-con-boxed e-con e-parent\" data-id=\"59b44a9\" data-element_type=\"container\" data-e-type=\"container\">\r\n\t\t\t\t\t<div class=\"e-con-inner\">\r\n\t\t\t\t<div class=\"elementor-element elementor-element-f3c8720 elementor-widget elementor-widget-heading\" data-id=\"f3c8720\" data-element_type=\"widget\" data-e-type=\"widget\" data-widget_type=\"heading.default\">\n\t\t\t\t\t<h2 class=\"elementor-heading-title elementor-size-default\">Raspberry Pi enclosures<\/h2>\t\t\t\t<\/div>\n\t\t\t\t\t<\/div>\n\t\t\t\t<\/div>\n\t\t<div class=\"elementor-element elementor-element-cc018d7 e-flex e-con-boxed e-con e-parent\" data-id=\"cc018d7\" data-element_type=\"container\" data-e-type=\"container\">\r\n\t\t\t\t\t<div class=\"e-con-inner\">\r\n\t\t\t\t<div class=\"elementor-element elementor-element-a617582 elementor-widget elementor-widget-heading\" data-id=\"a617582\" data-element_type=\"widget\" data-e-type=\"widget\" data-widget_type=\"heading.default\">\n\t\t\t\t\t<h2 class=\"elementor-heading-title elementor-size-default\">Alimentations Raspberry Pi<\/h2>\t\t\t\t<\/div>\n\t\t\t\t\t<\/div>\n\t\t\t\t<\/div>\n\t\t<div class=\"elementor-element elementor-element-56d8c8c e-flex e-con-boxed e-con e-parent\" data-id=\"56d8c8c\" data-element_type=\"container\" data-e-type=\"container\">\r\n\t\t\t\t\t<div class=\"e-con-inner\">\r\n\t\t\t\t<div class=\"elementor-element elementor-element-6849175 elementor-widget elementor-widget-heading\" data-id=\"6849175\" data-element_type=\"widget\" data-e-type=\"widget\" data-widget_type=\"heading.default\">\n\t\t\t\t\t<h2 class=\"elementor-heading-title elementor-size-default\">Our brands<\/h2>\t\t\t\t<\/div>\n\t\t\t\t<div class=\"elementor-element elementor-element-240bf23 elementor-pagination-position-outside elementor-widget elementor-widget-image-carousel\" data-id=\"240bf23\" data-element_type=\"widget\" data-e-type=\"widget\" data-settings=\"{&quot;slides_to_show&quot;:&quot;5&quot;,&quot;slides_to_scroll&quot;:&quot;2&quot;,&quot;navigation&quot;:&quot;dots&quot;,&quot;speed&quot;:2000,&quot;autoplay&quot;:&quot;yes&quot;,&quot;pause_on_hover&quot;:&quot;yes&quot;,&quot;pause_on_interaction&quot;:&quot;yes&quot;,&quot;autoplay_speed&quot;:5000,&quot;infinite&quot;:&quot;yes&quot;}\" data-widget_type=\"image-carousel.default\">\n\t\t\t\t\t\t\t<div class=\"elementor-image-carousel-wrapper swiper\" role=\"region\" aria-roledescription=\"carousel\" aria-label=\"Image Carousel\" dir=\"ltr\">\n\t\t\t<div class=\"elementor-image-carousel swiper-wrapper\" aria-live=\"off\">\n\t\t\t\t\t\t\t\t<div class=\"swiper-slide\" role=\"group\" aria-roledescription=\"slide\" aria-label=\"1 of 12\"><a data-elementor-open-lightbox=\"yes\" data-elementor-lightbox-slideshow=\"240bf23\" data-elementor-lightbox-title=\"Logo WaveShare carr\u00e9\" data-e-action-hash=\"#elementor-action%3Aaction%3Dlightbox%26settings%3DeyJpZCI6MjQwNTYsInVybCI6Imh0dHBzOlwvXC9tb25yYXNwYmVycnkuY29tXC93cC1jb250ZW50XC91cGxvYWRzXC8yMDI0XC8wOFwvTG9nby1XYXZlU2hhcmUtY2FycmUucG5nIiwic2xpZGVzaG93IjoiMjQwYmYyMyJ9\" href=\"https:\/\/monraspberry.com\/en\/our-brands\/\" target=\"_blank\"><figure class=\"swiper-slide-inner\"><img decoding=\"async\" class=\"swiper-slide-image\" src=\"https:\/\/monraspberry.com\/wp-content\/uploads\/2024\/08\/Logo-WaveShare-carre-150x150.png\" alt=\"WaveShare\" title=\"\"><figcaption class=\"elementor-image-carousel-caption\">WaveShare<\/figcaption><\/figure><\/a><\/div><div class=\"swiper-slide\" role=\"group\" aria-roledescription=\"slide\" aria-label=\"2 of 12\"><a data-elementor-open-lightbox=\"yes\" data-elementor-lightbox-slideshow=\"240bf23\" data-elementor-lightbox-title=\"Logo Rii carr\u00e9\" data-e-action-hash=\"#elementor-action%3Aaction%3Dlightbox%26settings%3DeyJpZCI6MjQwNjcsInVybCI6Imh0dHBzOlwvXC9tb25yYXNwYmVycnkuY29tXC93cC1jb250ZW50XC91cGxvYWRzXC8yMDI0XC8wOFwvTG9nby1SaWktY2FycmUucG5nIiwic2xpZGVzaG93IjoiMjQwYmYyMyJ9\" href=\"https:\/\/monraspberry.com\/en\/our-brands\/\" target=\"_blank\"><figure class=\"swiper-slide-inner\"><img decoding=\"async\" class=\"swiper-slide-image\" src=\"https:\/\/monraspberry.com\/wp-content\/uploads\/2024\/08\/Logo-Rii-carre-150x150.png\" alt=\"Rii\" title=\"\"><figcaption class=\"elementor-image-carousel-caption\">Rii<\/figcaption><\/figure><\/a><\/div><div class=\"swiper-slide\" role=\"group\" aria-roledescription=\"slide\" aria-label=\"3 of 12\"><a data-elementor-open-lightbox=\"yes\" data-elementor-lightbox-slideshow=\"240bf23\" data-elementor-lightbox-title=\"Logo Raspberry Pi carr\u00e9\" data-e-action-hash=\"#elementor-action%3Aaction%3Dlightbox%26settings%3DeyJpZCI6MjQwNjYsInVybCI6Imh0dHBzOlwvXC9tb25yYXNwYmVycnkuY29tXC93cC1jb250ZW50XC91cGxvYWRzXC8yMDI0XC8wOFwvTG9nby1SYXNwYmVycnktUGktY2FycmUucG5nIiwic2xpZGVzaG93IjoiMjQwYmYyMyJ9\" href=\"https:\/\/monraspberry.com\/en\/our-brands\/\" target=\"_blank\"><figure class=\"swiper-slide-inner\"><img decoding=\"async\" class=\"swiper-slide-image\" src=\"https:\/\/monraspberry.com\/wp-content\/uploads\/2024\/08\/Logo-Raspberry-Pi-carre-150x150.png\" alt=\"Raspberry Pi\" title=\"\"><figcaption class=\"elementor-image-carousel-caption\">Raspberry Pi<\/figcaption><\/figure><\/a><\/div><div class=\"swiper-slide\" role=\"group\" aria-roledescription=\"slide\" aria-label=\"4 of 12\"><a data-elementor-open-lightbox=\"yes\" data-elementor-lightbox-slideshow=\"240bf23\" data-elementor-lightbox-title=\"Logo ARGON40 carr\u00e9\" data-e-action-hash=\"#elementor-action%3Aaction%3Dlightbox%26settings%3DeyJpZCI6MjQwNjUsInVybCI6Imh0dHBzOlwvXC9tb25yYXNwYmVycnkuY29tXC93cC1jb250ZW50XC91cGxvYWRzXC8yMDI0XC8wOFwvTG9nby1BUkdPTjQwLWNhcnJlLnBuZyIsInNsaWRlc2hvdyI6IjI0MGJmMjMifQ%3D%3D\" href=\"https:\/\/monraspberry.com\/en\/our-brands\/\" target=\"_blank\"><figure class=\"swiper-slide-inner\"><img decoding=\"async\" class=\"swiper-slide-image\" src=\"https:\/\/monraspberry.com\/wp-content\/uploads\/2024\/08\/Logo-ARGON40-carre-150x150.png\" alt=\"ARGON40\" title=\"\"><figcaption class=\"elementor-image-carousel-caption\">ARGON40<\/figcaption><\/figure><\/a><\/div><div class=\"swiper-slide\" role=\"group\" aria-roledescription=\"slide\" aria-label=\"5 of 12\"><a data-elementor-open-lightbox=\"yes\" data-elementor-lightbox-slideshow=\"240bf23\" data-elementor-lightbox-title=\"Logo FLIRC carr\u00e9\" data-e-action-hash=\"#elementor-action%3Aaction%3Dlightbox%26settings%3DeyJpZCI6MjQwNjQsInVybCI6Imh0dHBzOlwvXC9tb25yYXNwYmVycnkuY29tXC93cC1jb250ZW50XC91cGxvYWRzXC8yMDI0XC8wOFwvTG9nby1GTElSQy1jYXJyZS5wbmciLCJzbGlkZXNob3ciOiIyNDBiZjIzIn0%3D\" href=\"https:\/\/monraspberry.com\/en\/our-brands\/\" target=\"_blank\"><figure class=\"swiper-slide-inner\"><img decoding=\"async\" class=\"swiper-slide-image\" src=\"https:\/\/monraspberry.com\/wp-content\/uploads\/2024\/08\/Logo-FLIRC-carre-150x150.png\" alt=\"Flirc\" title=\"\"><figcaption class=\"elementor-image-carousel-caption\">Flirc<\/figcaption><\/figure><\/a><\/div><div class=\"swiper-slide\" role=\"group\" aria-roledescription=\"slide\" aria-label=\"6 of 12\"><a data-elementor-open-lightbox=\"yes\" data-elementor-lightbox-slideshow=\"240bf23\" data-elementor-lightbox-title=\"Logo Meanwell carr\u00e9\" data-e-action-hash=\"#elementor-action%3Aaction%3Dlightbox%26settings%3DeyJpZCI6MjQwNjMsInVybCI6Imh0dHBzOlwvXC9tb25yYXNwYmVycnkuY29tXC93cC1jb250ZW50XC91cGxvYWRzXC8yMDI0XC8wOFwvTG9nby1NZWFud2VsbC1jYXJyZS5wbmciLCJzbGlkZXNob3ciOiIyNDBiZjIzIn0%3D\" href=\"https:\/\/monraspberry.com\/en\/our-brands\/\" target=\"_blank\"><figure class=\"swiper-slide-inner\"><img decoding=\"async\" class=\"swiper-slide-image\" src=\"https:\/\/monraspberry.com\/wp-content\/uploads\/2024\/08\/Logo-Meanwell-carre-150x150.png\" alt=\"Meanwell\" title=\"\"><figcaption class=\"elementor-image-carousel-caption\">Meanwell<\/figcaption><\/figure><\/a><\/div><div class=\"swiper-slide\" role=\"group\" aria-roledescription=\"slide\" aria-label=\"7 of 12\"><a data-elementor-open-lightbox=\"yes\" data-elementor-lightbox-slideshow=\"240bf23\" data-elementor-lightbox-title=\"Logo PiKVM carr\u00e9\" data-e-action-hash=\"#elementor-action%3Aaction%3Dlightbox%26settings%3DeyJpZCI6MjQwNjIsInVybCI6Imh0dHBzOlwvXC9tb25yYXNwYmVycnkuY29tXC93cC1jb250ZW50XC91cGxvYWRzXC8yMDI0XC8wOFwvTG9nby1QaUtWTS1jYXJyZS5wbmciLCJzbGlkZXNob3ciOiIyNDBiZjIzIn0%3D\" href=\"https:\/\/monraspberry.com\/en\/our-brands\/\" target=\"_blank\"><figure class=\"swiper-slide-inner\"><img decoding=\"async\" class=\"swiper-slide-image\" src=\"https:\/\/monraspberry.com\/wp-content\/uploads\/2024\/08\/Logo-PiKVM-carre-150x150.png\" alt=\"PiKVM\" title=\"\"><figcaption class=\"elementor-image-carousel-caption\">PiKVM<\/figcaption><\/figure><\/a><\/div><div class=\"swiper-slide\" role=\"group\" aria-roledescription=\"slide\" aria-label=\"8 of 12\"><a data-elementor-open-lightbox=\"yes\" data-elementor-lightbox-slideshow=\"240bf23\" data-elementor-lightbox-title=\"Logo PIMORONI carr\u00e9\" data-e-action-hash=\"#elementor-action%3Aaction%3Dlightbox%26settings%3DeyJpZCI6MjQwNjEsInVybCI6Imh0dHBzOlwvXC9tb25yYXNwYmVycnkuY29tXC93cC1jb250ZW50XC91cGxvYWRzXC8yMDI0XC8wOFwvTG9nby1QSU1PUk9OSS1jYXJyZS5wbmciLCJzbGlkZXNob3ciOiIyNDBiZjIzIn0%3D\" href=\"https:\/\/monraspberry.com\/en\/our-brands\/\" target=\"_blank\"><figure class=\"swiper-slide-inner\"><img decoding=\"async\" class=\"swiper-slide-image\" src=\"https:\/\/monraspberry.com\/wp-content\/uploads\/2024\/08\/Logo-PIMORONI-carre-150x150.png\" alt=\"PIMORONI\" title=\"\"><figcaption class=\"elementor-image-carousel-caption\">PIMORONI<\/figcaption><\/figure><\/a><\/div><div class=\"swiper-slide\" role=\"group\" aria-roledescription=\"slide\" aria-label=\"9 of 12\"><a data-elementor-open-lightbox=\"yes\" data-elementor-lightbox-slideshow=\"240bf23\" data-elementor-lightbox-title=\"Logo RACKMOUNT.it carr\u00e9\" data-e-action-hash=\"#elementor-action%3Aaction%3Dlightbox%26settings%3DeyJpZCI6MjQwNjAsInVybCI6Imh0dHBzOlwvXC9tb25yYXNwYmVycnkuY29tXC93cC1jb250ZW50XC91cGxvYWRzXC8yMDI0XC8wOFwvTG9nby1SQUNLTU9VTlQuaXQtY2FycmUucG5nIiwic2xpZGVzaG93IjoiMjQwYmYyMyJ9\" href=\"https:\/\/monraspberry.com\/en\/our-brands\/\" target=\"_blank\"><figure class=\"swiper-slide-inner\"><img decoding=\"async\" class=\"swiper-slide-image\" src=\"https:\/\/monraspberry.com\/wp-content\/uploads\/2024\/08\/Logo-RACKMOUNT.it-carre-150x150.png\" alt=\"RACKMOUNT.it\" title=\"\"><figcaption class=\"elementor-image-carousel-caption\">RACKMOUNT.it<\/figcaption><\/figure><\/a><\/div><div class=\"swiper-slide\" role=\"group\" aria-roledescription=\"slide\" aria-label=\"10 of 12\"><a data-elementor-open-lightbox=\"yes\" data-elementor-lightbox-slideshow=\"240bf23\" data-elementor-lightbox-title=\"Logo Retroflag carr\u00e9\" data-e-action-hash=\"#elementor-action%3Aaction%3Dlightbox%26settings%3DeyJpZCI6MjQwNTksInVybCI6Imh0dHBzOlwvXC9tb25yYXNwYmVycnkuY29tXC93cC1jb250ZW50XC91cGxvYWRzXC8yMDI0XC8wOFwvTG9nby1SZXRyb2ZsYWctY2FycmUucG5nIiwic2xpZGVzaG93IjoiMjQwYmYyMyJ9\" href=\"https:\/\/monraspberry.com\/en\/our-brands\/\" target=\"_blank\"><figure class=\"swiper-slide-inner\"><img decoding=\"async\" class=\"swiper-slide-image\" src=\"https:\/\/monraspberry.com\/wp-content\/uploads\/2024\/08\/Logo-Retroflag-carre-150x150.png\" alt=\"Retroflag\" title=\"\"><figcaption class=\"elementor-image-carousel-caption\">Retroflag<\/figcaption><\/figure><\/a><\/div><div class=\"swiper-slide\" role=\"group\" aria-roledescription=\"slide\" aria-label=\"11 of 12\"><a data-elementor-open-lightbox=\"yes\" data-elementor-lightbox-slideshow=\"240bf23\" data-elementor-lightbox-title=\"Logo Experimental Pi carr\u00e9\" data-e-action-hash=\"#elementor-action%3Aaction%3Dlightbox%26settings%3DeyJpZCI6MjQwNTgsInVybCI6Imh0dHBzOlwvXC9tb25yYXNwYmVycnkuY29tXC93cC1jb250ZW50XC91cGxvYWRzXC8yMDI0XC8wOFwvTG9nby1FeHBlcmltZW50YWwtUGktY2FycmUucG5nIiwic2xpZGVzaG93IjoiMjQwYmYyMyJ9\" href=\"https:\/\/monraspberry.com\/en\/our-brands\/\" target=\"_blank\"><figure class=\"swiper-slide-inner\"><img decoding=\"async\" class=\"swiper-slide-image\" src=\"https:\/\/monraspberry.com\/wp-content\/uploads\/2024\/08\/Logo-Experimental-Pi-carre-150x150.png\" alt=\"Experimental Pi\" title=\"\"><figcaption class=\"elementor-image-carousel-caption\">Experimental Pi<\/figcaption><\/figure><\/a><\/div><div class=\"swiper-slide\" role=\"group\" aria-roledescription=\"slide\" aria-label=\"12 of 12\"><a data-elementor-open-lightbox=\"yes\" data-elementor-lightbox-slideshow=\"240bf23\" data-elementor-lightbox-title=\"Logo Sandisk carr\u00e9\" data-e-action-hash=\"#elementor-action%3Aaction%3Dlightbox%26settings%3DeyJpZCI6MjQwNTcsInVybCI6Imh0dHBzOlwvXC9tb25yYXNwYmVycnkuY29tXC93cC1jb250ZW50XC91cGxvYWRzXC8yMDI0XC8wOFwvTG9nby1TYW5kaXNrLWNhcnJlLnBuZyIsInNsaWRlc2hvdyI6IjI0MGJmMjMifQ%3D%3D\" href=\"https:\/\/monraspberry.com\/en\/our-brands\/\" target=\"_blank\"><figure class=\"swiper-slide-inner\"><img decoding=\"async\" class=\"swiper-slide-image\" src=\"https:\/\/monraspberry.com\/wp-content\/uploads\/2024\/08\/Logo-Sandisk-carre-150x150.png\" alt=\"SanDisk\" title=\"\"><figcaption class=\"elementor-image-carousel-caption\">SanDisk<\/figcaption><\/figure><\/a><\/div>\t\t\t<\/div>\n\t\t\t\t\t\t\t\n\t\t\t\t\t\t\t\t\t<div class=\"swiper-pagination\"><\/div>\n\t\t\t\t\t\t\t\t\t<\/div>\n\t\t\t\t\t\t<\/div>\n\t\t\t\t\t<\/div>\n\t\t\t\t<\/div>\n\t\t\t\t<\/div>","protected":false},"excerpt":{"rendered":"<p>Leader mondial des SBC Raspberry Pi est la r\u00e9f\u00e9rence incontournable pour tous les passionn\u00e9s de technologie, de l&#8217;\u00e9ducation \u00e0 l&#8217;ing\u00e9nierie. Cr\u00e9\u00e9e pour d\u00e9mocratiser l&#8217;acc\u00e8s \u00e0 l&#8217;informatique et \u00e0 la programmation, la gamme Raspberry Pi propose des ordinateurs monocarte (SBC) puissants, compacts et abordables. Ces dispositifs polyvalents sont parfaits pour une multitude d&#8217;applications, qu&#8217;il s&#8217;agisse de [&hellip;]<\/p>\n","protected":false},"author":1,"featured_media":24066,"parent":0,"menu_order":0,"comment_status":"closed","ping_status":"closed","template":"","meta":{"footnotes":""},"class_list":["post-24098","page","type-page","status-publish","has-post-thumbnail","hentry"],"jetpack_sharing_enabled":true,"_links":{"self":[{"href":"https:\/\/monraspberry.com\/en\/wp-json\/wp\/v2\/pages\/24098","targetHints":{"allow":["GET"]}}],"collection":[{"href":"https:\/\/monraspberry.com\/en\/wp-json\/wp\/v2\/pages"}],"about":[{"href":"https:\/\/monraspberry.com\/en\/wp-json\/wp\/v2\/types\/page"}],"author":[{"embeddable":true,"href":"https:\/\/monraspberry.com\/en\/wp-json\/wp\/v2\/users\/1"}],"replies":[{"embeddable":true,"href":"https:\/\/monraspberry.com\/en\/wp-json\/wp\/v2\/comments?post=24098"}],"version-history":[{"count":0,"href":"https:\/\/monraspberry.com\/en\/wp-json\/wp\/v2\/pages\/24098\/revisions"}],"wp:featuredmedia":[{"embeddable":true,"href":"https:\/\/monraspberry.com\/en\/wp-json\/wp\/v2\/media\/24066"}],"wp:attachment":[{"href":"https:\/\/monraspberry.com\/en\/wp-json\/wp\/v2\/media?parent=24098"}],"curies":[{"name":"wp","href":"https:\/\/api.w.org\/{rel}","templated":true}]}}