{"id":22300,"date":"2024-04-09T14:23:37","date_gmt":"2024-04-09T12:23:37","guid":{"rendered":"https:\/\/monraspberry.com\/?page_id=22300"},"modified":"2025-07-28T11:39:16","modified_gmt":"2025-07-28T09:39:16","slug":"livraisons-et-retours","status":"publish","type":"page","link":"https:\/\/monraspberry.com\/en\/livraisons-et-retours\/","title":{"rendered":"Deliveries and returns"},"content":{"rendered":"<p>L\u2019envoi de votre colis<\/p>\n\n\n\n<p>Les colis sont g\u00e9n\u00e9ralement exp\u00e9di\u00e9s sous 24\/48 heures apr\u00e8s r\u00e9ception de votre paiement. Le mode d\u2019exp\u00e9dition est choisi au moment de la commande. Quel que soit le mode d\u2019exp\u00e9dition choisi, nous pourrons vous fournir un lien qui vous permettra de suivre votre colis en ligne. Les frais d\u2019exp\u00e9dition comprennent les frais de manutention et d\u2019emballage ainsi que les frais postaux. Les frais de manutention sont fixes, tandis que les frais de transport varient en fonction du poids total de l\u2019envoi. Nous vous conseillons de regrouper vos articles en une seule commande. Nous ne pouvons pas grouper deux commandes distinctes pass\u00e9es s\u00e9par\u00e9ment, et les frais de port s\u2019appliqueront \u00e0 chacune d\u2019entre elles. Votre colis est exp\u00e9di\u00e9 \u00e0 vos propres risques, mais un soin particulier est apport\u00e9 \u00e0 la protection des objets fragiles. Les bo\u00eetes sont largement dimensionn\u00e9es et vos articles sont bien prot\u00e9g\u00e9s.<\/p>\n\n\n\n<p>Garantie inconditionnelle de retour<\/p>\n\n\n\n<p>Si les \u00e9quipements livr\u00e9s par le site monraspberry.com ne r\u00e9pondent pas au besoin technique de l\u2019acheteur, il peut les retourner \u00e0 Envytech dans un d\u00e9lai maximum de 14 jours \u00e0 compter de la date d\u2019\u00e9mission du bordereau de livraison, pass\u00e9 ce d\u00e9lai, la garantie inconditionnelle de retour ne s\u2019applique plus. L\u2019acheteur doit au pr\u00e9alable demander un num\u00e9ro d\u2019autorisation de retour qu\u2019il devra faire figurer sur le colis r\u00e9exp\u00e9di\u00e9 \u00e0 ses frais. L\u2019acheteur doit imp\u00e9rativement retourner l\u2019\u00e9quipement dans son emballage d\u2019origine, sans marquage ext\u00e9rieur (accompagn\u00e9 des notices, de tous les accessoires et d\u2019une copie du bon de livraison et de l\u2019autorisation de retour accord\u00e9e). Pour tout manquement \u00e0 cette r\u00e8gle, il se verra facturer un montant \u00e9gal \u00e0 30% du prix d\u2019achat du produit, major\u00e9 des frais de r\u00e9paration si l\u2019\u00e9quipement \u00e9tait endommag\u00e9.<\/p>\n\n\n\n<p>Les retours sont \u00e0 envoyer \u00e0 cette adresse :<\/p>\n\n\n\n<p>ENVYTECH<\/p>\n\n\n\n<p>184 route de Rambouillet, 78125 SAINT-HILARION<\/p>\n\n\n\n<p>FRANCE<\/p>","protected":false},"excerpt":{"rendered":"<p>L\u2019envoi de votre colis Les colis sont g\u00e9n\u00e9ralement exp\u00e9di\u00e9s sous 24\/48 heures apr\u00e8s r\u00e9ception de votre paiement. Le mode d\u2019exp\u00e9dition est choisi au moment de la commande. Quel que soit le mode d\u2019exp\u00e9dition choisi, nous pourrons vous fournir un lien qui vous permettra de suivre votre colis en ligne. Les frais d\u2019exp\u00e9dition comprennent les frais [&hellip;]<\/p>\n","protected":false},"author":1,"featured_media":0,"parent":0,"menu_order":0,"comment_status":"closed","ping_status":"closed","template":"","meta":{"footnotes":""},"class_list":["post-22300","page","type-page","status-publish","hentry"],"jetpack_sharing_enabled":true,"_links":{"self":[{"href":"https:\/\/monraspberry.com\/en\/wp-json\/wp\/v2\/pages\/22300","targetHints":{"allow":["GET"]}}],"collection":[{"href":"https:\/\/monraspberry.com\/en\/wp-json\/wp\/v2\/pages"}],"about":[{"href":"https:\/\/monraspberry.com\/en\/wp-json\/wp\/v2\/types\/page"}],"author":[{"embeddable":true,"href":"https:\/\/monraspberry.com\/en\/wp-json\/wp\/v2\/users\/1"}],"replies":[{"embeddable":true,"href":"https:\/\/monraspberry.com\/en\/wp-json\/wp\/v2\/comments?post=22300"}],"version-history":[{"count":0,"href":"https:\/\/monraspberry.com\/en\/wp-json\/wp\/v2\/pages\/22300\/revisions"}],"wp:attachment":[{"href":"https:\/\/monraspberry.com\/en\/wp-json\/wp\/v2\/media?parent=22300"}],"curies":[{"name":"wp","href":"https:\/\/api.w.org\/{rel}","templated":true}]}}