{"id":25351,"date":"2025-01-31T15:52:25","date_gmt":"2025-01-31T14:52:25","guid":{"rendered":"https:\/\/monraspberry.com\/?page_id=25351"},"modified":"2025-08-07T09:37:05","modified_gmt":"2025-08-07T07:37:05","slug":"angebote-fur-leducation","status":"publish","type":"page","link":"https:\/\/monraspberry.com\/de\/offres-pour-leducation\/","title":{"rendered":"Angebote f\u00fcr den Bildungsbereich"},"content":{"rendered":"\t\t<div data-elementor-type=\"wp-page\" data-elementor-id=\"25351\" class=\"elementor elementor-25351\">\n\t\t\t\t<div class=\"elementor-element elementor-element-cfd1064 e-flex e-con-boxed e-con e-parent\" data-id=\"cfd1064\" data-element_type=\"container\" data-e-type=\"container\">\r\n\t\t\t\t\t<div class=\"e-con-inner\">\r\n\t\t<div class=\"elementor-element elementor-element-40b1b16 e-con-full e-flex e-con e-child\" data-id=\"40b1b16\" data-element_type=\"container\" data-e-type=\"container\">\r\n\t\t\t\t<div class=\"elementor-element elementor-element-035b511 elementor-widget elementor-widget-text-editor\" data-id=\"035b511\" data-element_type=\"widget\" data-e-type=\"widget\" data-widget_type=\"text-editor.default\">\n\t\t\t\t\t\t\t\t\t<p>Chez <strong>MonRaspberry.com<\/strong>, nous accompagnons les <strong>\u00e9tablissements scolaires<\/strong> et <strong>associations<\/strong> dans l\u2019int\u00e9gration des nouvelles technologies et du num\u00e9rique dans leurs projets p\u00e9dagogiques et \u00e9ducatifs. Nous proposons des <strong>solutions adapt\u00e9es<\/strong>, un <strong>accompagnement personnalis\u00e9<\/strong> et une <strong>gestion simplifi\u00e9e des commandes<\/strong> pour faciliter votre mission.<\/p>\t\t\t\t\t\t\t\t<\/div>\n\t\t\t\t<div class=\"elementor-element elementor-element-336a6ae elementor-widget elementor-widget-heading\" data-id=\"336a6ae\" data-element_type=\"widget\" data-e-type=\"widget\" data-widget_type=\"heading.default\">\n\t\t\t\t\t<h3 class=\"elementor-heading-title elementor-size-default\">Sommaire<\/h3>\t\t\t\t<\/div>\n\t\t\t\t<div class=\"elementor-element elementor-element-b4289f0 elementor-widget elementor-widget-text-editor\" data-id=\"b4289f0\" data-element_type=\"widget\" data-e-type=\"widget\" data-widget_type=\"text-editor.default\">\n\t\t\t\t\t\t\t\t\t<ol><li><a href=\"#1\">Pourquoi choisir notre entreprise ?<\/a><\/li><li><a href=\"#2\">Mat\u00e9riels adapt\u00e9s<\/a><\/li><li><a href=\"#3\">Comment commander ?<\/a><\/li><\/ol>\t\t\t\t\t\t\t\t<\/div>\n\t\t\t\t<\/div>\n\t\t<div class=\"elementor-element elementor-element-2e982b5 e-con-full e-flex e-con e-child\" data-id=\"2e982b5\" data-element_type=\"container\" data-e-type=\"container\">\r\n\t\t\t\t<div class=\"elementor-element elementor-element-49d05fa elementor-widget elementor-widget-image\" data-id=\"49d05fa\" data-element_type=\"widget\" data-e-type=\"widget\" data-widget_type=\"image.default\">\n\t\t\t\t\t\t\t\t\t\t\t\t\t\t\t<img decoding=\"async\" src=\"https:\/\/monraspberry.com\/wp-content\/uploads\/elementor\/thumbs\/DALL\u00b7E-2024-11-05-16.12.01-A-simple-ultra-realistic-image-of-an-educational-setting-focused-on-technology-resources.-The-scene-shows-a-clean-desk-with-a-single-Raspberry-Pi-kit-r99rnkgfgdh1z9pvfn0uln0coo1flo3q89970a6gm8.webp\" title=\"DALL\u00b7E 2024-11-05 16.12.01 &#8211; A simple, ultra-realistic image of an educational setting focused on technology resources. The scene shows a clean desk with a single Raspberry Pi kit\" alt=\"Offres pour l&#039;\u00e9ducation\" loading=\"lazy\" \/>\t\t\t\t\t\t\t\t\t\t\t\t\t\t\t<\/div>\n\t\t\t\t<\/div>\n\t\t\t\t\t<\/div>\n\t\t\t\t<\/div>\n\t\t<div class=\"elementor-element elementor-element-069eb50 e-flex e-con-boxed e-con e-parent\" data-id=\"069eb50\" data-element_type=\"container\" data-e-type=\"container\">\r\n\t\t\t\t\t<div class=\"e-con-inner\">\r\n\t\t\t\t<div class=\"elementor-element elementor-element-5118772 elementor-widget elementor-widget-menu-anchor\" data-id=\"5118772\" data-element_type=\"widget\" data-e-type=\"widget\" data-widget_type=\"menu-anchor.default\">\n\t\t\t\t\t\t\t<div class=\"elementor-menu-anchor\" id=\"1\"><\/div>\n\t\t\t\t\t\t<\/div>\n\t\t\t\t<div class=\"elementor-element elementor-element-4e15443 elementor-widget elementor-widget-heading\" data-id=\"4e15443\" data-element_type=\"widget\" data-e-type=\"widget\" data-widget_type=\"heading.default\">\n\t\t\t\t\t<h2 class=\"elementor-heading-title elementor-size-default\">Pourquoi nous choisir ?<\/h2>\t\t\t\t<\/div>\n\t\t\t\t\t<\/div>\n\t\t\t\t<\/div>\n\t\t<div class=\"elementor-element elementor-element-2111173 e-flex e-con-boxed e-con e-parent\" data-id=\"2111173\" data-element_type=\"container\" data-e-type=\"container\">\r\n\t\t\t\t\t<div class=\"e-con-inner\">\r\n\t\t\t\t<div class=\"elementor-element elementor-element-8a8d441 elementor-widget elementor-widget-text-editor\" data-id=\"8a8d441\" data-element_type=\"widget\" data-e-type=\"widget\" data-widget_type=\"text-editor.default\">\n\t\t\t\t\t\t\t\t\t<p>\u2705 <strong>Un large choix de mat\u00e9riel p\u00e9dagogique<\/strong> : Raspberry Pi, kits \u00e9lectroniques, capteurs, robots \u00e9ducatifs et accessoires con\u00e7us pour l\u2019apprentissage de la programmation, de l\u2019\u00e9lectronique et de l\u2019intelligence artificielle.<br \/>\u2705 <strong>Un support et un accompagnement d\u00e9di\u00e9s<\/strong> : Conseils techniques, guides d\u2019utilisation et ressources p\u00e9dagogiques pour une prise en main rapide et efficace.<br \/>\u2705 <strong>Une gestion administrative simplifi\u00e9e<\/strong> : Commande facile avec la possibilit\u00e9 de <strong>paiement par mandat administratif<\/strong> pour les \u00e9tablissements publics.<br \/>\u2705 <strong>Une logistique optimis\u00e9e<\/strong> : Stock disponible et <strong>livraison rapide<\/strong> pour assurer la mise en place de vos projets dans les meilleurs d\u00e9lais.<\/p>\t\t\t\t\t\t\t\t<\/div>\n\t\t\t\t\t<\/div>\n\t\t\t\t<\/div>\n\t\t<div class=\"elementor-element elementor-element-754c534 e-flex e-con-boxed e-con e-parent\" data-id=\"754c534\" data-element_type=\"container\" data-e-type=\"container\">\r\n\t\t\t\t\t<div class=\"e-con-inner\">\r\n\t\t\t\t<div class=\"elementor-element elementor-element-66d7e09 elementor-widget elementor-widget-menu-anchor\" data-id=\"66d7e09\" data-element_type=\"widget\" data-e-type=\"widget\" data-widget_type=\"menu-anchor.default\">\n\t\t\t\t\t\t\t<div class=\"elementor-menu-anchor\" id=\"2\"><\/div>\n\t\t\t\t\t\t<\/div>\n\t\t\t\t<div class=\"elementor-element elementor-element-338f1e4 elementor-widget elementor-widget-heading\" data-id=\"338f1e4\" data-element_type=\"widget\" data-e-type=\"widget\" data-widget_type=\"heading.default\">\n\t\t\t\t\t<h2 class=\"elementor-heading-title elementor-size-default\">Mat\u00e9riels adapt\u00e9s<\/h2>\t\t\t\t<\/div>\n\t\t\t\t\t<\/div>\n\t\t\t\t<\/div>\n\t\t<div class=\"elementor-element elementor-element-07a738e e-flex e-con-boxed e-con e-parent\" data-id=\"07a738e\" data-element_type=\"container\" data-e-type=\"container\">\r\n\t\t\t\t\t<div class=\"e-con-inner\">\r\n\t\t\t\t<div class=\"elementor-element elementor-element-8f55d79 elementor-widget elementor-widget-text-editor\" data-id=\"8f55d79\" data-element_type=\"widget\" data-e-type=\"widget\" data-widget_type=\"text-editor.default\">\n\t\t\t\t\t\t\t\t\t<p>Nous aidons les \u00e9coles, coll\u00e8ges, lyc\u00e9es, \u00e9tablissements d&#8217;enseignement sup\u00e9rieur et associations \u00e0 int\u00e9grer le num\u00e9rique dans leur p\u00e9dagogie gr\u00e2ce \u00e0 des solutions adapt\u00e9es :<\/p><p>\ud83d\udd39 <strong>Kits p\u00e9dagogiques<\/strong> : Con\u00e7us pour apprendre la programmation, l\u2019\u00e9lectronique et la robotique, adapt\u00e9s aux diff\u00e9rents niveaux scolaires.<br \/>\ud83d\udd39 <strong>Mat\u00e9riel informatique pour \u00e9quiper les classes<\/strong> : Raspberry Pi, cartes d\u2019extension, \u00e9crans, claviers, accessoires et solutions r\u00e9seau.<br \/>\ud83d\udd39 <strong>Projets cl\u00e9 en main<\/strong> : Des kits complets pour des ateliers d\u2019initiation au num\u00e9rique et aux nouvelles technologies.<br \/>\ud83d\udd39 <strong>Accompagnement technique<\/strong> : Assistance pour le choix du mat\u00e9riel et conseils pour son int\u00e9gration en classe.<\/p><p>\ud83d\udca1 <strong>Facilit\u00e9 de paiement pour les \u00e9tablissements publics<\/strong><br \/>Nous acceptons les <strong>mandats administratifs<\/strong>, permettant ainsi aux \u00e9coles et universit\u00e9s de commander sans avance de fonds.<\/p>\t\t\t\t\t\t\t\t<\/div>\n\t\t\t\t\t<\/div>\n\t\t\t\t<\/div>\n\t\t<div class=\"elementor-element elementor-element-7de30e3 e-flex e-con-boxed e-con e-parent\" data-id=\"7de30e3\" data-element_type=\"container\" data-e-type=\"container\">\r\n\t\t\t\t\t<div class=\"e-con-inner\">\r\n\t\t\t\t<div class=\"elementor-element elementor-element-dd5dc29 elementor-widget elementor-widget-menu-anchor\" data-id=\"dd5dc29\" data-element_type=\"widget\" data-e-type=\"widget\" data-widget_type=\"menu-anchor.default\">\n\t\t\t\t\t\t\t<div class=\"elementor-menu-anchor\" id=\"3\"><\/div>\n\t\t\t\t\t\t<\/div>\n\t\t\t\t<div class=\"elementor-element elementor-element-550ffbe elementor-widget elementor-widget-heading\" data-id=\"550ffbe\" data-element_type=\"widget\" data-e-type=\"widget\" data-widget_type=\"heading.default\">\n\t\t\t\t\t<h2 class=\"elementor-heading-title elementor-size-default\">Comment commander ?<\/h2>\t\t\t\t<\/div>\n\t\t\t\t\t<\/div>\n\t\t\t\t<\/div>\n\t\t<div class=\"elementor-element elementor-element-792d3f4 e-flex e-con-boxed e-con e-parent\" data-id=\"792d3f4\" data-element_type=\"container\" data-e-type=\"container\">\r\n\t\t\t\t\t<div class=\"e-con-inner\">\r\n\t\t\t\t<div class=\"elementor-element elementor-element-0c218bf elementor-widget elementor-widget-text-editor\" data-id=\"0c218bf\" data-element_type=\"widget\" data-e-type=\"widget\" data-widget_type=\"text-editor.default\">\n\t\t\t\t\t\t\t\t\t<p>1\ufe0f\u20e3 <strong>D\u00e9finissez vos besoins<\/strong> : Contactez notre \u00e9quipe pour vous conseiller sur le mat\u00e9riel le plus adapt\u00e9 \u00e0 vos projets.<br \/>2\ufe0f\u20e3 <strong>Obtenez un devis personnalis\u00e9<\/strong> : Nous vous proposons une solution sur mesure en fonction de votre structure et de vos objectifs.<br \/>3\ufe0f\u20e3 <strong>Passez commande facilement<\/strong> : Paiement possible par <strong>mandat administratif<\/strong> pour les \u00e9tablissements publics ou par les moyens classiques pour les associations.<br \/>4\ufe0f\u20e3 <strong>Recevez votre mat\u00e9riel rapidement<\/strong> : Livraison optimis\u00e9e pour que vous puissiez d\u00e9marrer vos projets sans d\u00e9lai.<\/p><p>\ud83d\udce9 <strong>Besoin de conseils ou d\u2019un devis ?<\/strong> Contactez notre service d\u00e9di\u00e9 aux offres \u00e9ducatives et associatives via [email\/contact].<\/p>\t\t\t\t\t\t\t\t<\/div>\n\t\t\t\t\t<\/div>\n\t\t\t\t<\/div>\n\t\t\t\t<\/div>\n\t\t","protected":false},"excerpt":{"rendered":"<p>Chez MonRaspberry.com, nous accompagnons les \u00e9tablissements scolaires et associations dans l\u2019int\u00e9gration des nouvelles technologies et du num\u00e9rique dans leurs projets p\u00e9dagogiques et \u00e9ducatifs. Nous proposons des solutions adapt\u00e9es, un accompagnement personnalis\u00e9 et une gestion simplifi\u00e9e des commandes pour faciliter votre mission. Sommaire Pourquoi choisir notre entreprise ? Mat\u00e9riels adapt\u00e9s Comment commander ? Pourquoi nous choisir [&hellip;]<\/p>\n","protected":false},"author":1,"featured_media":0,"parent":0,"menu_order":0,"comment_status":"closed","ping_status":"closed","template":"","meta":{"footnotes":""},"class_list":["post-25351","page","type-page","status-publish","hentry"],"jetpack_sharing_enabled":true,"_links":{"self":[{"href":"https:\/\/monraspberry.com\/de\/wp-json\/wp\/v2\/pages\/25351","targetHints":{"allow":["GET"]}}],"collection":[{"href":"https:\/\/monraspberry.com\/de\/wp-json\/wp\/v2\/pages"}],"about":[{"href":"https:\/\/monraspberry.com\/de\/wp-json\/wp\/v2\/types\/page"}],"author":[{"embeddable":true,"href":"https:\/\/monraspberry.com\/de\/wp-json\/wp\/v2\/users\/1"}],"replies":[{"embeddable":true,"href":"https:\/\/monraspberry.com\/de\/wp-json\/wp\/v2\/comments?post=25351"}],"version-history":[{"count":0,"href":"https:\/\/monraspberry.com\/de\/wp-json\/wp\/v2\/pages\/25351\/revisions"}],"wp:attachment":[{"href":"https:\/\/monraspberry.com\/de\/wp-json\/wp\/v2\/media?parent=25351"}],"curies":[{"name":"wp","href":"https:\/\/api.w.org\/{rel}","templated":true}]}}