{"id":24732,"date":"2024-11-05T15:36:51","date_gmt":"2024-11-05T14:36:51","guid":{"rendered":"https:\/\/monraspberry.com\/?page_id=24732"},"modified":"2025-08-07T09:36:08","modified_gmt":"2025-08-07T07:36:08","slug":"unsere-dienstleistungen","status":"publish","type":"page","link":"https:\/\/monraspberry.com\/de\/nos-services\/","title":{"rendered":"Unsere Dienstleistungen"},"content":{"rendered":"<div data-elementor-type=\"wp-page\" data-elementor-id=\"24732\" class=\"elementor elementor-24732\">\n\t\t\t\t<div class=\"elementor-element elementor-element-4e4b7d6 e-flex e-con-boxed e-con e-parent\" data-id=\"4e4b7d6\" data-element_type=\"container\" data-e-type=\"container\">\r\n\t\t\t\t\t<div class=\"e-con-inner\">\r\n\t\t\t\t<div class=\"elementor-element elementor-element-1f452dc elementor-widget elementor-widget-heading\" data-id=\"1f452dc\" data-element_type=\"widget\" data-e-type=\"widget\" data-widget_type=\"heading.default\">\n\t\t\t\t\t<h1 class=\"elementor-heading-title elementor-size-default\">Unsere Dienstleistungen<\/h1>\t\t\t\t<\/div>\n\t\t\t\t\t<\/div>\n\t\t\t\t<\/div>\n\t\t\t\t<section class=\"elementor-section elementor-top-section elementor-element elementor-element-3e8b29c elementor-section-full_width elementor-section-content-middle elementor-section-height-default elementor-section-height-default\" data-id=\"3e8b29c\" data-element_type=\"section\" data-e-type=\"section\">\r\n\t\t\r\n\t\t\t\t\t\t\t<div class=\"elementor-container elementor-column-gap-default\">\r\n\t\t\t\t\t\t\t\t\t\t\t<div class=\"elementor-column elementor-col-50 elementor-top-column elementor-element elementor-element-8a0361c\" data-id=\"8a0361c\" data-element_type=\"column\" data-e-type=\"column\">\r\n\t\t\t\t\t<div class=\"elementor-widget-wrap elementor-element-populated\">\r\n\t\t\t\t\t\t\t\t<div class=\"elementor-element elementor-element-6276319 elementor-widget elementor-widget-wp-widget-media_image\" data-id=\"6276319\" data-element_type=\"widget\" data-e-type=\"widget\" data-widget_type=\"wp-widget-media_image.default\">\n\t\t\t\t<div class=\"elementor-widget-container\">\n\t\t\t\t\t<img loading=\"lazy\" decoding=\"async\" class=\"image\" src=\"https:\/\/monraspberry.com\/wp-content\/uploads\/2023\/07\/LOGO-MONRASPBERRY.webp\" alt=\"\" width=\"800\" height=\"600\" title=\"\">\t\t\t\t<\/div>\n\t\t\t\t<\/div>\n\t\t\t\t\t<\/div>\r\n\t\t\t\t<\/div>\r\n\t\t\t\t<div class=\"elementor-column elementor-col-50 elementor-top-column elementor-element elementor-element-a992fa3\" data-id=\"a992fa3\" data-element_type=\"column\" data-e-type=\"column\">\r\n\t\t\t\t\t<div class=\"elementor-widget-wrap elementor-element-populated\">\r\n\t\t\t\t\t\t\t\t<div class=\"elementor-element elementor-element-fd0a07b elementor-widget elementor-widget-heading\" data-id=\"fd0a07b\" data-element_type=\"widget\" data-e-type=\"widget\" data-widget_type=\"heading.default\">\n\t\t\t\t\t<h2 class=\"elementor-heading-title elementor-size-default\">Wer sind wir?<\/h2>\t\t\t\t<\/div>\n\t\t\t\t<div class=\"elementor-element elementor-element-7c29741 elementor-widget elementor-widget-text-editor\" data-id=\"7c29741\" data-element_type=\"widget\" data-e-type=\"widget\" data-widget_type=\"text-editor.default\">\n\t\t\t\t\t\t\t\t\t<p>Willkommen bei MeinRaspberry.com, Ihrem bevorzugten Partner f\u00fcr alle Ihre Raspberry Pi basierten Projekte. Wir bieten eine umfassende Palette an ma\u00dfgeschneiderten Dienstleistungen an, um den Bed\u00fcrfnissen von Privatpersonen, Unternehmen und Bildungseinrichtungen gerecht zu werden. Unser Fachwissen garantiert Ihnen innovative L\u00f6sungen, die auf Ihre technologischen Anforderungen zugeschnitten sind.<\/p>\t\t\t\t\t\t\t\t<\/div>\n\t\t\t\t\t<\/div>\r\n\t\t\t\t<\/div>\r\n\t\t\t\t\t<\/div>\r\n\t\t\t\t<\/section>\r\n\t\t\t\t<section class=\"porto-full-no-gap elementor-section elementor-top-section elementor-element elementor-element-fcfe96e elementor-section-full_width elementor-section-height-default elementor-section-height-default\" data-id=\"fcfe96e\" data-element_type=\"section\" data-e-type=\"section\">\r\n\t\t\r\n\t\t\t\t\t\t\t<div class=\"elementor-container elementor-column-gap-no\">\r\n\t\t\t\t\t\t\t\t\t\t\t<div class=\"elementor-column elementor-col-100 elementor-top-column elementor-element elementor-element-1378ae9\" data-id=\"1378ae9\" data-element_type=\"column\" data-e-type=\"column\">\r\n\t\t\t\t\t<div class=\"elementor-widget-wrap elementor-element-populated\">\r\n\t\t\t\t\t\t\t\t<div class=\"elementor-element elementor-element-ea8b6cf elementor-widget-divider--view-line elementor-widget elementor-widget-divider\" data-id=\"ea8b6cf\" data-element_type=\"widget\" data-e-type=\"widget\" data-widget_type=\"divider.default\">\n\t\t\t\t\t\t\t<div class=\"elementor-divider\">\n\t\t\t<span class=\"elementor-divider-separator\">\n\t\t\t\t\t\t<\/span>\n\t\t<\/div>\n\t\t\t\t\t\t<\/div>\n\t\t\t\t\t<\/div>\r\n\t\t\t\t<\/div>\r\n\t\t\t\t\t<\/div>\r\n\t\t\t\t<\/section>\r\n\t\t\t\t<section class=\"elementor-section elementor-top-section elementor-element elementor-element-3a6d8a5 elementor-section-full_width elementor-section-height-default elementor-section-height-default\" data-id=\"3a6d8a5\" data-element_type=\"section\" data-e-type=\"section\">\r\n\t\t\r\n\t\t\t\t\t\t\t<div class=\"elementor-container elementor-column-gap-default\">\r\n\t\t\t\t\t\t\t\t\t\t\t<div class=\"elementor-column elementor-col-33 elementor-top-column elementor-element elementor-element-9797c2f\" data-id=\"9797c2f\" data-element_type=\"column\" data-e-type=\"column\">\r\n\t\t\t\t\t<div class=\"elementor-widget-wrap elementor-element-populated\">\r\n\t\t\t\t\t\t\t\t<div class=\"elementor-element elementor-element-d71e40c elementor-widget elementor-widget-porto_ultimate_heading\" data-id=\"d71e40c\" data-element_type=\"widget\" data-e-type=\"widget\" data-widget_type=\"porto_ultimate_heading.default\">\n\t\t\t\t\t<div class=\"porto-u-heading  porto-u-ad87e2eaf3f9c495180fe0156ddf3eb0\"><div class=\"porto-u-main-heading\"><h3    style=\"margin-bottom: 21px;\">Zusammenbau von Raspberry Pi<\/h3><\/div><div class=\"porto-u-sub-heading\" style=\"\">Wir bieten einen kompletten Montageservice f\u00fcr Ihren Raspberry Pi an, der die physische Installation, die Softwarekonfiguration und die notwendigen Optimierungen f\u00fcr ein betriebsbereites System umfasst. Sparen Sie Zeit und starten Sie Ihre Projekte sofort mit einem Raspberry Pi, der nach Ihren Bed\u00fcrfnissen getestet und konfiguriert wurde.<\/div><style>.porto-u-ad87e2eaf3f9c495180fe0156ddf3eb0.porto-u-heading{text-align:left}<\/style><\/div>\t\t\t\t<\/div>\n\t\t\t\t\t<\/div>\r\n\t\t\t\t<\/div>\r\n\t\t\t\t<div class=\"elementor-column elementor-col-33 elementor-top-column elementor-element elementor-element-ceef9cc\" data-id=\"ceef9cc\" data-element_type=\"column\" data-e-type=\"column\">\r\n\t\t\t\t\t<div class=\"elementor-widget-wrap elementor-element-populated\">\r\n\t\t\t\t\t\t\t\t<div class=\"elementor-element elementor-element-4a6ccc3 elementor-widget elementor-widget-porto_ultimate_heading\" data-id=\"4a6ccc3\" data-element_type=\"widget\" data-e-type=\"widget\" data-widget_type=\"porto_ultimate_heading.default\">\n\t\t\t\t\t<div class=\"porto-u-heading  porto-u-ad87e2eaf3f9c495180fe0156ddf3eb0\"><div class=\"porto-u-main-heading\"><h3    style=\"margin-bottom: 21px;\">Duplizieren \/ Flash von SD-Karten<\/h3><\/div><div class=\"porto-u-sub-heading\" style=\"\">Wir bieten einen professionellen Service f\u00fcr das Duplizieren und Flashen von SD-Karten f\u00fcr Raspberry Pi an. Egal, ob Sie eine einzelne Karte oder eine gro\u00dfe Serie ben\u00f6tigen, wir bereiten Ihre Medien mit dem Betriebssystem oder dem benutzerdefinierten Image Ihrer Wahl vor und garantieren so eine optimale Leistung und eine sofort einsatzbereite Konfiguration.<\/div><style>.porto-u-ad87e2eaf3f9c495180fe0156ddf3eb0.porto-u-heading{text-align:left}<\/style><\/div>\t\t\t\t<\/div>\n\t\t\t\t\t<\/div>\r\n\t\t\t\t<\/div>\r\n\t\t\t\t<div class=\"elementor-column elementor-col-33 elementor-top-column elementor-element elementor-element-bb2041c\" data-id=\"bb2041c\" data-element_type=\"column\" data-e-type=\"column\">\r\n\t\t\t\t\t<div class=\"elementor-widget-wrap elementor-element-populated\">\r\n\t\t\t\t\t\t\t\t<div class=\"elementor-element elementor-element-da39405 elementor-widget elementor-widget-porto_ultimate_heading\" data-id=\"da39405\" data-element_type=\"widget\" data-e-type=\"widget\" data-widget_type=\"porto_ultimate_heading.default\">\n\t\t\t\t\t<div class=\"porto-u-heading  porto-u-ad87e2eaf3f9c495180fe0156ddf3eb0\"><div class=\"porto-u-main-heading\"><h3    style=\"margin-bottom: 21px;\">Angebote f\u00fcr den Bildungsbereich<\/h3><\/div><div class=\"porto-u-sub-heading\" style=\"\">Wir unterst\u00fctzen Schulen, Universit\u00e4ten und Bildungseinrichtungen mit speziellen Angeboten rund um den Raspberry Pi. Lernpakete, schl\u00fcsselfertige L\u00f6sungen und Sonderrabatte: Alles ist darauf ausgelegt, das Erlernen von Informatik, Programmierung und Elektronik von der Grundschule bis zur Hochschule zu erleichtern.<\/div><style>.porto-u-ad87e2eaf3f9c495180fe0156ddf3eb0.porto-u-heading{text-align:left}<\/style><\/div>\t\t\t\t<\/div>\n\t\t\t\t\t<\/div>\r\n\t\t\t\t<\/div>\r\n\t\t\t\t\t<\/div>\r\n\t\t\t\t<\/section>\r\n\t\t\t\t<section class=\"elementor-section elementor-top-section elementor-element elementor-element-b7da080 elementor-section-full_width elementor-section-height-default elementor-section-height-default\" data-id=\"b7da080\" data-element_type=\"section\" data-e-type=\"section\" data-settings=\"{&quot;background_background&quot;:&quot;classic&quot;}\">\r\n\t\t\r\n\t\t\t\t\t\t\t<div class=\"elementor-container elementor-column-gap-default\">\r\n\t\t\t\t\t\t\t\t\t\t\t<div class=\"elementor-column elementor-col-25 elementor-top-column elementor-element elementor-element-5840ffe\" data-id=\"5840ffe\" data-element_type=\"column\" data-e-type=\"column\">\r\n\t\t\t\t\t<div class=\"elementor-widget-wrap elementor-element-populated\">\r\n\t\t\t\t\t\t\t\t<div class=\"elementor-element elementor-element-cf26479 elementor-widget elementor-widget-porto_stat_counter\" data-id=\"cf26479\" data-element_type=\"widget\" data-e-type=\"widget\" data-widget_type=\"porto_stat_counter.default\">\n\t\t\t\t\t<div class=\"stats-block stats-top\"><div class=\"stats-desc\"><div id=\"counter_145267585069eebfe747504\" data-id=\"counter_145267585069eebfe747504\" class=\"stats-number\" style=\" \" data-speed=\"3\" data-counter-value=\"6000\" data-separator=\"none\" data-decimal=\"none\">0<\/div><div class=\"counter_suffix mycust\" style=\" \">+<\/div><div class=\"stats-text\" style=\"\">Zusammengestellte Kits<\/div><\/div><\/div>\t\t\t\t<\/div>\n\t\t\t\t\t<\/div>\r\n\t\t\t\t<\/div>\r\n\t\t\t\t<div class=\"elementor-column elementor-col-25 elementor-top-column elementor-element elementor-element-abcdca8\" data-id=\"abcdca8\" data-element_type=\"column\" data-e-type=\"column\">\r\n\t\t\t\t\t<div class=\"elementor-widget-wrap elementor-element-populated\">\r\n\t\t\t\t\t\t\t\t<div class=\"elementor-element elementor-element-1034ec6 elementor-widget elementor-widget-porto_stat_counter\" data-id=\"1034ec6\" data-element_type=\"widget\" data-e-type=\"widget\" data-widget_type=\"porto_stat_counter.default\">\n\t\t\t\t\t<div class=\"stats-block stats-top\"><div class=\"stats-desc\"><div class=\"counter_prefix mycust\" style=\" \">+<\/div><div id=\"counter_107777715869eebfe747c30\" data-id=\"counter_107777715869eebfe747c30\" class=\"stats-number\" style=\" \" data-speed=\"3\" data-counter-value=\"15000\" data-separator=\"none\" data-decimal=\"none\">0<\/div><div class=\"stats-text\" style=\"\">Geflashte SD-Karten<\/div><\/div><\/div>\t\t\t\t<\/div>\n\t\t\t\t\t<\/div>\r\n\t\t\t\t<\/div>\r\n\t\t\t\t<div class=\"elementor-column elementor-col-25 elementor-top-column elementor-element elementor-element-d597c07\" data-id=\"d597c07\" data-element_type=\"column\" data-e-type=\"column\">\r\n\t\t\t\t\t<div class=\"elementor-widget-wrap elementor-element-populated\">\r\n\t\t\t\t\t\t\t\t<div class=\"elementor-element elementor-element-70888f2 elementor-widget elementor-widget-porto_stat_counter\" data-id=\"70888f2\" data-element_type=\"widget\" data-e-type=\"widget\" data-widget_type=\"porto_stat_counter.default\">\n\t\t\t\t\t<div class=\"stats-block stats-top\"><div class=\"stats-desc\"><div class=\"counter_prefix mycust\" style=\" \">+<\/div><div id=\"counter_65732795669eebfe748371\" data-id=\"counter_65732795669eebfe748371\" class=\"stats-number\" style=\" \" data-speed=\"3\" data-counter-value=\"50000\" data-separator=\"none\" data-decimal=\"none\">0<\/div><div class=\"stats-text\" style=\"\">Verkaufte Produkte<\/div><\/div><\/div>\t\t\t\t<\/div>\n\t\t\t\t\t<\/div>\r\n\t\t\t\t<\/div>\r\n\t\t\t\t<div class=\"elementor-column elementor-col-25 elementor-top-column elementor-element elementor-element-4e8913b\" data-id=\"4e8913b\" data-element_type=\"column\" data-e-type=\"column\">\r\n\t\t\t\t\t<div class=\"elementor-widget-wrap elementor-element-populated\">\r\n\t\t\t\t\t\t\t\t<div class=\"elementor-element elementor-element-1d6c6c2 elementor-widget elementor-widget-porto_stat_counter\" data-id=\"1d6c6c2\" data-element_type=\"widget\" data-e-type=\"widget\" data-widget_type=\"porto_stat_counter.default\">\n\t\t\t\t\t<div class=\"stats-block stats-top\"><div class=\"stats-desc\"><div id=\"counter_60960727469eebfe748a65\" data-id=\"counter_60960727469eebfe748a65\" class=\"stats-number\" style=\" \" data-speed=\"3\" data-counter-value=\"6\" data-separator=\"none\" data-decimal=\"none\">0<\/div><div class=\"counter_suffix mycust\" style=\" \">H<\/div><div class=\"stats-text\" style=\"\">Durchschnittliche Antwortzeit<\/div><\/div><\/div>\t\t\t\t<\/div>\n\t\t\t\t\t<\/div>\r\n\t\t\t\t<\/div>\r\n\t\t\t\t\t<\/div>\r\n\t\t\t\t<\/section>\r\n\t\t\t\t<\/div>","protected":false},"excerpt":{"rendered":"<p>Nos services Qui sommes-nous ? Bienvenue chez MonRaspberry.com, votre partenaire privil\u00e9gi\u00e9 pour tous vos projets bas\u00e9s sur le Raspberry Pi. Nous proposons une gamme compl\u00e8te de services personnalis\u00e9s pour r\u00e9pondre aux besoins des particuliers, des entreprises et des \u00e9tablissements \u00e9ducatifs. Notre expertise vous garantit des solutions innovantes et adapt\u00e9es \u00e0 vos exigences technologiques. Assemblage de [&hellip;]<\/p>\n","protected":false},"author":1,"featured_media":0,"parent":0,"menu_order":0,"comment_status":"closed","ping_status":"closed","template":"","meta":{"footnotes":""},"class_list":["post-24732","page","type-page","status-publish","hentry"],"jetpack_sharing_enabled":true,"_links":{"self":[{"href":"https:\/\/monraspberry.com\/de\/wp-json\/wp\/v2\/pages\/24732","targetHints":{"allow":["GET"]}}],"collection":[{"href":"https:\/\/monraspberry.com\/de\/wp-json\/wp\/v2\/pages"}],"about":[{"href":"https:\/\/monraspberry.com\/de\/wp-json\/wp\/v2\/types\/page"}],"author":[{"embeddable":true,"href":"https:\/\/monraspberry.com\/de\/wp-json\/wp\/v2\/users\/1"}],"replies":[{"embeddable":true,"href":"https:\/\/monraspberry.com\/de\/wp-json\/wp\/v2\/comments?post=24732"}],"version-history":[{"count":0,"href":"https:\/\/monraspberry.com\/de\/wp-json\/wp\/v2\/pages\/24732\/revisions"}],"wp:attachment":[{"href":"https:\/\/monraspberry.com\/de\/wp-json\/wp\/v2\/media?parent=24732"}],"curies":[{"name":"wp","href":"https:\/\/api.w.org\/{rel}","templated":true}]}}