{"id":24152,"date":"2024-09-02T11:56:24","date_gmt":"2024-09-02T09:56:24","guid":{"rendered":"https:\/\/monraspberry.com\/?page_id=24152"},"modified":"2025-08-07T09:45:27","modified_gmt":"2025-08-07T07:45:27","slug":"pimoroni","status":"publish","type":"page","link":"https:\/\/monraspberry.com\/de\/pimoroni\/","title":{"rendered":"Pimoroni"},"content":{"rendered":"<div data-elementor-type=\"wp-page\" data-elementor-id=\"24152\" class=\"elementor elementor-24152\">\n\t\t\t\t<div class=\"elementor-element elementor-element-5233eee e-flex e-con-boxed e-con e-parent\" data-id=\"5233eee\" data-element_type=\"container\" data-e-type=\"container\">\r\n\t\t\t\t\t<div class=\"e-con-inner\">\r\n\t\t\t\t<div class=\"elementor-element elementor-element-62f85ad elementor-position-left elementor-vertical-align-middle elementor-widget elementor-widget-image-box\" data-id=\"62f85ad\" data-element_type=\"widget\" data-e-type=\"widget\" data-widget_type=\"image-box.default\">\n\t\t\t\t\t<div class=\"elementor-image-box-wrapper\"><figure class=\"elementor-image-box-img\"><img loading=\"lazy\" decoding=\"async\" width=\"600\" height=\"600\" src=\"https:\/\/monraspberry.com\/wp-content\/uploads\/2024\/08\/Logo-PIMORONI-carre.png\" class=\"attachment-full size-full wp-image-24061\" alt=\"\" title=\"\" srcset=\"https:\/\/monraspberry.com\/wp-content\/uploads\/2024\/08\/Logo-PIMORONI-carre.png 600w, https:\/\/monraspberry.com\/wp-content\/uploads\/2024\/08\/Logo-PIMORONI-carre-340x340.png 340w\" sizes=\"auto, (max-width: 600px) 100vw, 600px\" \/><\/figure><div class=\"elementor-image-box-content\"><h3 class=\"elementor-image-box-title\">Kreativit\u00e4t und Innovation <\/h3><p class=\"elementor-image-box-description\">Pimoroni ist eine ikonische Marke in der Welt der Maker, Raspberry-Pi-Enthusiasten und Liebhaber von kreativer Technologie. Gegr\u00fcndet von leidenschaftlichen Ingenieuren, zeichnet sich Pimoroni durch seinen innovativen und spielerischen Ansatz bei der Entwicklung von Zubeh\u00f6r und L\u00f6sungen f\u00fcr Raspberry Pi, Arduino und andere Plattformen f\u00fcr die Herstellung von Prototypen aus. Bekannt f\u00fcr seine Pibow-Geh\u00e4use, bietet Pimoroni auch eine breite Produktpalette an, die von HATs \u00fcber Bildschirme und Sensoren bis hin zu Lernpaketen reicht, die die Kreativit\u00e4t inspirieren und das Lernen erleichtern sollen.<\/p><\/div><\/div>\t\t\t\t<\/div>\n\t\t\t\t\t<\/div>\n\t\t\t\t<\/div>\n\t\t<div class=\"elementor-element elementor-element-2c0d0b0 e-flex e-con-boxed e-con e-parent\" data-id=\"2c0d0b0\" data-element_type=\"container\" data-e-type=\"container\">\r\n\t\t\t\t\t<div class=\"e-con-inner\">\r\n\t\t\t\t<div class=\"elementor-element elementor-element-e16299f elementor-widget elementor-widget-heading\" data-id=\"e16299f\" data-element_type=\"widget\" data-e-type=\"widget\" data-widget_type=\"heading.default\">\n\t\t\t\t\t<h2 class=\"elementor-heading-title elementor-size-default\">Geschichte und Philosophie <\/h2>\t\t\t\t<\/div>\n\t\t\t\t<div class=\"elementor-element elementor-element-5d98db2 elementor-widget elementor-widget-text-editor\" data-id=\"5d98db2\" data-element_type=\"widget\" data-e-type=\"widget\" data-widget_type=\"text-editor.default\">\n\t\t\t\t\t\t\t\t\t<h3>Die Anf\u00e4nge und die Innovation :<\/h3><p>Pimoroni wurde 2012 in Sheffield, Gro\u00dfbritannien, von Jon Williamson und Paul Beech gegr\u00fcndet und hat mit seinen innovativen Produkten schnell die Aufmerksamkeit von Raspberry-Pi-Enthusiasten auf sich gezogen. Ihr erster Erfolg, die Pibow-Geh\u00e4usereihe, ver\u00e4nderte die Art und Weise, wie Nutzer ihren Raspberry Pi sch\u00fctzen und individuell gestalten. Die Pibow-Ger\u00e4te wurden ikonisch f\u00fcr ihr einzigartiges Design mit Schichten aus farbigem Acrylkunststoff, die einen robusten Schutz bieten und gleichzeitig einen \u00e4sthetischen Touch verleihen.<\/p><h3>\u00dcber Pibow hinaus: Eine Erweiterung der Produktpalette :<\/h3><p>W\u00e4hrend die Pibows die Marke ins Leben gerufen haben, hat Pimoroni immer wieder Innovationen hervorgebracht und eine Vielzahl von Produkten angeboten, um die kreativen M\u00f6glichkeiten der Raspberry Pi-Benutzer zu erweitern. Die Marke hat HATs (Hardware Attached on Top) entwickelt, die Raspberry Pi um spezielle Funktionen wie Relais, Sensoren und Bildschirme erweitern und so komplexere Projekte erm\u00f6glichen. Pimoroni hat auch Lernkits, Sensoren und verschiedenes Zubeh\u00f6r eingef\u00fchrt, um den Bed\u00fcrfnissen von Makern aller Niveaus, von Anf\u00e4ngern bis zu Experten, gerecht zu werden.<\/p><h3>Eine Philosophie der Innovation und der Gemeinschaft :<\/h3><p>Pimoroni setzt sich daf\u00fcr ein, Elektronik f\u00fcr alle zug\u00e4nglich zu machen und Spa\u00df daran zu haben. Die Marke ist tief in der Maker-Kultur verwurzelt, indem sie aktiv an Veranstaltungen teilnimmt, Bildungsprojekte unterst\u00fctzt und Online-Tutorials und -Ressourcen zur Verf\u00fcgung stellt. Diese Philosophie der Offenheit und Innovation zieht weiterhin eine globale Gemeinschaft von Kreativen an, die alle durch ihre Leidenschaft f\u00fcr Technologie und Kreativit\u00e4t vereint sind.<\/p>\t\t\t\t\t\t\t\t<\/div>\n\t\t\t\t\t<\/div>\n\t\t\t\t<\/div>\n\t\t<div class=\"elementor-element elementor-element-5d09877 e-flex e-con-boxed e-con e-parent\" data-id=\"5d09877\" data-element_type=\"container\" data-e-type=\"container\">\r\n\t\t\t\t\t<div class=\"e-con-inner\">\r\n\t\t\t\t<div class=\"elementor-element elementor-element-a4683e8 elementor-widget elementor-widget-heading\" data-id=\"a4683e8\" data-element_type=\"widget\" data-e-type=\"widget\" data-widget_type=\"heading.default\">\n\t\t\t\t\t<h2 class=\"elementor-heading-title elementor-size-default\">Raspberry-Pi-Geh\u00e4use<\/h2>\t\t\t\t<\/div>\n\t\t\t\t\t<\/div>\n\t\t\t\t<\/div>\n\t\t<div class=\"elementor-element elementor-element-8a90dce e-flex e-con-boxed e-con e-parent\" data-id=\"8a90dce\" data-element_type=\"container\" data-e-type=\"container\">\r\n\t\t\t\t\t<div class=\"e-con-inner\">\r\n\t\t\t\t<div class=\"elementor-element elementor-element-d905161 elementor-widget elementor-widget-heading\" data-id=\"d905161\" data-element_type=\"widget\" data-e-type=\"widget\" data-widget_type=\"heading.default\">\n\t\t\t\t\t<h2 class=\"elementor-heading-title elementor-size-default\">Zubeh\u00f6r<\/h2>\t\t\t\t<\/div>\n\t\t\t\t\t<\/div>\n\t\t\t\t<\/div>\n\t\t<div class=\"elementor-element elementor-element-cc0fcc5 e-flex e-con-boxed e-con e-parent\" data-id=\"cc0fcc5\" data-element_type=\"container\" data-e-type=\"container\">\r\n\t\t\t\t\t<div class=\"e-con-inner\">\r\n\t\t\t\t<div class=\"elementor-element elementor-element-b7af070 elementor-widget elementor-widget-heading\" data-id=\"b7af070\" data-element_type=\"widget\" data-e-type=\"widget\" data-widget_type=\"heading.default\">\n\t\t\t\t\t<h2 class=\"elementor-heading-title elementor-size-default\">Unsere Marken<\/h2>\t\t\t\t<\/div>\n\t\t\t\t<div class=\"elementor-element elementor-element-9d95e9c elementor-pagination-position-outside elementor-widget elementor-widget-image-carousel\" data-id=\"9d95e9c\" data-element_type=\"widget\" data-e-type=\"widget\" data-settings=\"{&quot;slides_to_show&quot;:&quot;5&quot;,&quot;slides_to_scroll&quot;:&quot;2&quot;,&quot;navigation&quot;:&quot;dots&quot;,&quot;speed&quot;:2000,&quot;autoplay&quot;:&quot;yes&quot;,&quot;pause_on_hover&quot;:&quot;yes&quot;,&quot;pause_on_interaction&quot;:&quot;yes&quot;,&quot;autoplay_speed&quot;:5000,&quot;infinite&quot;:&quot;yes&quot;}\" data-widget_type=\"image-carousel.default\">\n\t\t\t\t\t\t\t<div class=\"elementor-image-carousel-wrapper swiper\" role=\"region\" aria-roledescription=\"carousel\" aria-label=\"Bild Karussell\" dir=\"ltr\">\n\t\t\t<div class=\"elementor-image-carousel swiper-wrapper\" aria-live=\"off\">\n\t\t\t\t\t\t\t\t<div class=\"swiper-slide\" role=\"group\" aria-roledescription=\"slide\" aria-label=\"1 von 12\"><a data-elementor-open-lightbox=\"yes\" data-elementor-lightbox-slideshow=\"9d95e9c\" data-elementor-lightbox-title=\"Logo WaveShare carr\u00e9\" data-e-action-hash=\"#elementor-action%3Aaction%3Dlightbox%26settings%3DeyJpZCI6MjQwNTYsInVybCI6Imh0dHBzOlwvXC9tb25yYXNwYmVycnkuY29tXC93cC1jb250ZW50XC91cGxvYWRzXC8yMDI0XC8wOFwvTG9nby1XYXZlU2hhcmUtY2FycmUucG5nIiwic2xpZGVzaG93IjoiOWQ5NWU5YyJ9\" href=\"https:\/\/monraspberry.com\/de\/nos-marques\/\" target=\"_blank\"><figure class=\"swiper-slide-inner\"><img decoding=\"async\" class=\"swiper-slide-image\" src=\"https:\/\/monraspberry.com\/wp-content\/uploads\/2024\/08\/Logo-WaveShare-carre-150x150.png\" alt=\"WaveShare\" title=\"\"><figcaption class=\"elementor-image-carousel-caption\">WaveShare<\/figcaption><\/figure><\/a><\/div><div class=\"swiper-slide\" role=\"group\" aria-roledescription=\"slide\" aria-label=\"2 von 12\"><a data-elementor-open-lightbox=\"yes\" data-elementor-lightbox-slideshow=\"9d95e9c\" data-elementor-lightbox-title=\"Logo Rii carr\u00e9\" data-e-action-hash=\"#elementor-action%3Aaction%3Dlightbox%26settings%3DeyJpZCI6MjQwNjcsInVybCI6Imh0dHBzOlwvXC9tb25yYXNwYmVycnkuY29tXC93cC1jb250ZW50XC91cGxvYWRzXC8yMDI0XC8wOFwvTG9nby1SaWktY2FycmUucG5nIiwic2xpZGVzaG93IjoiOWQ5NWU5YyJ9\" href=\"https:\/\/monraspberry.com\/de\/nos-marques\/\" target=\"_blank\"><figure class=\"swiper-slide-inner\"><img decoding=\"async\" class=\"swiper-slide-image\" src=\"https:\/\/monraspberry.com\/wp-content\/uploads\/2024\/08\/Logo-Rii-carre-150x150.png\" alt=\"Rii\" title=\"\"><figcaption class=\"elementor-image-carousel-caption\">Rii<\/figcaption><\/figure><\/a><\/div><div class=\"swiper-slide\" role=\"group\" aria-roledescription=\"slide\" aria-label=\"3 von 12\"><a data-elementor-open-lightbox=\"yes\" data-elementor-lightbox-slideshow=\"9d95e9c\" data-elementor-lightbox-title=\"Logo Raspberry Pi carr\u00e9\" data-e-action-hash=\"#elementor-action%3Aaction%3Dlightbox%26settings%3DeyJpZCI6MjQwNjYsInVybCI6Imh0dHBzOlwvXC9tb25yYXNwYmVycnkuY29tXC93cC1jb250ZW50XC91cGxvYWRzXC8yMDI0XC8wOFwvTG9nby1SYXNwYmVycnktUGktY2FycmUucG5nIiwic2xpZGVzaG93IjoiOWQ5NWU5YyJ9\" href=\"https:\/\/monraspberry.com\/de\/nos-marques\/\" target=\"_blank\"><figure class=\"swiper-slide-inner\"><img decoding=\"async\" class=\"swiper-slide-image\" src=\"https:\/\/monraspberry.com\/wp-content\/uploads\/2024\/08\/Logo-Raspberry-Pi-carre-150x150.png\" alt=\"Raspberry Pi\" title=\"\"><figcaption class=\"elementor-image-carousel-caption\">Raspberry Pi<\/figcaption><\/figure><\/a><\/div><div class=\"swiper-slide\" role=\"group\" aria-roledescription=\"slide\" aria-label=\"4 von 12\"><a data-elementor-open-lightbox=\"yes\" data-elementor-lightbox-slideshow=\"9d95e9c\" data-elementor-lightbox-title=\"Logo ARGON40 carr\u00e9\" data-e-action-hash=\"#elementor-action%3Aaction%3Dlightbox%26settings%3DeyJpZCI6MjQwNjUsInVybCI6Imh0dHBzOlwvXC9tb25yYXNwYmVycnkuY29tXC93cC1jb250ZW50XC91cGxvYWRzXC8yMDI0XC8wOFwvTG9nby1BUkdPTjQwLWNhcnJlLnBuZyIsInNsaWRlc2hvdyI6IjlkOTVlOWMifQ%3D%3D\" href=\"https:\/\/monraspberry.com\/de\/nos-marques\/\" target=\"_blank\"><figure class=\"swiper-slide-inner\"><img decoding=\"async\" class=\"swiper-slide-image\" src=\"https:\/\/monraspberry.com\/wp-content\/uploads\/2024\/08\/Logo-ARGON40-carre-150x150.png\" alt=\"ARGON40\" title=\"\"><figcaption class=\"elementor-image-carousel-caption\">ARGON40<\/figcaption><\/figure><\/a><\/div><div class=\"swiper-slide\" role=\"group\" aria-roledescription=\"slide\" aria-label=\"5 von 12\"><a data-elementor-open-lightbox=\"yes\" data-elementor-lightbox-slideshow=\"9d95e9c\" data-elementor-lightbox-title=\"Logo FLIRC carr\u00e9\" data-e-action-hash=\"#elementor-action%3Aaction%3Dlightbox%26settings%3DeyJpZCI6MjQwNjQsInVybCI6Imh0dHBzOlwvXC9tb25yYXNwYmVycnkuY29tXC93cC1jb250ZW50XC91cGxvYWRzXC8yMDI0XC8wOFwvTG9nby1GTElSQy1jYXJyZS5wbmciLCJzbGlkZXNob3ciOiI5ZDk1ZTljIn0%3D\" href=\"https:\/\/monraspberry.com\/de\/nos-marques\/\" target=\"_blank\"><figure class=\"swiper-slide-inner\"><img decoding=\"async\" class=\"swiper-slide-image\" src=\"https:\/\/monraspberry.com\/wp-content\/uploads\/2024\/08\/Logo-FLIRC-carre-150x150.png\" alt=\"Flirc\" title=\"\"><figcaption class=\"elementor-image-carousel-caption\">Flirc<\/figcaption><\/figure><\/a><\/div><div class=\"swiper-slide\" role=\"group\" aria-roledescription=\"slide\" aria-label=\"6 von 12\"><a data-elementor-open-lightbox=\"yes\" data-elementor-lightbox-slideshow=\"9d95e9c\" data-elementor-lightbox-title=\"Logo Meanwell carr\u00e9\" data-e-action-hash=\"#elementor-action%3Aaction%3Dlightbox%26settings%3DeyJpZCI6MjQwNjMsInVybCI6Imh0dHBzOlwvXC9tb25yYXNwYmVycnkuY29tXC93cC1jb250ZW50XC91cGxvYWRzXC8yMDI0XC8wOFwvTG9nby1NZWFud2VsbC1jYXJyZS5wbmciLCJzbGlkZXNob3ciOiI5ZDk1ZTljIn0%3D\" href=\"https:\/\/monraspberry.com\/de\/nos-marques\/\" target=\"_blank\"><figure class=\"swiper-slide-inner\"><img decoding=\"async\" class=\"swiper-slide-image\" src=\"https:\/\/monraspberry.com\/wp-content\/uploads\/2024\/08\/Logo-Meanwell-carre-150x150.png\" alt=\"Meanwell\" title=\"\"><figcaption class=\"elementor-image-carousel-caption\">Meanwell<\/figcaption><\/figure><\/a><\/div><div class=\"swiper-slide\" role=\"group\" aria-roledescription=\"slide\" aria-label=\"7 von 12\"><a data-elementor-open-lightbox=\"yes\" data-elementor-lightbox-slideshow=\"9d95e9c\" data-elementor-lightbox-title=\"Logo PiKVM carr\u00e9\" data-e-action-hash=\"#elementor-action%3Aaction%3Dlightbox%26settings%3DeyJpZCI6MjQwNjIsInVybCI6Imh0dHBzOlwvXC9tb25yYXNwYmVycnkuY29tXC93cC1jb250ZW50XC91cGxvYWRzXC8yMDI0XC8wOFwvTG9nby1QaUtWTS1jYXJyZS5wbmciLCJzbGlkZXNob3ciOiI5ZDk1ZTljIn0%3D\" href=\"https:\/\/monraspberry.com\/de\/nos-marques\/\" target=\"_blank\"><figure class=\"swiper-slide-inner\"><img decoding=\"async\" class=\"swiper-slide-image\" src=\"https:\/\/monraspberry.com\/wp-content\/uploads\/2024\/08\/Logo-PiKVM-carre-150x150.png\" alt=\"PiKVM\" title=\"\"><figcaption class=\"elementor-image-carousel-caption\">PiKVM<\/figcaption><\/figure><\/a><\/div><div class=\"swiper-slide\" role=\"group\" aria-roledescription=\"slide\" aria-label=\"8 von 12\"><a data-elementor-open-lightbox=\"yes\" data-elementor-lightbox-slideshow=\"9d95e9c\" data-elementor-lightbox-title=\"Logo PIMORONI carr\u00e9\" data-e-action-hash=\"#elementor-action%3Aaction%3Dlightbox%26settings%3DeyJpZCI6MjQwNjEsInVybCI6Imh0dHBzOlwvXC9tb25yYXNwYmVycnkuY29tXC93cC1jb250ZW50XC91cGxvYWRzXC8yMDI0XC8wOFwvTG9nby1QSU1PUk9OSS1jYXJyZS5wbmciLCJzbGlkZXNob3ciOiI5ZDk1ZTljIn0%3D\" href=\"https:\/\/monraspberry.com\/de\/nos-marques\/\" target=\"_blank\"><figure class=\"swiper-slide-inner\"><img decoding=\"async\" class=\"swiper-slide-image\" src=\"https:\/\/monraspberry.com\/wp-content\/uploads\/2024\/08\/Logo-PIMORONI-carre-150x150.png\" alt=\"PIMORONI\" title=\"\"><figcaption class=\"elementor-image-carousel-caption\">PIMORONI<\/figcaption><\/figure><\/a><\/div><div class=\"swiper-slide\" role=\"group\" aria-roledescription=\"slide\" aria-label=\"9 von 12\"><a data-elementor-open-lightbox=\"yes\" data-elementor-lightbox-slideshow=\"9d95e9c\" data-elementor-lightbox-title=\"Logo RACKMOUNT.it carr\u00e9\" data-e-action-hash=\"#elementor-action%3Aaction%3Dlightbox%26settings%3DeyJpZCI6MjQwNjAsInVybCI6Imh0dHBzOlwvXC9tb25yYXNwYmVycnkuY29tXC93cC1jb250ZW50XC91cGxvYWRzXC8yMDI0XC8wOFwvTG9nby1SQUNLTU9VTlQuaXQtY2FycmUucG5nIiwic2xpZGVzaG93IjoiOWQ5NWU5YyJ9\" href=\"https:\/\/monraspberry.com\/de\/nos-marques\/\" target=\"_blank\"><figure class=\"swiper-slide-inner\"><img decoding=\"async\" class=\"swiper-slide-image\" src=\"https:\/\/monraspberry.com\/wp-content\/uploads\/2024\/08\/Logo-RACKMOUNT.it-carre-150x150.png\" alt=\"RACKMOUNT.it\" title=\"\"><figcaption class=\"elementor-image-carousel-caption\">RACKMOUNT.it<\/figcaption><\/figure><\/a><\/div><div class=\"swiper-slide\" role=\"group\" aria-roledescription=\"slide\" aria-label=\"10 von 12\"><a data-elementor-open-lightbox=\"yes\" data-elementor-lightbox-slideshow=\"9d95e9c\" data-elementor-lightbox-title=\"Logo Retroflag carr\u00e9\" data-e-action-hash=\"#elementor-action%3Aaction%3Dlightbox%26settings%3DeyJpZCI6MjQwNTksInVybCI6Imh0dHBzOlwvXC9tb25yYXNwYmVycnkuY29tXC93cC1jb250ZW50XC91cGxvYWRzXC8yMDI0XC8wOFwvTG9nby1SZXRyb2ZsYWctY2FycmUucG5nIiwic2xpZGVzaG93IjoiOWQ5NWU5YyJ9\" href=\"https:\/\/monraspberry.com\/de\/nos-marques\/\" target=\"_blank\"><figure class=\"swiper-slide-inner\"><img decoding=\"async\" class=\"swiper-slide-image\" src=\"https:\/\/monraspberry.com\/wp-content\/uploads\/2024\/08\/Logo-Retroflag-carre-150x150.png\" alt=\"Retroflag\" title=\"\"><figcaption class=\"elementor-image-carousel-caption\">Retroflag<\/figcaption><\/figure><\/a><\/div><div class=\"swiper-slide\" role=\"group\" aria-roledescription=\"slide\" aria-label=\"11 von 12\"><a data-elementor-open-lightbox=\"yes\" data-elementor-lightbox-slideshow=\"9d95e9c\" data-elementor-lightbox-title=\"Logo Experimental Pi carr\u00e9\" data-e-action-hash=\"#elementor-action%3Aaction%3Dlightbox%26settings%3DeyJpZCI6MjQwNTgsInVybCI6Imh0dHBzOlwvXC9tb25yYXNwYmVycnkuY29tXC93cC1jb250ZW50XC91cGxvYWRzXC8yMDI0XC8wOFwvTG9nby1FeHBlcmltZW50YWwtUGktY2FycmUucG5nIiwic2xpZGVzaG93IjoiOWQ5NWU5YyJ9\" href=\"https:\/\/monraspberry.com\/de\/nos-marques\/\" target=\"_blank\"><figure class=\"swiper-slide-inner\"><img decoding=\"async\" class=\"swiper-slide-image\" src=\"https:\/\/monraspberry.com\/wp-content\/uploads\/2024\/08\/Logo-Experimental-Pi-carre-150x150.png\" alt=\"Experimental Pi\" title=\"\"><figcaption class=\"elementor-image-carousel-caption\">Experimental Pi<\/figcaption><\/figure><\/a><\/div><div class=\"swiper-slide\" role=\"group\" aria-roledescription=\"slide\" aria-label=\"12 von 12\"><a data-elementor-open-lightbox=\"yes\" data-elementor-lightbox-slideshow=\"9d95e9c\" data-elementor-lightbox-title=\"Logo Sandisk carr\u00e9\" data-e-action-hash=\"#elementor-action%3Aaction%3Dlightbox%26settings%3DeyJpZCI6MjQwNTcsInVybCI6Imh0dHBzOlwvXC9tb25yYXNwYmVycnkuY29tXC93cC1jb250ZW50XC91cGxvYWRzXC8yMDI0XC8wOFwvTG9nby1TYW5kaXNrLWNhcnJlLnBuZyIsInNsaWRlc2hvdyI6IjlkOTVlOWMifQ%3D%3D\" href=\"https:\/\/monraspberry.com\/de\/nos-marques\/\" target=\"_blank\"><figure class=\"swiper-slide-inner\"><img decoding=\"async\" class=\"swiper-slide-image\" src=\"https:\/\/monraspberry.com\/wp-content\/uploads\/2024\/08\/Logo-Sandisk-carre-150x150.png\" alt=\"SanDisk\" title=\"\"><figcaption class=\"elementor-image-carousel-caption\">SanDisk<\/figcaption><\/figure><\/a><\/div>\t\t\t<\/div>\n\t\t\t\t\t\t\t\n\t\t\t\t\t\t\t\t\t<div class=\"swiper-pagination\"><\/div>\n\t\t\t\t\t\t\t\t\t<\/div>\n\t\t\t\t\t\t<\/div>\n\t\t\t\t\t<\/div>\n\t\t\t\t<\/div>\n\t\t\t\t<\/div>","protected":false},"excerpt":{"rendered":"<p>Cr\u00e9ativit\u00e9 et innovation Pimoroni est une marque embl\u00e9matique dans le monde des makers, des passionn\u00e9s de Raspberry Pi et des amateurs de technologie cr\u00e9ative. Fond\u00e9e par des ing\u00e9nieurs passionn\u00e9s, Pimoroni se distingue par son approche innovante et ludique dans la cr\u00e9ation d&#8217;accessoires et de solutions pour Raspberry Pi, Arduino, et autres plateformes de prototypage. Connue [&hellip;]<\/p>\n","protected":false},"author":1,"featured_media":24061,"parent":0,"menu_order":0,"comment_status":"closed","ping_status":"closed","template":"","meta":{"footnotes":""},"class_list":["post-24152","page","type-page","status-publish","has-post-thumbnail","hentry"],"jetpack_sharing_enabled":true,"_links":{"self":[{"href":"https:\/\/monraspberry.com\/de\/wp-json\/wp\/v2\/pages\/24152","targetHints":{"allow":["GET"]}}],"collection":[{"href":"https:\/\/monraspberry.com\/de\/wp-json\/wp\/v2\/pages"}],"about":[{"href":"https:\/\/monraspberry.com\/de\/wp-json\/wp\/v2\/types\/page"}],"author":[{"embeddable":true,"href":"https:\/\/monraspberry.com\/de\/wp-json\/wp\/v2\/users\/1"}],"replies":[{"embeddable":true,"href":"https:\/\/monraspberry.com\/de\/wp-json\/wp\/v2\/comments?post=24152"}],"version-history":[{"count":0,"href":"https:\/\/monraspberry.com\/de\/wp-json\/wp\/v2\/pages\/24152\/revisions"}],"wp:featuredmedia":[{"embeddable":true,"href":"https:\/\/monraspberry.com\/de\/wp-json\/wp\/v2\/media\/24061"}],"wp:attachment":[{"href":"https:\/\/monraspberry.com\/de\/wp-json\/wp\/v2\/media?parent=24152"}],"curies":[{"name":"wp","href":"https:\/\/api.w.org\/{rel}","templated":true}]}}