{"id":24124,"date":"2024-08-30T11:30:19","date_gmt":"2024-08-30T09:30:19","guid":{"rendered":"https:\/\/monraspberry.com\/?page_id=24124"},"modified":"2025-08-07T09:30:35","modified_gmt":"2025-08-07T07:30:35","slug":"argon40","status":"publish","type":"page","link":"https:\/\/monraspberry.com\/de\/argon40\/","title":{"rendered":"ARGON40"},"content":{"rendered":"<div data-elementor-type=\"wp-page\" data-elementor-id=\"24124\" class=\"elementor elementor-24124\">\n\t\t\t\t<div class=\"elementor-element elementor-element-332e6cc e-flex e-con-boxed e-con e-parent\" data-id=\"332e6cc\" data-element_type=\"container\" data-e-type=\"container\">\r\n\t\t\t\t\t<div class=\"e-con-inner\">\r\n\t\t\t\t<div class=\"elementor-element elementor-element-1455f5c elementor-position-left elementor-vertical-align-middle elementor-widget elementor-widget-image-box\" data-id=\"1455f5c\" data-element_type=\"widget\" data-e-type=\"widget\" data-widget_type=\"image-box.default\">\n\t\t\t\t\t<div class=\"elementor-image-box-wrapper\"><figure class=\"elementor-image-box-img\"><img loading=\"lazy\" decoding=\"async\" width=\"600\" height=\"600\" src=\"https:\/\/monraspberry.com\/wp-content\/uploads\/2024\/08\/Logo-ARGON40-carre.png\" class=\"attachment-full size-full wp-image-24065\" alt=\"\" title=\"\" srcset=\"https:\/\/monraspberry.com\/wp-content\/uploads\/2024\/08\/Logo-ARGON40-carre.png 600w, https:\/\/monraspberry.com\/wp-content\/uploads\/2024\/08\/Logo-ARGON40-carre-340x340.png 340w\" sizes=\"auto, (max-width: 600px) 100vw, 600px\" \/><\/figure><div class=\"elementor-image-box-content\"><h3 class=\"elementor-image-box-title\">Unumg\u00e4ngliche Marke f\u00fcr Geh\u00e4use <\/h3><p class=\"elementor-image-box-description\">ARGON40 ist eine unverzichtbare Marke f\u00fcr Raspberry-Pi-Nutzer, die nach hochwertigen L\u00f6sungen suchen, die Design, Leistung und Funktionalit\u00e4t vereinen. ARGON40 hat sich auf die Entwicklung innovativer Geh\u00e4use und Zubeh\u00f6rteile spezialisiert und zeichnet sich durch seinen \u00e4sthetischen Ansatz und die F\u00e4higkeit aus, Komplettl\u00f6sungen zur Optimierung Ihres Raspberry Pi anzubieten. Ob f\u00fcr ein Bildungsprojekt, einen Medienserver oder eine IoT-Anwendung, ARGON40 bietet Produkte, die darauf ausgelegt sind, das Benutzererlebnis zu verbessern und gleichzeitig einen effektiven Schutz und eine effiziente K\u00fchlung zu bieten.\n\n<\/p><\/div><\/div>\t\t\t\t<\/div>\n\t\t\t\t\t<\/div>\n\t\t\t\t<\/div>\n\t\t<div class=\"elementor-element elementor-element-19cfa8c e-flex e-con-boxed e-con e-parent\" data-id=\"19cfa8c\" data-element_type=\"container\" data-e-type=\"container\">\r\n\t\t\t\t\t<div class=\"e-con-inner\">\r\n\t\t\t\t<div class=\"elementor-element elementor-element-556d628 elementor-widget elementor-widget-heading\" data-id=\"556d628\" data-element_type=\"widget\" data-e-type=\"widget\" data-widget_type=\"heading.default\">\n\t\t\t\t\t<h2 class=\"elementor-heading-title elementor-size-default\">Geschichte und Philosophie <\/h2>\t\t\t\t<\/div>\n\t\t\t\t<div class=\"elementor-element elementor-element-5c41382 elementor-widget elementor-widget-text-editor\" data-id=\"5c41382\" data-element_type=\"widget\" data-e-type=\"widget\" data-widget_type=\"text-editor.default\">\n\t\t\t\t\t\t\t\t\t<h3>Entstehung einer innovativen Marke :<\/h3><p>ARGON40 wurde mit der Vision gegr\u00fcndet, Produkte zu entwickeln, die elektronische Bauteile nicht nur sch\u00fctzen, sondern dies auch mit Stil und Effizienz tun. Von Anfang an erkannte die Marke die Bedeutung eines guten W\u00e4rmemanagements f\u00fcr Ger\u00e4te wie den Raspberry Pi, insbesondere bei Anwendungen, bei denen eine anhaltende Leistung entscheidend ist. Die ersten Produkte von ARGON40, insbesondere die Geh\u00e4use f\u00fcr Raspberry Pi, erfreuten sich dank ihres eleganten Designs und ihrer innovativen Eigenschaften, wie der Integration passiver und aktiver K\u00fchlsysteme, schnell gro\u00dfer Beliebtheit.<\/p><h3>Die Entwicklung geht weiter :<\/h3><p>Im Laufe der Jahre hat ARGON40 seine Innovationen fortgesetzt und neue Produktreihen eingef\u00fchrt, um den vielf\u00e4ltigen Bed\u00fcrfnissen der Raspberry-Pi-Gemeinde gerecht zu werden. Die Geh\u00e4use von ARGON40 sind bekannt f\u00fcr ihre hochwertige Verarbeitung, ihre Liebe zum Detail und ihre F\u00e4higkeit, einen einfachen Einplatinencomputer in eine umfassende und leistungsf\u00e4hige Computerl\u00f6sung zu verwandeln. Neben den Geh\u00e4usen hat ARGON40 auch erg\u00e4nzendes Zubeh\u00f6r wie Erweiterungsmodule und L\u00f6sungen f\u00fcr ein fortschrittliches W\u00e4rmemanagement entwickelt, die es den Benutzern erm\u00f6glichen, das volle Potenzial ihres Raspberry Pi auszusch\u00f6pfen.<\/p><h3>Ein Bekenntnis zur Qualit\u00e4t :<\/h3><p>ARGON40 ist fest entschlossen, qualitativ hochwertige Produkte anzubieten, die die Erwartungen anspruchsvoller Nutzer erf\u00fcllen. Jedes Produkt wird mit Liebe zum Detail entworfen, wobei nicht nur die \u00c4sthetik, sondern auch die Funktionalit\u00e4t und die Haltbarkeit ber\u00fccksichtigt werden. Das Ziel von ARGON40 ist es, L\u00f6sungen anzubieten, die den Raspberry Pi nicht nur sch\u00fctzen und seine Leistung verbessern, sondern dies auch mit einem Hauch von Raffinesse tun, der ihn von anderen auf dem Markt erh\u00e4ltlichen L\u00f6sungen unterscheidet.<\/p>\t\t\t\t\t\t\t\t<\/div>\n\t\t\t\t\t<\/div>\n\t\t\t\t<\/div>\n\t\t<div class=\"elementor-element elementor-element-9429ac4 e-flex e-con-boxed e-con e-parent\" data-id=\"9429ac4\" data-element_type=\"container\" data-e-type=\"container\">\r\n\t\t\t\t\t<div class=\"e-con-inner\">\r\n\t\t\t\t<div class=\"elementor-element elementor-element-b08bb79 elementor-widget elementor-widget-heading\" data-id=\"b08bb79\" data-element_type=\"widget\" data-e-type=\"widget\" data-widget_type=\"heading.default\">\n\t\t\t\t\t<h2 class=\"elementor-heading-title elementor-size-default\">Produkte<\/h2>\t\t\t\t<\/div>\n\t\t\t\t\t<\/div>\n\t\t\t\t<\/div>\n\t\t<div class=\"elementor-element elementor-element-c1a6a30 e-flex e-con-boxed e-con e-parent\" data-id=\"c1a6a30\" data-element_type=\"container\" data-e-type=\"container\">\r\n\t\t\t\t\t<div class=\"e-con-inner\">\r\n\t\t\t\t<div class=\"elementor-element elementor-element-3f0dbad elementor-widget elementor-widget-heading\" data-id=\"3f0dbad\" data-element_type=\"widget\" data-e-type=\"widget\" data-widget_type=\"heading.default\">\n\t\t\t\t\t<h2 class=\"elementor-heading-title elementor-size-default\">Unsere Marken<\/h2>\t\t\t\t<\/div>\n\t\t\t\t<div class=\"elementor-element elementor-element-6354bf3 elementor-pagination-position-outside elementor-widget elementor-widget-image-carousel\" data-id=\"6354bf3\" data-element_type=\"widget\" data-e-type=\"widget\" data-settings=\"{&quot;slides_to_show&quot;:&quot;5&quot;,&quot;slides_to_scroll&quot;:&quot;2&quot;,&quot;navigation&quot;:&quot;dots&quot;,&quot;speed&quot;:2000,&quot;autoplay&quot;:&quot;yes&quot;,&quot;pause_on_hover&quot;:&quot;yes&quot;,&quot;pause_on_interaction&quot;:&quot;yes&quot;,&quot;autoplay_speed&quot;:5000,&quot;infinite&quot;:&quot;yes&quot;}\" data-widget_type=\"image-carousel.default\">\n\t\t\t\t\t\t\t<div class=\"elementor-image-carousel-wrapper swiper\" role=\"region\" aria-roledescription=\"carousel\" aria-label=\"Bild Karussell\" dir=\"ltr\" data-no-translation-aria-label=\"\">\n\t\t\t<div class=\"elementor-image-carousel swiper-wrapper\" aria-live=\"off\">\n\t\t\t\t\t\t\t\t<div class=\"swiper-slide\" role=\"group\" aria-roledescription=\"slide\" aria-label=\"1 von 12\" data-no-translation-aria-label=\"\"><a data-elementor-open-lightbox=\"yes\" data-elementor-lightbox-slideshow=\"6354bf3\" data-elementor-lightbox-title=\"Logo WaveShare carr\u00e9\" data-e-action-hash=\"#elementor-action%3Aaction%3Dlightbox%26settings%3DeyJpZCI6MjQwNTYsInVybCI6Imh0dHBzOlwvXC9tb25yYXNwYmVycnkuY29tXC93cC1jb250ZW50XC91cGxvYWRzXC8yMDI0XC8wOFwvTG9nby1XYXZlU2hhcmUtY2FycmUucG5nIiwic2xpZGVzaG93IjoiNjM1NGJmMyJ9\" href=\"https:\/\/monraspberry.com\/de\/nos-marques\/\" target=\"_blank\"><figure class=\"swiper-slide-inner\"><img decoding=\"async\" class=\"swiper-slide-image\" src=\"https:\/\/monraspberry.com\/wp-content\/uploads\/2024\/08\/Logo-WaveShare-carre-150x150.png\" alt=\"WaveShare\" title=\"\"><figcaption class=\"elementor-image-carousel-caption\">WaveShare<\/figcaption><\/figure><\/a><\/div><div class=\"swiper-slide\" role=\"group\" aria-roledescription=\"slide\" aria-label=\"2 von 12\" data-no-translation-aria-label=\"\"><a data-elementor-open-lightbox=\"yes\" data-elementor-lightbox-slideshow=\"6354bf3\" data-elementor-lightbox-title=\"Logo Rii carr\u00e9\" data-e-action-hash=\"#elementor-action%3Aaction%3Dlightbox%26settings%3DeyJpZCI6MjQwNjcsInVybCI6Imh0dHBzOlwvXC9tb25yYXNwYmVycnkuY29tXC93cC1jb250ZW50XC91cGxvYWRzXC8yMDI0XC8wOFwvTG9nby1SaWktY2FycmUucG5nIiwic2xpZGVzaG93IjoiNjM1NGJmMyJ9\" href=\"https:\/\/monraspberry.com\/de\/nos-marques\/\" target=\"_blank\"><figure class=\"swiper-slide-inner\"><img decoding=\"async\" class=\"swiper-slide-image\" src=\"https:\/\/monraspberry.com\/wp-content\/uploads\/2024\/08\/Logo-Rii-carre-150x150.png\" alt=\"Rii\" title=\"\"><figcaption class=\"elementor-image-carousel-caption\">Rii<\/figcaption><\/figure><\/a><\/div><div class=\"swiper-slide\" role=\"group\" aria-roledescription=\"slide\" aria-label=\"3 von 12\" data-no-translation-aria-label=\"\"><a data-elementor-open-lightbox=\"yes\" data-elementor-lightbox-slideshow=\"6354bf3\" data-elementor-lightbox-title=\"Logo Raspberry Pi carr\u00e9\" data-e-action-hash=\"#elementor-action%3Aaction%3Dlightbox%26settings%3DeyJpZCI6MjQwNjYsInVybCI6Imh0dHBzOlwvXC9tb25yYXNwYmVycnkuY29tXC93cC1jb250ZW50XC91cGxvYWRzXC8yMDI0XC8wOFwvTG9nby1SYXNwYmVycnktUGktY2FycmUucG5nIiwic2xpZGVzaG93IjoiNjM1NGJmMyJ9\" href=\"https:\/\/monraspberry.com\/de\/nos-marques\/\" target=\"_blank\"><figure class=\"swiper-slide-inner\"><img decoding=\"async\" class=\"swiper-slide-image\" src=\"https:\/\/monraspberry.com\/wp-content\/uploads\/2024\/08\/Logo-Raspberry-Pi-carre-150x150.png\" alt=\"Raspberry Pi\" title=\"\"><figcaption class=\"elementor-image-carousel-caption\">Raspberry Pi<\/figcaption><\/figure><\/a><\/div><div class=\"swiper-slide\" role=\"group\" aria-roledescription=\"slide\" aria-label=\"4 von 12\" data-no-translation-aria-label=\"\"><a data-elementor-open-lightbox=\"yes\" data-elementor-lightbox-slideshow=\"6354bf3\" data-elementor-lightbox-title=\"Logo ARGON40 carr\u00e9\" data-e-action-hash=\"#elementor-action%3Aaction%3Dlightbox%26settings%3DeyJpZCI6MjQwNjUsInVybCI6Imh0dHBzOlwvXC9tb25yYXNwYmVycnkuY29tXC93cC1jb250ZW50XC91cGxvYWRzXC8yMDI0XC8wOFwvTG9nby1BUkdPTjQwLWNhcnJlLnBuZyIsInNsaWRlc2hvdyI6IjYzNTRiZjMifQ%3D%3D\" href=\"https:\/\/monraspberry.com\/de\/nos-marques\/\" target=\"_blank\"><figure class=\"swiper-slide-inner\"><img decoding=\"async\" class=\"swiper-slide-image\" src=\"https:\/\/monraspberry.com\/wp-content\/uploads\/2024\/08\/Logo-ARGON40-carre-150x150.png\" alt=\"ARGON40\" title=\"\"><figcaption class=\"elementor-image-carousel-caption\">ARGON40<\/figcaption><\/figure><\/a><\/div><div class=\"swiper-slide\" role=\"group\" aria-roledescription=\"slide\" aria-label=\"5 von 12\" data-no-translation-aria-label=\"\"><a data-elementor-open-lightbox=\"yes\" data-elementor-lightbox-slideshow=\"6354bf3\" data-elementor-lightbox-title=\"Logo FLIRC carr\u00e9\" data-e-action-hash=\"#elementor-action%3Aaction%3Dlightbox%26settings%3DeyJpZCI6MjQwNjQsInVybCI6Imh0dHBzOlwvXC9tb25yYXNwYmVycnkuY29tXC93cC1jb250ZW50XC91cGxvYWRzXC8yMDI0XC8wOFwvTG9nby1GTElSQy1jYXJyZS5wbmciLCJzbGlkZXNob3ciOiI2MzU0YmYzIn0%3D\" href=\"https:\/\/monraspberry.com\/de\/nos-marques\/\" target=\"_blank\"><figure class=\"swiper-slide-inner\"><img decoding=\"async\" class=\"swiper-slide-image\" src=\"https:\/\/monraspberry.com\/wp-content\/uploads\/2024\/08\/Logo-FLIRC-carre-150x150.png\" alt=\"Flirc\" title=\"\"><figcaption class=\"elementor-image-carousel-caption\">Flirc<\/figcaption><\/figure><\/a><\/div><div class=\"swiper-slide\" role=\"group\" aria-roledescription=\"slide\" aria-label=\"6 von 12\" data-no-translation-aria-label=\"\"><a data-elementor-open-lightbox=\"yes\" data-elementor-lightbox-slideshow=\"6354bf3\" data-elementor-lightbox-title=\"Logo Meanwell carr\u00e9\" data-e-action-hash=\"#elementor-action%3Aaction%3Dlightbox%26settings%3DeyJpZCI6MjQwNjMsInVybCI6Imh0dHBzOlwvXC9tb25yYXNwYmVycnkuY29tXC93cC1jb250ZW50XC91cGxvYWRzXC8yMDI0XC8wOFwvTG9nby1NZWFud2VsbC1jYXJyZS5wbmciLCJzbGlkZXNob3ciOiI2MzU0YmYzIn0%3D\" href=\"https:\/\/monraspberry.com\/de\/nos-marques\/\" target=\"_blank\"><figure class=\"swiper-slide-inner\"><img decoding=\"async\" class=\"swiper-slide-image\" src=\"https:\/\/monraspberry.com\/wp-content\/uploads\/2024\/08\/Logo-Meanwell-carre-150x150.png\" alt=\"Meanwell\" title=\"\"><figcaption class=\"elementor-image-carousel-caption\">Meanwell<\/figcaption><\/figure><\/a><\/div><div class=\"swiper-slide\" role=\"group\" aria-roledescription=\"slide\" aria-label=\"7 von 12\" data-no-translation-aria-label=\"\"><a data-elementor-open-lightbox=\"yes\" data-elementor-lightbox-slideshow=\"6354bf3\" data-elementor-lightbox-title=\"Logo PiKVM carr\u00e9\" data-e-action-hash=\"#elementor-action%3Aaction%3Dlightbox%26settings%3DeyJpZCI6MjQwNjIsInVybCI6Imh0dHBzOlwvXC9tb25yYXNwYmVycnkuY29tXC93cC1jb250ZW50XC91cGxvYWRzXC8yMDI0XC8wOFwvTG9nby1QaUtWTS1jYXJyZS5wbmciLCJzbGlkZXNob3ciOiI2MzU0YmYzIn0%3D\" href=\"https:\/\/monraspberry.com\/de\/nos-marques\/\" target=\"_blank\"><figure class=\"swiper-slide-inner\"><img decoding=\"async\" class=\"swiper-slide-image\" src=\"https:\/\/monraspberry.com\/wp-content\/uploads\/2024\/08\/Logo-PiKVM-carre-150x150.png\" alt=\"PiKVM\" title=\"\"><figcaption class=\"elementor-image-carousel-caption\">PiKVM<\/figcaption><\/figure><\/a><\/div><div class=\"swiper-slide\" role=\"group\" aria-roledescription=\"slide\" aria-label=\"8 von 12\" data-no-translation-aria-label=\"\"><a data-elementor-open-lightbox=\"yes\" data-elementor-lightbox-slideshow=\"6354bf3\" data-elementor-lightbox-title=\"Logo PIMORONI carr\u00e9\" data-e-action-hash=\"#elementor-action%3Aaction%3Dlightbox%26settings%3DeyJpZCI6MjQwNjEsInVybCI6Imh0dHBzOlwvXC9tb25yYXNwYmVycnkuY29tXC93cC1jb250ZW50XC91cGxvYWRzXC8yMDI0XC8wOFwvTG9nby1QSU1PUk9OSS1jYXJyZS5wbmciLCJzbGlkZXNob3ciOiI2MzU0YmYzIn0%3D\" href=\"https:\/\/monraspberry.com\/de\/nos-marques\/\" target=\"_blank\"><figure class=\"swiper-slide-inner\"><img decoding=\"async\" class=\"swiper-slide-image\" src=\"https:\/\/monraspberry.com\/wp-content\/uploads\/2024\/08\/Logo-PIMORONI-carre-150x150.png\" alt=\"PIMORONI\" title=\"\"><figcaption class=\"elementor-image-carousel-caption\">PIMORONI<\/figcaption><\/figure><\/a><\/div><div class=\"swiper-slide\" role=\"group\" aria-roledescription=\"slide\" aria-label=\"9 von 12\" data-no-translation-aria-label=\"\"><a data-elementor-open-lightbox=\"yes\" data-elementor-lightbox-slideshow=\"6354bf3\" data-elementor-lightbox-title=\"Logo RACKMOUNT.it carr\u00e9\" data-e-action-hash=\"#elementor-action%3Aaction%3Dlightbox%26settings%3DeyJpZCI6MjQwNjAsInVybCI6Imh0dHBzOlwvXC9tb25yYXNwYmVycnkuY29tXC93cC1jb250ZW50XC91cGxvYWRzXC8yMDI0XC8wOFwvTG9nby1SQUNLTU9VTlQuaXQtY2FycmUucG5nIiwic2xpZGVzaG93IjoiNjM1NGJmMyJ9\" href=\"https:\/\/monraspberry.com\/de\/nos-marques\/\" target=\"_blank\"><figure class=\"swiper-slide-inner\"><img decoding=\"async\" class=\"swiper-slide-image\" src=\"https:\/\/monraspberry.com\/wp-content\/uploads\/2024\/08\/Logo-RACKMOUNT.it-carre-150x150.png\" alt=\"RACKMOUNT.it\" title=\"\"><figcaption class=\"elementor-image-carousel-caption\">RACKMOUNT.it<\/figcaption><\/figure><\/a><\/div><div class=\"swiper-slide\" role=\"group\" aria-roledescription=\"slide\" aria-label=\"10 von 12\" data-no-translation-aria-label=\"\"><a data-elementor-open-lightbox=\"yes\" data-elementor-lightbox-slideshow=\"6354bf3\" data-elementor-lightbox-title=\"Logo Retroflag carr\u00e9\" data-e-action-hash=\"#elementor-action%3Aaction%3Dlightbox%26settings%3DeyJpZCI6MjQwNTksInVybCI6Imh0dHBzOlwvXC9tb25yYXNwYmVycnkuY29tXC93cC1jb250ZW50XC91cGxvYWRzXC8yMDI0XC8wOFwvTG9nby1SZXRyb2ZsYWctY2FycmUucG5nIiwic2xpZGVzaG93IjoiNjM1NGJmMyJ9\" href=\"https:\/\/monraspberry.com\/de\/nos-marques\/\" target=\"_blank\"><figure class=\"swiper-slide-inner\"><img decoding=\"async\" class=\"swiper-slide-image\" src=\"https:\/\/monraspberry.com\/wp-content\/uploads\/2024\/08\/Logo-Retroflag-carre-150x150.png\" alt=\"Retroflag\" title=\"\"><figcaption class=\"elementor-image-carousel-caption\">Retroflag<\/figcaption><\/figure><\/a><\/div><div class=\"swiper-slide\" role=\"group\" aria-roledescription=\"slide\" aria-label=\"11 von 12\" data-no-translation-aria-label=\"\"><a data-elementor-open-lightbox=\"yes\" data-elementor-lightbox-slideshow=\"6354bf3\" data-elementor-lightbox-title=\"Logo Experimental Pi carr\u00e9\" data-e-action-hash=\"#elementor-action%3Aaction%3Dlightbox%26settings%3DeyJpZCI6MjQwNTgsInVybCI6Imh0dHBzOlwvXC9tb25yYXNwYmVycnkuY29tXC93cC1jb250ZW50XC91cGxvYWRzXC8yMDI0XC8wOFwvTG9nby1FeHBlcmltZW50YWwtUGktY2FycmUucG5nIiwic2xpZGVzaG93IjoiNjM1NGJmMyJ9\" href=\"https:\/\/monraspberry.com\/de\/nos-marques\/\" target=\"_blank\"><figure class=\"swiper-slide-inner\"><img decoding=\"async\" class=\"swiper-slide-image\" src=\"https:\/\/monraspberry.com\/wp-content\/uploads\/2024\/08\/Logo-Experimental-Pi-carre-150x150.png\" alt=\"Experimental Pi\" title=\"\"><figcaption class=\"elementor-image-carousel-caption\">Experimental Pi<\/figcaption><\/figure><\/a><\/div><div class=\"swiper-slide\" role=\"group\" aria-roledescription=\"slide\" aria-label=\"12 von 12\" data-no-translation-aria-label=\"\"><a data-elementor-open-lightbox=\"yes\" data-elementor-lightbox-slideshow=\"6354bf3\" data-elementor-lightbox-title=\"Logo Sandisk carr\u00e9\" data-e-action-hash=\"#elementor-action%3Aaction%3Dlightbox%26settings%3DeyJpZCI6MjQwNTcsInVybCI6Imh0dHBzOlwvXC9tb25yYXNwYmVycnkuY29tXC93cC1jb250ZW50XC91cGxvYWRzXC8yMDI0XC8wOFwvTG9nby1TYW5kaXNrLWNhcnJlLnBuZyIsInNsaWRlc2hvdyI6IjYzNTRiZjMifQ%3D%3D\" href=\"https:\/\/monraspberry.com\/de\/nos-marques\/\" target=\"_blank\"><figure class=\"swiper-slide-inner\"><img decoding=\"async\" class=\"swiper-slide-image\" src=\"https:\/\/monraspberry.com\/wp-content\/uploads\/2024\/08\/Logo-Sandisk-carre-150x150.png\" alt=\"SanDisk\" title=\"\"><figcaption class=\"elementor-image-carousel-caption\">SanDisk<\/figcaption><\/figure><\/a><\/div>\t\t\t<\/div>\n\t\t\t\t\t\t\t\n\t\t\t\t\t\t\t\t\t<div class=\"swiper-pagination\"><\/div>\n\t\t\t\t\t\t\t\t\t<\/div>\n\t\t\t\t\t\t<\/div>\n\t\t\t\t\t<\/div>\n\t\t\t\t<\/div>\n\t\t\t\t<\/div>","protected":false},"excerpt":{"rendered":"<p>Marque incontournable de bo\u00eetiers ARGON40 est une marque incontournable pour les utilisateurs de Raspberry Pi \u00e0 la recherche de solutions haut de gamme alliant design, performance et fonctionnalit\u00e9. Sp\u00e9cialis\u00e9e dans la conception de bo\u00eetiers et d&#8217;accessoires innovants, ARGON40 se distingue par son approche esth\u00e9tique et sa capacit\u00e9 \u00e0 offrir des solutions compl\u00e8tes pour optimiser votre [&hellip;]<\/p>\n","protected":false},"author":1,"featured_media":24065,"parent":0,"menu_order":0,"comment_status":"closed","ping_status":"closed","template":"","meta":{"footnotes":""},"class_list":["post-24124","page","type-page","status-publish","has-post-thumbnail","hentry"],"jetpack_sharing_enabled":true,"_links":{"self":[{"href":"https:\/\/monraspberry.com\/de\/wp-json\/wp\/v2\/pages\/24124","targetHints":{"allow":["GET"]}}],"collection":[{"href":"https:\/\/monraspberry.com\/de\/wp-json\/wp\/v2\/pages"}],"about":[{"href":"https:\/\/monraspberry.com\/de\/wp-json\/wp\/v2\/types\/page"}],"author":[{"embeddable":true,"href":"https:\/\/monraspberry.com\/de\/wp-json\/wp\/v2\/users\/1"}],"replies":[{"embeddable":true,"href":"https:\/\/monraspberry.com\/de\/wp-json\/wp\/v2\/comments?post=24124"}],"version-history":[{"count":0,"href":"https:\/\/monraspberry.com\/de\/wp-json\/wp\/v2\/pages\/24124\/revisions"}],"wp:featuredmedia":[{"embeddable":true,"href":"https:\/\/monraspberry.com\/de\/wp-json\/wp\/v2\/media\/24065"}],"wp:attachment":[{"href":"https:\/\/monraspberry.com\/de\/wp-json\/wp\/v2\/media?parent=24124"}],"curies":[{"name":"wp","href":"https:\/\/api.w.org\/{rel}","templated":true}]}}