{"id":24109,"date":"2024-08-30T11:21:38","date_gmt":"2024-08-30T09:21:38","guid":{"rendered":"https:\/\/monraspberry.com\/?page_id=24109"},"modified":"2025-08-07T09:34:05","modified_gmt":"2025-08-07T07:34:05","slug":"flirc","status":"publish","type":"page","link":"https:\/\/monraspberry.com\/de\/flirc\/","title":{"rendered":"Flirc"},"content":{"rendered":"<div data-elementor-type=\"wp-page\" data-elementor-id=\"24109\" class=\"elementor elementor-24109\">\n\t\t\t\t<div class=\"elementor-element elementor-element-c5a7521 e-flex e-con-boxed e-con e-parent\" data-id=\"c5a7521\" data-element_type=\"container\" data-e-type=\"container\">\r\n\t\t\t\t\t<div class=\"e-con-inner\">\r\n\t\t\t\t<div class=\"elementor-element elementor-element-28d78d6 elementor-position-left elementor-vertical-align-middle elementor-widget elementor-widget-image-box\" data-id=\"28d78d6\" data-element_type=\"widget\" data-e-type=\"widget\" data-widget_type=\"image-box.default\">\n\t\t\t\t\t<div class=\"elementor-image-box-wrapper\"><figure class=\"elementor-image-box-img\"><img loading=\"lazy\" decoding=\"async\" width=\"600\" height=\"600\" src=\"https:\/\/monraspberry.com\/wp-content\/uploads\/2024\/08\/Logo-FLIRC-carre.png\" class=\"attachment-full size-full wp-image-24064\" alt=\"\" title=\"\" srcset=\"https:\/\/monraspberry.com\/wp-content\/uploads\/2024\/08\/Logo-FLIRC-carre.png 600w, https:\/\/monraspberry.com\/wp-content\/uploads\/2024\/08\/Logo-FLIRC-carre-340x340.png 340w\" sizes=\"auto, (max-width: 600px) 100vw, 600px\" \/><\/figure><div class=\"elementor-image-box-content\"><h3 class=\"elementor-image-box-title\">Einf\u00fchrung<\/h3><p class=\"elementor-image-box-description\">Flirc est une marque de r\u00e9f\u00e9rence pour les passionn\u00e9s de Raspberry Pi et de home cin\u00e9ma. Sp\u00e9cialis\u00e9e dans la conception de bo\u00eetiers en aluminium de haute qualit\u00e9, Flirc combine un design \u00e9l\u00e9gant et une fonctionnalit\u00e9 exceptionnelle, offrant \u00e0 la fois une protection robuste et une gestion thermique efficace pour vos projets. Flirc est particuli\u00e8rement appr\u00e9ci\u00e9 pour ses produits innovants qui am\u00e9liorent l'exp\u00e9rience utilisateur tout en ajoutant une touche de style \u00e0 votre Raspberry Pi.<\/p><\/div><\/div>\t\t\t\t<\/div>\n\t\t\t\t\t<\/div>\n\t\t\t\t<\/div>\n\t\t<div class=\"elementor-element elementor-element-47dc37d e-flex e-con-boxed e-con e-parent\" data-id=\"47dc37d\" data-element_type=\"container\" data-e-type=\"container\">\r\n\t\t\t\t\t<div class=\"e-con-inner\">\r\n\t\t\t\t<div class=\"elementor-element elementor-element-3f15b93 elementor-widget elementor-widget-heading\" data-id=\"3f15b93\" data-element_type=\"widget\" data-e-type=\"widget\" data-widget_type=\"heading.default\">\n\t\t\t\t\t<h2 class=\"elementor-heading-title elementor-size-default\">Geschichte und Philosophie <\/h2>\t\t\t\t<\/div>\n\t\t\t\t<div class=\"elementor-element elementor-element-90cf57d elementor-widget elementor-widget-text-editor\" data-id=\"90cf57d\" data-element_type=\"widget\" data-e-type=\"widget\" data-widget_type=\"text-editor.default\">\n\t\t\t\t\t\t\t\t\t<h3>L&#8217;origine de Flirc :<\/h3><p>Flirc a \u00e9t\u00e9 fond\u00e9e avec une mission claire : r\u00e9soudre un probl\u00e8me courant rencontr\u00e9 par les utilisateurs de Raspberry Pi et d&#8217;autres dispositifs similaires, \u00e0 savoir la surchauffe. Alors que de nombreux bo\u00eetiers sur le march\u00e9 \u00e9taient purement fonctionnels, Flirc a d\u00e9cid\u00e9 de repenser l&#8217;approche en alliant esth\u00e9tique et performance. L&#8217;id\u00e9e \u00e9tait de cr\u00e9er un bo\u00eetier qui non seulement prot\u00e8ge le Raspberry Pi, mais qui le fait de mani\u00e8re \u00e9l\u00e9gante tout en assurant une dissipation thermique optimale.<\/p><p>Le premier produit de Flirc, le bo\u00eetier Flirc Raspberry Pi Case, a imm\u00e9diatement attir\u00e9 l&#8217;attention des utilisateurs pour son design en aluminium bross\u00e9, sa simplicit\u00e9 d&#8217;utilisation, et sa capacit\u00e9 \u00e0 maintenir le Raspberry Pi \u00e0 une temp\u00e9rature id\u00e9ale m\u00eame lors de t\u00e2ches intensives. Ce succ\u00e8s initial a propuls\u00e9 Flirc au rang de marque incontournable pour tous ceux qui cherchent \u00e0 optimiser leur exp\u00e9rience Raspberry Pi sans compromettre le style.<\/p><h3>Innovation :<\/h3><p>Au fil des ann\u00e9es, Flirc a \u00e9largi sa gamme de produits, en restant fid\u00e8le \u00e0 sa philosophie de qualit\u00e9 et d&#8217;innovation. La marque a introduit des versions am\u00e9lior\u00e9es de ses bo\u00eetiers, int\u00e9grant des fonctionnalit\u00e9s comme les dissipateurs thermiques int\u00e9gr\u00e9s, des options de montage VESA, et des finitions encore plus soign\u00e9es. En plus des bo\u00eetiers, Flirc a \u00e9galement d\u00e9velopp\u00e9 des produits compl\u00e9mentaires, tels que le Flirc USB, un dongle innovant permettant de configurer n&#8217;importe quelle t\u00e9l\u00e9commande IR pour contr\u00f4ler un Raspberry Pi ou d&#8217;autres dispositifs, simplifiant ainsi l&#8217;exp\u00e9rience home cin\u00e9ma.<\/p><h3>Un engagement envers l&#8217;excellence :<\/h3><p>Flirc continue de se d\u00e9marquer par son engagement envers l&#8217;excellence. Chaque produit est con\u00e7u avec une attention particuli\u00e8re aux d\u00e9tails, en tenant compte des besoins r\u00e9els des utilisateurs. Qu&#8217;il s&#8217;agisse de cr\u00e9er un serveur multim\u00e9dia, de d\u00e9velopper un projet IoT ou simplement de prot\u00e9ger votre Raspberry Pi, Flirc propose des solutions qui allient performance, style et facilit\u00e9 d&#8217;utilisation.<\/p>\t\t\t\t\t\t\t\t<\/div>\n\t\t\t\t\t<\/div>\n\t\t\t\t<\/div>\n\t\t<div class=\"elementor-element elementor-element-879484e e-flex e-con-boxed e-con e-parent\" data-id=\"879484e\" data-element_type=\"container\" data-e-type=\"container\">\r\n\t\t\t\t\t<div class=\"e-con-inner\">\r\n\t\t\t\t<div class=\"elementor-element elementor-element-0cfde1d elementor-widget elementor-widget-heading\" data-id=\"0cfde1d\" data-element_type=\"widget\" data-e-type=\"widget\" data-widget_type=\"heading.default\">\n\t\t\t\t\t<h2 class=\"elementor-heading-title elementor-size-default\">Produkte<\/h2>\t\t\t\t<\/div>\n\t\t\t\t\t<\/div>\n\t\t\t\t<\/div>\n\t\t<div class=\"elementor-element elementor-element-17e98d1 e-flex e-con-boxed e-con e-parent\" data-id=\"17e98d1\" data-element_type=\"container\" data-e-type=\"container\">\r\n\t\t\t\t\t<div class=\"e-con-inner\">\r\n\t\t\t\t<div class=\"elementor-element elementor-element-0fe2825 elementor-widget elementor-widget-heading\" data-id=\"0fe2825\" data-element_type=\"widget\" data-e-type=\"widget\" data-widget_type=\"heading.default\">\n\t\t\t\t\t<h2 class=\"elementor-heading-title elementor-size-default\">Unsere Marken<\/h2>\t\t\t\t<\/div>\n\t\t\t\t<div class=\"elementor-element elementor-element-a8e9696 elementor-pagination-position-outside elementor-widget elementor-widget-image-carousel\" data-id=\"a8e9696\" data-element_type=\"widget\" data-e-type=\"widget\" data-settings=\"{&quot;slides_to_show&quot;:&quot;5&quot;,&quot;slides_to_scroll&quot;:&quot;2&quot;,&quot;navigation&quot;:&quot;dots&quot;,&quot;speed&quot;:2000,&quot;autoplay&quot;:&quot;yes&quot;,&quot;pause_on_hover&quot;:&quot;yes&quot;,&quot;pause_on_interaction&quot;:&quot;yes&quot;,&quot;autoplay_speed&quot;:5000,&quot;infinite&quot;:&quot;yes&quot;}\" data-widget_type=\"image-carousel.default\">\n\t\t\t\t\t\t\t<div class=\"elementor-image-carousel-wrapper swiper\" role=\"region\" aria-roledescription=\"carousel\" aria-label=\"Bild Karussell\" dir=\"ltr\">\n\t\t\t<div class=\"elementor-image-carousel swiper-wrapper\" aria-live=\"off\">\n\t\t\t\t\t\t\t\t<div class=\"swiper-slide\" role=\"group\" aria-roledescription=\"slide\" aria-label=\"1 von 12\"><a data-elementor-open-lightbox=\"yes\" data-elementor-lightbox-slideshow=\"a8e9696\" data-elementor-lightbox-title=\"Logo WaveShare carr\u00e9\" data-e-action-hash=\"#elementor-action%3Aaction%3Dlightbox%26settings%3DeyJpZCI6MjQwNTYsInVybCI6Imh0dHBzOlwvXC9tb25yYXNwYmVycnkuY29tXC93cC1jb250ZW50XC91cGxvYWRzXC8yMDI0XC8wOFwvTG9nby1XYXZlU2hhcmUtY2FycmUucG5nIiwic2xpZGVzaG93IjoiYThlOTY5NiJ9\" href=\"https:\/\/monraspberry.com\/de\/nos-marques\/\" target=\"_blank\"><figure class=\"swiper-slide-inner\"><img decoding=\"async\" class=\"swiper-slide-image\" src=\"https:\/\/monraspberry.com\/wp-content\/uploads\/2024\/08\/Logo-WaveShare-carre-150x150.png\" alt=\"WaveShare\" title=\"\"><figcaption class=\"elementor-image-carousel-caption\">WaveShare<\/figcaption><\/figure><\/a><\/div><div class=\"swiper-slide\" role=\"group\" aria-roledescription=\"slide\" aria-label=\"2 von 12\"><a data-elementor-open-lightbox=\"yes\" data-elementor-lightbox-slideshow=\"a8e9696\" data-elementor-lightbox-title=\"Logo Rii carr\u00e9\" data-e-action-hash=\"#elementor-action%3Aaction%3Dlightbox%26settings%3DeyJpZCI6MjQwNjcsInVybCI6Imh0dHBzOlwvXC9tb25yYXNwYmVycnkuY29tXC93cC1jb250ZW50XC91cGxvYWRzXC8yMDI0XC8wOFwvTG9nby1SaWktY2FycmUucG5nIiwic2xpZGVzaG93IjoiYThlOTY5NiJ9\" href=\"https:\/\/monraspberry.com\/de\/nos-marques\/\" target=\"_blank\"><figure class=\"swiper-slide-inner\"><img decoding=\"async\" class=\"swiper-slide-image\" src=\"https:\/\/monraspberry.com\/wp-content\/uploads\/2024\/08\/Logo-Rii-carre-150x150.png\" alt=\"Rii\" title=\"\"><figcaption class=\"elementor-image-carousel-caption\">Rii<\/figcaption><\/figure><\/a><\/div><div class=\"swiper-slide\" role=\"group\" aria-roledescription=\"slide\" aria-label=\"3 von 12\"><a data-elementor-open-lightbox=\"yes\" data-elementor-lightbox-slideshow=\"a8e9696\" data-elementor-lightbox-title=\"Logo Raspberry Pi carr\u00e9\" data-e-action-hash=\"#elementor-action%3Aaction%3Dlightbox%26settings%3DeyJpZCI6MjQwNjYsInVybCI6Imh0dHBzOlwvXC9tb25yYXNwYmVycnkuY29tXC93cC1jb250ZW50XC91cGxvYWRzXC8yMDI0XC8wOFwvTG9nby1SYXNwYmVycnktUGktY2FycmUucG5nIiwic2xpZGVzaG93IjoiYThlOTY5NiJ9\" href=\"https:\/\/monraspberry.com\/de\/nos-marques\/\" target=\"_blank\"><figure class=\"swiper-slide-inner\"><img decoding=\"async\" class=\"swiper-slide-image\" src=\"https:\/\/monraspberry.com\/wp-content\/uploads\/2024\/08\/Logo-Raspberry-Pi-carre-150x150.png\" alt=\"Raspberry Pi\" title=\"\"><figcaption class=\"elementor-image-carousel-caption\">Raspberry Pi<\/figcaption><\/figure><\/a><\/div><div class=\"swiper-slide\" role=\"group\" aria-roledescription=\"slide\" aria-label=\"4 von 12\"><a data-elementor-open-lightbox=\"yes\" data-elementor-lightbox-slideshow=\"a8e9696\" data-elementor-lightbox-title=\"Logo ARGON40 carr\u00e9\" data-e-action-hash=\"#elementor-action%3Aaction%3Dlightbox%26settings%3DeyJpZCI6MjQwNjUsInVybCI6Imh0dHBzOlwvXC9tb25yYXNwYmVycnkuY29tXC93cC1jb250ZW50XC91cGxvYWRzXC8yMDI0XC8wOFwvTG9nby1BUkdPTjQwLWNhcnJlLnBuZyIsInNsaWRlc2hvdyI6ImE4ZTk2OTYifQ%3D%3D\" href=\"https:\/\/monraspberry.com\/de\/nos-marques\/\" target=\"_blank\"><figure class=\"swiper-slide-inner\"><img decoding=\"async\" class=\"swiper-slide-image\" src=\"https:\/\/monraspberry.com\/wp-content\/uploads\/2024\/08\/Logo-ARGON40-carre-150x150.png\" alt=\"ARGON40\" title=\"\"><figcaption class=\"elementor-image-carousel-caption\">ARGON40<\/figcaption><\/figure><\/a><\/div><div class=\"swiper-slide\" role=\"group\" aria-roledescription=\"slide\" aria-label=\"5 von 12\"><a data-elementor-open-lightbox=\"yes\" data-elementor-lightbox-slideshow=\"a8e9696\" data-elementor-lightbox-title=\"Logo FLIRC carr\u00e9\" data-e-action-hash=\"#elementor-action%3Aaction%3Dlightbox%26settings%3DeyJpZCI6MjQwNjQsInVybCI6Imh0dHBzOlwvXC9tb25yYXNwYmVycnkuY29tXC93cC1jb250ZW50XC91cGxvYWRzXC8yMDI0XC8wOFwvTG9nby1GTElSQy1jYXJyZS5wbmciLCJzbGlkZXNob3ciOiJhOGU5Njk2In0%3D\" href=\"https:\/\/monraspberry.com\/de\/nos-marques\/\" target=\"_blank\"><figure class=\"swiper-slide-inner\"><img decoding=\"async\" class=\"swiper-slide-image\" src=\"https:\/\/monraspberry.com\/wp-content\/uploads\/2024\/08\/Logo-FLIRC-carre-150x150.png\" alt=\"Flirc\" title=\"\"><figcaption class=\"elementor-image-carousel-caption\">Flirc<\/figcaption><\/figure><\/a><\/div><div class=\"swiper-slide\" role=\"group\" aria-roledescription=\"slide\" aria-label=\"6 von 12\"><a data-elementor-open-lightbox=\"yes\" data-elementor-lightbox-slideshow=\"a8e9696\" data-elementor-lightbox-title=\"Logo Meanwell carr\u00e9\" data-e-action-hash=\"#elementor-action%3Aaction%3Dlightbox%26settings%3DeyJpZCI6MjQwNjMsInVybCI6Imh0dHBzOlwvXC9tb25yYXNwYmVycnkuY29tXC93cC1jb250ZW50XC91cGxvYWRzXC8yMDI0XC8wOFwvTG9nby1NZWFud2VsbC1jYXJyZS5wbmciLCJzbGlkZXNob3ciOiJhOGU5Njk2In0%3D\" href=\"https:\/\/monraspberry.com\/de\/nos-marques\/\" target=\"_blank\"><figure class=\"swiper-slide-inner\"><img decoding=\"async\" class=\"swiper-slide-image\" src=\"https:\/\/monraspberry.com\/wp-content\/uploads\/2024\/08\/Logo-Meanwell-carre-150x150.png\" alt=\"Meanwell\" title=\"\"><figcaption class=\"elementor-image-carousel-caption\">Meanwell<\/figcaption><\/figure><\/a><\/div><div class=\"swiper-slide\" role=\"group\" aria-roledescription=\"slide\" aria-label=\"7 von 12\"><a data-elementor-open-lightbox=\"yes\" data-elementor-lightbox-slideshow=\"a8e9696\" data-elementor-lightbox-title=\"Logo PiKVM carr\u00e9\" data-e-action-hash=\"#elementor-action%3Aaction%3Dlightbox%26settings%3DeyJpZCI6MjQwNjIsInVybCI6Imh0dHBzOlwvXC9tb25yYXNwYmVycnkuY29tXC93cC1jb250ZW50XC91cGxvYWRzXC8yMDI0XC8wOFwvTG9nby1QaUtWTS1jYXJyZS5wbmciLCJzbGlkZXNob3ciOiJhOGU5Njk2In0%3D\" href=\"https:\/\/monraspberry.com\/de\/nos-marques\/\" target=\"_blank\"><figure class=\"swiper-slide-inner\"><img decoding=\"async\" class=\"swiper-slide-image\" src=\"https:\/\/monraspberry.com\/wp-content\/uploads\/2024\/08\/Logo-PiKVM-carre-150x150.png\" alt=\"PiKVM\" title=\"\"><figcaption class=\"elementor-image-carousel-caption\">PiKVM<\/figcaption><\/figure><\/a><\/div><div class=\"swiper-slide\" role=\"group\" aria-roledescription=\"slide\" aria-label=\"8 von 12\"><a data-elementor-open-lightbox=\"yes\" data-elementor-lightbox-slideshow=\"a8e9696\" data-elementor-lightbox-title=\"Logo PIMORONI carr\u00e9\" data-e-action-hash=\"#elementor-action%3Aaction%3Dlightbox%26settings%3DeyJpZCI6MjQwNjEsInVybCI6Imh0dHBzOlwvXC9tb25yYXNwYmVycnkuY29tXC93cC1jb250ZW50XC91cGxvYWRzXC8yMDI0XC8wOFwvTG9nby1QSU1PUk9OSS1jYXJyZS5wbmciLCJzbGlkZXNob3ciOiJhOGU5Njk2In0%3D\" href=\"https:\/\/monraspberry.com\/de\/nos-marques\/\" target=\"_blank\"><figure class=\"swiper-slide-inner\"><img decoding=\"async\" class=\"swiper-slide-image\" src=\"https:\/\/monraspberry.com\/wp-content\/uploads\/2024\/08\/Logo-PIMORONI-carre-150x150.png\" alt=\"PIMORONI\" title=\"\"><figcaption class=\"elementor-image-carousel-caption\">PIMORONI<\/figcaption><\/figure><\/a><\/div><div class=\"swiper-slide\" role=\"group\" aria-roledescription=\"slide\" aria-label=\"9 von 12\"><a data-elementor-open-lightbox=\"yes\" data-elementor-lightbox-slideshow=\"a8e9696\" data-elementor-lightbox-title=\"Logo RACKMOUNT.it carr\u00e9\" data-e-action-hash=\"#elementor-action%3Aaction%3Dlightbox%26settings%3DeyJpZCI6MjQwNjAsInVybCI6Imh0dHBzOlwvXC9tb25yYXNwYmVycnkuY29tXC93cC1jb250ZW50XC91cGxvYWRzXC8yMDI0XC8wOFwvTG9nby1SQUNLTU9VTlQuaXQtY2FycmUucG5nIiwic2xpZGVzaG93IjoiYThlOTY5NiJ9\" href=\"https:\/\/monraspberry.com\/de\/nos-marques\/\" target=\"_blank\"><figure class=\"swiper-slide-inner\"><img decoding=\"async\" class=\"swiper-slide-image\" src=\"https:\/\/monraspberry.com\/wp-content\/uploads\/2024\/08\/Logo-RACKMOUNT.it-carre-150x150.png\" alt=\"RACKMOUNT.it\" title=\"\"><figcaption class=\"elementor-image-carousel-caption\">RACKMOUNT.it<\/figcaption><\/figure><\/a><\/div><div class=\"swiper-slide\" role=\"group\" aria-roledescription=\"slide\" aria-label=\"10 von 12\"><a data-elementor-open-lightbox=\"yes\" data-elementor-lightbox-slideshow=\"a8e9696\" data-elementor-lightbox-title=\"Logo Retroflag carr\u00e9\" data-e-action-hash=\"#elementor-action%3Aaction%3Dlightbox%26settings%3DeyJpZCI6MjQwNTksInVybCI6Imh0dHBzOlwvXC9tb25yYXNwYmVycnkuY29tXC93cC1jb250ZW50XC91cGxvYWRzXC8yMDI0XC8wOFwvTG9nby1SZXRyb2ZsYWctY2FycmUucG5nIiwic2xpZGVzaG93IjoiYThlOTY5NiJ9\" href=\"https:\/\/monraspberry.com\/de\/nos-marques\/\" target=\"_blank\"><figure class=\"swiper-slide-inner\"><img decoding=\"async\" class=\"swiper-slide-image\" src=\"https:\/\/monraspberry.com\/wp-content\/uploads\/2024\/08\/Logo-Retroflag-carre-150x150.png\" alt=\"Retroflag\" title=\"\"><figcaption class=\"elementor-image-carousel-caption\">Retroflag<\/figcaption><\/figure><\/a><\/div><div class=\"swiper-slide\" role=\"group\" aria-roledescription=\"slide\" aria-label=\"11 von 12\"><a data-elementor-open-lightbox=\"yes\" data-elementor-lightbox-slideshow=\"a8e9696\" data-elementor-lightbox-title=\"Logo Experimental Pi carr\u00e9\" data-e-action-hash=\"#elementor-action%3Aaction%3Dlightbox%26settings%3DeyJpZCI6MjQwNTgsInVybCI6Imh0dHBzOlwvXC9tb25yYXNwYmVycnkuY29tXC93cC1jb250ZW50XC91cGxvYWRzXC8yMDI0XC8wOFwvTG9nby1FeHBlcmltZW50YWwtUGktY2FycmUucG5nIiwic2xpZGVzaG93IjoiYThlOTY5NiJ9\" href=\"https:\/\/monraspberry.com\/de\/nos-marques\/\" target=\"_blank\"><figure class=\"swiper-slide-inner\"><img decoding=\"async\" class=\"swiper-slide-image\" src=\"https:\/\/monraspberry.com\/wp-content\/uploads\/2024\/08\/Logo-Experimental-Pi-carre-150x150.png\" alt=\"Experimental Pi\" title=\"\"><figcaption class=\"elementor-image-carousel-caption\">Experimental Pi<\/figcaption><\/figure><\/a><\/div><div class=\"swiper-slide\" role=\"group\" aria-roledescription=\"slide\" aria-label=\"12 von 12\"><a data-elementor-open-lightbox=\"yes\" data-elementor-lightbox-slideshow=\"a8e9696\" data-elementor-lightbox-title=\"Logo Sandisk carr\u00e9\" data-e-action-hash=\"#elementor-action%3Aaction%3Dlightbox%26settings%3DeyJpZCI6MjQwNTcsInVybCI6Imh0dHBzOlwvXC9tb25yYXNwYmVycnkuY29tXC93cC1jb250ZW50XC91cGxvYWRzXC8yMDI0XC8wOFwvTG9nby1TYW5kaXNrLWNhcnJlLnBuZyIsInNsaWRlc2hvdyI6ImE4ZTk2OTYifQ%3D%3D\" href=\"https:\/\/monraspberry.com\/de\/nos-marques\/\" target=\"_blank\"><figure class=\"swiper-slide-inner\"><img decoding=\"async\" class=\"swiper-slide-image\" src=\"https:\/\/monraspberry.com\/wp-content\/uploads\/2024\/08\/Logo-Sandisk-carre-150x150.png\" alt=\"SanDisk\" title=\"\"><figcaption class=\"elementor-image-carousel-caption\">SanDisk<\/figcaption><\/figure><\/a><\/div>\t\t\t<\/div>\n\t\t\t\t\t\t\t\n\t\t\t\t\t\t\t\t\t<div class=\"swiper-pagination\"><\/div>\n\t\t\t\t\t\t\t\t\t<\/div>\n\t\t\t\t\t\t<\/div>\n\t\t\t\t\t<\/div>\n\t\t\t\t<\/div>\n\t\t\t\t<\/div>","protected":false},"excerpt":{"rendered":"<p>Introduction Flirc est une marque de r\u00e9f\u00e9rence pour les passionn\u00e9s de Raspberry Pi et de home cin\u00e9ma. Sp\u00e9cialis\u00e9e dans la conception de bo\u00eetiers en aluminium de haute qualit\u00e9, Flirc combine un design \u00e9l\u00e9gant et une fonctionnalit\u00e9 exceptionnelle, offrant \u00e0 la fois une protection robuste et une gestion thermique efficace pour vos projets. Flirc est particuli\u00e8rement [&hellip;]<\/p>\n","protected":false},"author":1,"featured_media":24064,"parent":0,"menu_order":0,"comment_status":"closed","ping_status":"closed","template":"","meta":{"footnotes":""},"class_list":["post-24109","page","type-page","status-publish","has-post-thumbnail","hentry"],"jetpack_sharing_enabled":true,"_links":{"self":[{"href":"https:\/\/monraspberry.com\/de\/wp-json\/wp\/v2\/pages\/24109","targetHints":{"allow":["GET"]}}],"collection":[{"href":"https:\/\/monraspberry.com\/de\/wp-json\/wp\/v2\/pages"}],"about":[{"href":"https:\/\/monraspberry.com\/de\/wp-json\/wp\/v2\/types\/page"}],"author":[{"embeddable":true,"href":"https:\/\/monraspberry.com\/de\/wp-json\/wp\/v2\/users\/1"}],"replies":[{"embeddable":true,"href":"https:\/\/monraspberry.com\/de\/wp-json\/wp\/v2\/comments?post=24109"}],"version-history":[{"count":0,"href":"https:\/\/monraspberry.com\/de\/wp-json\/wp\/v2\/pages\/24109\/revisions"}],"wp:featuredmedia":[{"embeddable":true,"href":"https:\/\/monraspberry.com\/de\/wp-json\/wp\/v2\/media\/24064"}],"wp:attachment":[{"href":"https:\/\/monraspberry.com\/de\/wp-json\/wp\/v2\/media?parent=24109"}],"curies":[{"name":"wp","href":"https:\/\/api.w.org\/{rel}","templated":true}]}}