{"id":22300,"date":"2024-04-09T14:23:37","date_gmt":"2024-04-09T12:23:37","guid":{"rendered":"https:\/\/monraspberry.com\/?page_id=22300"},"modified":"2025-07-28T11:39:16","modified_gmt":"2025-07-28T09:39:16","slug":"lieferungen-und-rucksendungen","status":"publish","type":"page","link":"https:\/\/monraspberry.com\/de\/livraisons-et-retours\/","title":{"rendered":"Lieferungen und R\u00fccksendungen"},"content":{"rendered":"<p>Der Versand Ihres Pakets<\/p>\n\n\n\n<p>Pakete werden in der Regel innerhalb von 24\/48 Stunden nach Zahlungseingang versendet. Die Versandart wird zum Zeitpunkt der Bestellung ausgew\u00e4hlt. Unabh\u00e4ngig von der gew\u00e4hlten Versandart k\u00f6nnen wir Ihnen einen Link zur Verf\u00fcgung stellen, \u00fcber den Sie Ihr Paket online verfolgen k\u00f6nnen. Die Versandkosten umfassen die Bearbeitungs- und Verpackungskosten sowie die Postgeb\u00fchren. Die Bearbeitungsgeb\u00fchren sind fix, w\u00e4hrend die Versandkosten je nach Gesamtgewicht der Sendung variieren. Wir empfehlen Ihnen, Ihre Artikel in einer einzigen Bestellung zusammenzufassen. Wir k\u00f6nnen zwei verschiedene Bestellungen, die Sie getrennt aufgegeben haben, nicht zusammenlegen, und die Versandkosten werden f\u00fcr jede Bestellung berechnet. Ihr Paket wird auf Ihr eigenes Risiko versandt, aber zerbrechliche Gegenst\u00e4nde werden mit besonderer Sorgfalt gesch\u00fctzt. Die Kartons sind gro\u00dfz\u00fcgig bemessen und Ihre Artikel sind gut gesch\u00fctzt.<\/p>\n\n\n\n<p>Bedingungslose Garantie f\u00fcr die R\u00fcckkehr<\/p>\n\n\n\n<p>Wenn die von der Website monraspberry.com gelieferten Ger\u00e4te nicht den technischen Anforderungen des K\u00e4ufers entsprechen, kann er sie innerhalb einer Frist von maximal 14 Tagen ab dem Ausstellungsdatum des Lieferscheins an Envytech zur\u00fcckschicken, nach Ablauf dieser Frist gilt die bedingungslose R\u00fcckgabegarantie nicht mehr. Der K\u00e4ufer muss vorab eine R\u00fccksendegenehmigungsnummer beantragen, die er auf eigene Kosten auf dem zur\u00fcckgesandten Paket vermerken muss. Der K\u00e4ufer muss das Ger\u00e4t unbedingt in seiner Originalverpackung ohne \u00e4u\u00dfere Kennzeichnung zur\u00fccksenden (zusammen mit der Bedienungsanleitung, dem gesamten Zubeh\u00f6r und einer Kopie des Lieferscheins und der erteilten R\u00fccksendegenehmigung). Bei Nichteinhaltung dieser Regel wird ihm ein Betrag in H\u00f6he von 30% des Kaufpreises des Produkts in Rechnung gestellt, zuz\u00fcglich der Reparaturkosten, falls die Ausr\u00fcstung besch\u00e4digt war.<\/p>\n\n\n\n<p>R\u00fccksendungen sind an diese Adresse zu senden:<\/p>\n\n\n\n<p>ENVYTECH<\/p>\n\n\n\n<p>184 route de Rambouillet, 78125 SAINT-HILARION<\/p>\n\n\n\n<p>FRANKREICH<\/p>","protected":false},"excerpt":{"rendered":"<p>L\u2019envoi de votre colis Les colis sont g\u00e9n\u00e9ralement exp\u00e9di\u00e9s sous 24\/48 heures apr\u00e8s r\u00e9ception de votre paiement. Le mode d\u2019exp\u00e9dition est choisi au moment de la commande. Quel que soit le mode d\u2019exp\u00e9dition choisi, nous pourrons vous fournir un lien qui vous permettra de suivre votre colis en ligne. Les frais d\u2019exp\u00e9dition comprennent les frais [&hellip;]<\/p>\n","protected":false},"author":1,"featured_media":0,"parent":0,"menu_order":0,"comment_status":"closed","ping_status":"closed","template":"","meta":{"footnotes":""},"class_list":["post-22300","page","type-page","status-publish","hentry"],"jetpack_sharing_enabled":true,"_links":{"self":[{"href":"https:\/\/monraspberry.com\/de\/wp-json\/wp\/v2\/pages\/22300","targetHints":{"allow":["GET"]}}],"collection":[{"href":"https:\/\/monraspberry.com\/de\/wp-json\/wp\/v2\/pages"}],"about":[{"href":"https:\/\/monraspberry.com\/de\/wp-json\/wp\/v2\/types\/page"}],"author":[{"embeddable":true,"href":"https:\/\/monraspberry.com\/de\/wp-json\/wp\/v2\/users\/1"}],"replies":[{"embeddable":true,"href":"https:\/\/monraspberry.com\/de\/wp-json\/wp\/v2\/comments?post=22300"}],"version-history":[{"count":0,"href":"https:\/\/monraspberry.com\/de\/wp-json\/wp\/v2\/pages\/22300\/revisions"}],"wp:attachment":[{"href":"https:\/\/monraspberry.com\/de\/wp-json\/wp\/v2\/media?parent=22300"}],"curies":[{"name":"wp","href":"https:\/\/api.w.org\/{rel}","templated":true}]}}